{"id":17072,"date":"2025-05-21T15:26:23","date_gmt":"2025-05-21T12:26:23","guid":{"rendered":"https:\/\/ceoparts.com\/?post_type=product&#038;p=17072"},"modified":"2026-05-16T17:47:12","modified_gmt":"2026-05-16T14:47:12","slug":"linde-hidrolik-pompa-takimi-0039810878","status":"publish","type":"product","link":"https:\/\/ceoparts.com\/tr\/urun\/linde-hidrolik-pompa-takimi-0039810878\/","title":{"rendered":"Linde Hidrolik Pompa Tak\u0131m\u0131 &#8211; 0039810878"},"content":{"rendered":"<p>Linde Hidrolik Pompa Tak\u0131m\u0131 &#8211; 0039810878<\/p>","protected":false},"excerpt":{"rendered":"<p data-start=\"183\" data-end=\"516\"><strong data-start=\"183\" data-end=\"227\">Linde Hidrolik Pompa Tak\u0131m\u0131 \u2013 0039810878<\/strong>, Linde forklift ve istif makinelerinde kullan\u0131lan y\u00fcksek performansl\u0131 orijinal hidrolik pompa setidir. G\u00fc\u00e7l\u00fc yap\u0131s\u0131 ile hidrolik sistemin sorunsuz \u00e7al\u0131\u015fmas\u0131n\u0131 sa\u011flar, dayan\u0131kl\u0131l\u0131\u011f\u0131 sayesinde uzun \u00f6m\u00fcrl\u00fc ve g\u00fcvenilirdir. \u0130\u015f makinelerinizin optimum verimlilikle \u00e7al\u0131\u015fmas\u0131na katk\u0131da bulunur.<\/p>\n<p data-start=\"518\" data-end=\"535\"><strong data-start=\"518\" data-end=\"533\">\u00d6zellikler:<\/strong><\/p>\n<ul data-start=\"536\" data-end=\"680\">\n<li data-start=\"536\" data-end=\"565\">\n<p data-start=\"538\" data-end=\"565\"><strong data-start=\"538\" data-end=\"552\">\u00dcr\u00fcn Kodu:<\/strong> 0039810878<\/p>\n<\/li>\n<li data-start=\"566\" data-end=\"618\">\n<p data-start=\"568\" data-end=\"618\"><strong data-start=\"568\" data-end=\"581\">Uygulama:<\/strong> Linde forklift ve istif makineleri<\/p>\n<\/li>\n<li data-start=\"619\" data-end=\"653\">\n<p data-start=\"621\" data-end=\"653\"><strong data-start=\"621\" data-end=\"629\">Tip:<\/strong> Hidrolik pompa tak\u0131m\u0131<\/p>\n<\/li>\n<li data-start=\"654\" data-end=\"680\">\n<p data-start=\"656\" data-end=\"680\"><strong data-start=\"656\" data-end=\"680\">Orijinal yedek par\u00e7a<\/strong><\/p>\n<\/li>\n<\/ul>\n","protected":false},"featured_media":17077,"template":"","meta":[],"product_brand":[],"product_cat":[246,461,523],"product_tag":[],"class_list":{"0":"post-17072","1":"product","2":"type-product","3":"status-publish","4":"has-post-thumbnail","6":"product_cat-linde","7":"product_cat-hidrolik-sistemi","8":"product_cat-yedek-parca-linde","10":"first","11":"instock","12":"taxable","13":"shipping-taxable","14":"purchasable","15":"product-type-simple"},"_links":{"self":[{"href":"https:\/\/ceoparts.com\/tr\/wp-json\/wp\/v2\/product\/17072","targetHints":{"allow":["GET"]}}],"collection":[{"href":"https:\/\/ceoparts.com\/tr\/wp-json\/wp\/v2\/product"}],"about":[{"href":"https:\/\/ceoparts.com\/tr\/wp-json\/wp\/v2\/types\/product"}],"wp:featuredmedia":[{"embeddable":true,"href":"https:\/\/ceoparts.com\/tr\/wp-json\/wp\/v2\/media\/17077"}],"wp:attachment":[{"href":"https:\/\/ceoparts.com\/tr\/wp-json\/wp\/v2\/media?parent=17072"}],"wp:term":[{"taxonomy":"product_brand","embeddable":true,"href":"https:\/\/ceoparts.com\/tr\/wp-json\/wp\/v2\/product_brand?post=17072"},{"taxonomy":"product_cat","embeddable":true,"href":"https:\/\/ceoparts.com\/tr\/wp-json\/wp\/v2\/product_cat?post=17072"},{"taxonomy":"product_tag","embeddable":true,"href":"https:\/\/ceoparts.com\/tr\/wp-json\/wp\/v2\/product_tag?post=17072"}],"curies":[{"name":"wp","href":"https:\/\/api.w.org\/{rel}","templated":true}]}}