{"id":17079,"date":"2025-05-22T11:09:56","date_gmt":"2025-05-22T08:09:56","guid":{"rendered":"https:\/\/ceoparts.com\/?post_type=product&#038;p=17079"},"modified":"2026-05-16T18:58:29","modified_gmt":"2026-05-16T15:58:29","slug":"still-fmx-reduktor-11202601000","status":"publish","type":"product","link":"https:\/\/ceoparts.com\/tr\/urun\/still-fmx-reduktor-11202601000\/","title":{"rendered":"Still FMX Red\u00fckt\u00f6r &#8211; 11202601000"},"content":{"rendered":"<p>Still FMX Red\u00fckt\u00f6r &#8211; 11202601000<\/p>","protected":false},"excerpt":{"rendered":"<p data-start=\"167\" data-end=\"475\"><strong data-start=\"167\" data-end=\"203\">Still FMX Red\u00fckt\u00f6r \u2013 11202601000<\/strong>, Still marka forklift ve istif makinelerinde g\u00fc\u00e7 iletimini sa\u011flayan y\u00fcksek kaliteli orijinal red\u00fckt\u00f6r par\u00e7as\u0131d\u0131r. Y\u00fcksek dayan\u0131kl\u0131l\u0131k ve performans \u00f6zellikleriyle makinelerinizin verimli \u00e7al\u0131\u015fmas\u0131na katk\u0131da bulunur. Zorlu \u00e7al\u0131\u015fma ko\u015fullar\u0131nda uzun \u00f6m\u00fcrl\u00fc kullan\u0131m sa\u011flar.<\/p>\n<p data-start=\"477\" data-end=\"494\"><strong data-start=\"477\" data-end=\"492\">\u00d6zellikler:<\/strong><\/p>\n<ul data-start=\"495\" data-end=\"662\">\n<li data-start=\"495\" data-end=\"525\">\n<p data-start=\"497\" data-end=\"525\"><strong data-start=\"497\" data-end=\"511\">\u00dcr\u00fcn Kodu:<\/strong> 11202601000<\/p>\n<\/li>\n<li data-start=\"526\" data-end=\"582\">\n<p data-start=\"528\" data-end=\"582\"><strong data-start=\"528\" data-end=\"541\">Uygulama:<\/strong> Still FMX forklift ve istif makineleri<\/p>\n<\/li>\n<li data-start=\"583\" data-end=\"635\">\n<p data-start=\"585\" data-end=\"635\"><strong data-start=\"585\" data-end=\"597\">Malzeme:<\/strong> Y\u00fcksek dayan\u0131kl\u0131l\u0131kta metal ala\u015f\u0131m\u0131<\/p>\n<\/li>\n<li data-start=\"636\" data-end=\"662\">\n<p data-start=\"638\" data-end=\"662\"><strong data-start=\"638\" data-end=\"662\">Orijinal yedek par\u00e7a<\/strong><\/p>\n<\/li>\n<\/ul>\n","protected":false},"featured_media":17080,"template":"","meta":[],"product_brand":[],"product_cat":[241,470,524],"product_tag":[],"class_list":{"0":"post-17079","1":"product","2":"type-product","3":"status-publish","4":"has-post-thumbnail","6":"product_cat-still","7":"product_cat-diger-yedek-parcalar","8":"product_cat-yedek-parca-still","10":"first","11":"instock","12":"taxable","13":"shipping-taxable","14":"purchasable","15":"product-type-simple"},"_links":{"self":[{"href":"https:\/\/ceoparts.com\/tr\/wp-json\/wp\/v2\/product\/17079","targetHints":{"allow":["GET"]}}],"collection":[{"href":"https:\/\/ceoparts.com\/tr\/wp-json\/wp\/v2\/product"}],"about":[{"href":"https:\/\/ceoparts.com\/tr\/wp-json\/wp\/v2\/types\/product"}],"wp:featuredmedia":[{"embeddable":true,"href":"https:\/\/ceoparts.com\/tr\/wp-json\/wp\/v2\/media\/17080"}],"wp:attachment":[{"href":"https:\/\/ceoparts.com\/tr\/wp-json\/wp\/v2\/media?parent=17079"}],"wp:term":[{"taxonomy":"product_brand","embeddable":true,"href":"https:\/\/ceoparts.com\/tr\/wp-json\/wp\/v2\/product_brand?post=17079"},{"taxonomy":"product_cat","embeddable":true,"href":"https:\/\/ceoparts.com\/tr\/wp-json\/wp\/v2\/product_cat?post=17079"},{"taxonomy":"product_tag","embeddable":true,"href":"https:\/\/ceoparts.com\/tr\/wp-json\/wp\/v2\/product_tag?post=17079"}],"curies":[{"name":"wp","href":"https:\/\/api.w.org\/{rel}","templated":true}]}}