{"id":17093,"date":"2025-05-22T11:35:00","date_gmt":"2025-05-22T08:35:00","guid":{"rendered":"https:\/\/ceoparts.com\/?post_type=product&#038;p=17093"},"modified":"2026-05-16T20:15:47","modified_gmt":"2026-05-16T17:15:47","slug":"rema-aku-soketi-pimi-160-a","status":"publish","type":"product","link":"https:\/\/ceoparts.com\/tr\/urun\/rema-aku-soketi-pimi-160-a\/","title":{"rendered":"Rema Ak\u00fc Soketi Pimi 160 A"},"content":{"rendered":"<p>Rema Ak\u00fc Soketi Pimi 160 A<\/p>","protected":false},"excerpt":{"rendered":"<p data-start=\"161\" data-end=\"491\"><strong data-start=\"161\" data-end=\"190\">Rema Ak\u00fc Soketi Pimi 160A<\/strong>, end\u00fcstriyel ak\u00fcl\u00fc forklift, transpalet ve istif makinalar\u0131nda kullan\u0131lan Rema marka soket ba\u011flant\u0131lar\u0131 i\u00e7in \u00f6zel \u00fcretilmi\u015f g\u00fc\u00e7 pimi modelidir. Y\u00fcksek ak\u0131m ta\u015f\u0131ma kapasitesi ve sa\u011flam yap\u0131s\u0131 sayesinde g\u00fcvenli ve kesintisiz enerji iletimi sa\u011flar. Zorlu \u00e7al\u0131\u015fma ko\u015fullar\u0131na ve yo\u011fun kullan\u0131ma uygundur.<\/p>\n<p data-start=\"493\" data-end=\"510\"><strong data-start=\"493\" data-end=\"508\">\u00d6zellikler:<\/strong><\/p>\n<ul data-start=\"511\" data-end=\"691\">\n<li data-start=\"511\" data-end=\"540\">\n<p data-start=\"513\" data-end=\"540\"><strong data-start=\"513\" data-end=\"533\">Ak\u0131m Kapasitesi:<\/strong> 160A<\/p>\n<\/li>\n<li data-start=\"541\" data-end=\"616\">\n<p data-start=\"543\" data-end=\"616\"><strong data-start=\"543\" data-end=\"562\">Kullan\u0131m Alan\u0131:<\/strong> Forklift, ak\u00fcl\u00fc istif makinalar\u0131 ve \u015farj sistemleri<\/p>\n<\/li>\n<li data-start=\"617\" data-end=\"655\">\n<p data-start=\"619\" data-end=\"655\"><strong data-start=\"619\" data-end=\"628\">Uyum:<\/strong> Rema marka ak\u00fc soketleri<\/p>\n<\/li>\n<li data-start=\"656\" data-end=\"691\">\n<p data-start=\"658\" data-end=\"691\"><strong data-start=\"658\" data-end=\"691\">Dayan\u0131kl\u0131 ve g\u00fcvenli ba\u011flant\u0131<\/strong><\/p>\n<\/li>\n<\/ul>\n","protected":false},"featured_media":17095,"template":"","meta":[],"product_brand":[],"product_cat":[444],"product_tag":[],"class_list":{"0":"post-17093","1":"product","2":"type-product","3":"status-publish","4":"has-post-thumbnail","6":"product_cat-aku-fisi","8":"first","9":"instock","10":"taxable","11":"shipping-taxable","12":"purchasable","13":"product-type-simple"},"_links":{"self":[{"href":"https:\/\/ceoparts.com\/tr\/wp-json\/wp\/v2\/product\/17093","targetHints":{"allow":["GET"]}}],"collection":[{"href":"https:\/\/ceoparts.com\/tr\/wp-json\/wp\/v2\/product"}],"about":[{"href":"https:\/\/ceoparts.com\/tr\/wp-json\/wp\/v2\/types\/product"}],"wp:featuredmedia":[{"embeddable":true,"href":"https:\/\/ceoparts.com\/tr\/wp-json\/wp\/v2\/media\/17095"}],"wp:attachment":[{"href":"https:\/\/ceoparts.com\/tr\/wp-json\/wp\/v2\/media?parent=17093"}],"wp:term":[{"taxonomy":"product_brand","embeddable":true,"href":"https:\/\/ceoparts.com\/tr\/wp-json\/wp\/v2\/product_brand?post=17093"},{"taxonomy":"product_cat","embeddable":true,"href":"https:\/\/ceoparts.com\/tr\/wp-json\/wp\/v2\/product_cat?post=17093"},{"taxonomy":"product_tag","embeddable":true,"href":"https:\/\/ceoparts.com\/tr\/wp-json\/wp\/v2\/product_tag?post=17093"}],"curies":[{"name":"wp","href":"https:\/\/api.w.org\/{rel}","templated":true}]}}