{"id":17096,"date":"2025-05-22T13:37:15","date_gmt":"2025-05-22T10:37:15","guid":{"rendered":"https:\/\/ceoparts.com\/?post_type=product&#038;p=17096"},"modified":"2026-05-16T21:25:02","modified_gmt":"2026-05-16T18:25:02","slug":"still-ecu-kaldirma-butonu-452049164","status":"publish","type":"product","link":"https:\/\/ceoparts.com\/tr\/urun\/still-ecu-kaldirma-butonu-452049164\/","title":{"rendered":"Still ECU Kald\u0131rma Butonu &#8211; 452049164"},"content":{"rendered":"<p>Still ECU Kald\u0131rma Butonu &#8211; 452049164<\/p>","protected":false},"excerpt":{"rendered":"<p data-start=\"184\" data-end=\"513\"><strong data-start=\"184\" data-end=\"225\">Still ECU Kald\u0131rma Butonu \u2013 452049164<\/strong>, Still marka ECU transpalet ve istif makinelerinde y\u00fck kald\u0131rma fonksiyonunu kontrol etmek i\u00e7in kullan\u0131lan orijinal kumanda butonudur. Ergonomik tasar\u0131m\u0131 ile operat\u00f6r\u00fcn kolay ve g\u00fcvenli kullan\u0131m\u0131n\u0131 sa\u011flar. Dayan\u0131kl\u0131 yap\u0131s\u0131 sayesinde yo\u011fun kullan\u0131ma ve zorlu \u00e7al\u0131\u015fma ko\u015fullar\u0131na uygundur.<\/p>\n<p data-start=\"515\" data-end=\"532\"><strong data-start=\"515\" data-end=\"530\">\u00d6zellikler:<\/strong><\/p>\n<ul data-start=\"533\" data-end=\"687\">\n<li data-start=\"533\" data-end=\"561\">\n<p data-start=\"535\" data-end=\"561\"><strong data-start=\"535\" data-end=\"549\">\u00dcr\u00fcn Kodu:<\/strong> 452049164<\/p>\n<\/li>\n<li data-start=\"562\" data-end=\"616\">\n<p data-start=\"564\" data-end=\"616\"><strong data-start=\"564\" data-end=\"577\">Uygulama:<\/strong> Still ECU transpalet kald\u0131rma butonu<\/p>\n<\/li>\n<li data-start=\"617\" data-end=\"660\">\n<p data-start=\"619\" data-end=\"660\"><strong data-start=\"619\" data-end=\"631\">Malzeme:<\/strong> Dayan\u0131kl\u0131 plastik ve metal<\/p>\n<\/li>\n<li data-start=\"661\" data-end=\"687\">\n<p data-start=\"663\" data-end=\"687\"><strong data-start=\"663\" data-end=\"687\">Orijinal Yedek Par\u00e7a<\/strong><\/p>\n<\/li>\n<\/ul>\n","protected":false},"featured_media":17099,"template":"","meta":[],"product_brand":[],"product_cat":[241,251,454,518,524],"product_tag":[],"class_list":{"0":"post-17096","1":"product","2":"type-product","3":"status-publish","4":"has-post-thumbnail","6":"product_cat-still","7":"product_cat-bt","8":"product_cat-switch-ve-buton","9":"product_cat-yedek-parca-bt","10":"product_cat-yedek-parca-still","12":"first","13":"instock","14":"taxable","15":"shipping-taxable","16":"purchasable","17":"product-type-simple"},"_links":{"self":[{"href":"https:\/\/ceoparts.com\/tr\/wp-json\/wp\/v2\/product\/17096","targetHints":{"allow":["GET"]}}],"collection":[{"href":"https:\/\/ceoparts.com\/tr\/wp-json\/wp\/v2\/product"}],"about":[{"href":"https:\/\/ceoparts.com\/tr\/wp-json\/wp\/v2\/types\/product"}],"wp:featuredmedia":[{"embeddable":true,"href":"https:\/\/ceoparts.com\/tr\/wp-json\/wp\/v2\/media\/17099"}],"wp:attachment":[{"href":"https:\/\/ceoparts.com\/tr\/wp-json\/wp\/v2\/media?parent=17096"}],"wp:term":[{"taxonomy":"product_brand","embeddable":true,"href":"https:\/\/ceoparts.com\/tr\/wp-json\/wp\/v2\/product_brand?post=17096"},{"taxonomy":"product_cat","embeddable":true,"href":"https:\/\/ceoparts.com\/tr\/wp-json\/wp\/v2\/product_cat?post=17096"},{"taxonomy":"product_tag","embeddable":true,"href":"https:\/\/ceoparts.com\/tr\/wp-json\/wp\/v2\/product_tag?post=17096"}],"curies":[{"name":"wp","href":"https:\/\/api.w.org\/{rel}","templated":true}]}}