{"id":17100,"date":"2025-05-22T14:04:37","date_gmt":"2025-05-22T11:04:37","guid":{"rendered":"https:\/\/ceoparts.com\/?post_type=product&#038;p=17100"},"modified":"2026-05-16T14:28:42","modified_gmt":"2026-05-16T11:28:42","slug":"toyota-forklift-finger","status":"publish","type":"product","link":"https:\/\/ceoparts.com\/tr\/urun\/toyota-forklift-finger\/","title":{"rendered":"Toyota Forklift Finger"},"content":{"rendered":"<p>Toyota Forklift Finger<\/p>\n","protected":false},"excerpt":{"rendered":"<p data-start=\"155\" data-end=\"448\"><strong data-start=\"155\" data-end=\"181\">Toyota Forklift Finger<\/strong>, forklift direksiyon ve kontrol sistemlerinde kullan\u0131lan \u00f6nemli bir yedek par\u00e7ad\u0131r. Operat\u00f6r\u00fcn hidrolik ve elektronik kumanda hareketlerini do\u011fru ve h\u0131zl\u0131 \u015fekilde iletmesini sa\u011flar. Dayan\u0131kl\u0131 yap\u0131s\u0131 ve uyumlu tasar\u0131m\u0131yla Toyota forklift modelleriyle tam uyum sa\u011flar.<\/p>\n<p data-start=\"450\" data-end=\"467\"><strong data-start=\"450\" data-end=\"465\">\u00d6zellikler:<\/strong><\/p>\n<ul data-start=\"468\" data-end=\"620\">\n<li data-start=\"468\" data-end=\"534\">\n<p data-start=\"470\" data-end=\"534\"><strong data-start=\"470\" data-end=\"483\">Uygulama:<\/strong> Toyota forklift direksiyon ve kontrol sistemleri<\/p>\n<\/li>\n<li data-start=\"535\" data-end=\"593\">\n<p data-start=\"537\" data-end=\"593\"><strong data-start=\"537\" data-end=\"549\">Malzeme:<\/strong> Y\u00fcksek dayan\u0131ml\u0131 metal ve plastik bile\u015fen<\/p>\n<\/li>\n<li data-start=\"594\" data-end=\"620\">\n<p data-start=\"596\" data-end=\"620\"><strong data-start=\"596\" data-end=\"620\">Orijinal yedek par\u00e7a<\/strong><\/p>\n<\/li>\n<\/ul>\n","protected":false},"featured_media":17105,"template":"","meta":[],"product_brand":[],"product_cat":[469,521,530],"product_tag":[],"class_list":{"0":"post-17100","1":"product","2":"type-product","3":"status-publish","4":"has-post-thumbnail","6":"product_cat-elektrik-ve-sistem-parcalari","7":"product_cat-toyota","8":"product_cat-yedek-parca-toyota","10":"first","11":"instock","12":"taxable","13":"shipping-taxable","14":"purchasable","15":"product-type-simple"},"_links":{"self":[{"href":"https:\/\/ceoparts.com\/tr\/wp-json\/wp\/v2\/product\/17100","targetHints":{"allow":["GET"]}}],"collection":[{"href":"https:\/\/ceoparts.com\/tr\/wp-json\/wp\/v2\/product"}],"about":[{"href":"https:\/\/ceoparts.com\/tr\/wp-json\/wp\/v2\/types\/product"}],"wp:featuredmedia":[{"embeddable":true,"href":"https:\/\/ceoparts.com\/tr\/wp-json\/wp\/v2\/media\/17105"}],"wp:attachment":[{"href":"https:\/\/ceoparts.com\/tr\/wp-json\/wp\/v2\/media?parent=17100"}],"wp:term":[{"taxonomy":"product_brand","embeddable":true,"href":"https:\/\/ceoparts.com\/tr\/wp-json\/wp\/v2\/product_brand?post=17100"},{"taxonomy":"product_cat","embeddable":true,"href":"https:\/\/ceoparts.com\/tr\/wp-json\/wp\/v2\/product_cat?post=17100"},{"taxonomy":"product_tag","embeddable":true,"href":"https:\/\/ceoparts.com\/tr\/wp-json\/wp\/v2\/product_tag?post=17100"}],"curies":[{"name":"wp","href":"https:\/\/api.w.org\/{rel}","templated":true}]}}