{"id":17106,"date":"2025-05-22T14:18:39","date_gmt":"2025-05-22T11:18:39","guid":{"rendered":"https:\/\/ceoparts.com\/?post_type=product&#038;p=17106"},"modified":"2026-05-16T20:33:12","modified_gmt":"2026-05-16T17:33:12","slug":"310x102-40-wicke-vulkollan-yuk-tekeri-8365302","status":"publish","type":"product","link":"https:\/\/ceoparts.com\/tr\/urun\/310x102-40-wicke-vulkollan-yuk-tekeri-8365302\/","title":{"rendered":"310&#215;102-40 Wicke Vulkollan Y\u00fck Tekeri &#8211; 8365302"},"content":{"rendered":"<p>310&#215;102-40 Wicke Vulkollan Y\u00fck Tekeri &#8211; 8365302<\/p>","protected":false},"excerpt":{"rendered":"<p data-start=\"205\" data-end=\"530\"><strong data-start=\"205\" data-end=\"256\">310&#215;102-40 Wicke Vulkollan Y\u00fck Tekeri \u2013 8365302<\/strong>, forklift ve istif makinelerinde a\u011f\u0131r y\u00fck ta\u015f\u0131mak i\u00e7in \u00f6zel olarak \u00fcretilmi\u015f y\u00fcksek dayan\u0131ml\u0131 y\u00fck tekeridir. Vulkollan kaplamas\u0131 sayesinde a\u015f\u0131nmaya, darbeye ve y\u00fcke kar\u015f\u0131 maksimum diren\u00e7 g\u00f6sterir. Zemin dostu yap\u0131s\u0131 ile iz b\u0131rakmadan \u00e7al\u0131\u015f\u0131r ve uzun \u00f6m\u00fcrl\u00fc kullan\u0131m sa\u011flar.<\/p>\n<p data-start=\"532\" data-end=\"549\"><strong data-start=\"532\" data-end=\"547\">\u00d6zellikler:<\/strong><\/p>\n<ul data-start=\"550\" data-end=\"725\">\n<li data-start=\"550\" data-end=\"576\">\n<p data-start=\"552\" data-end=\"576\"><strong data-start=\"552\" data-end=\"566\">\u00dcr\u00fcn Kodu:<\/strong> 8365302<\/p>\n<\/li>\n<li data-start=\"577\" data-end=\"604\">\n<p data-start=\"579\" data-end=\"604\"><strong data-start=\"579\" data-end=\"588\">\u00d6l\u00e7\u00fc:<\/strong> 310&#215;102-40 mm<\/p>\n<\/li>\n<li data-start=\"605\" data-end=\"631\">\n<p data-start=\"607\" data-end=\"631\"><strong data-start=\"607\" data-end=\"619\">Malzeme:<\/strong> Vulkollan<\/p>\n<\/li>\n<li data-start=\"632\" data-end=\"684\">\n<p data-start=\"634\" data-end=\"684\"><strong data-start=\"634\" data-end=\"653\">Kullan\u0131m Alan\u0131:<\/strong> Forklift ve istif makinalar\u0131<\/p>\n<\/li>\n<li data-start=\"685\" data-end=\"725\">\n<p data-start=\"687\" data-end=\"725\"><strong data-start=\"687\" data-end=\"725\">A\u015f\u0131nmaya ve Y\u00fck Ta\u015f\u0131maya Dayan\u0131kl\u0131<\/strong><\/p>\n<\/li>\n<\/ul>\n","protected":false},"featured_media":17111,"template":"","meta":[],"product_brand":[],"product_cat":[405,194],"product_tag":[],"class_list":{"0":"post-17106","1":"product","2":"type-product","3":"status-publish","4":"has-post-thumbnail","6":"product_cat-yuk-tekeri-wicke","7":"product_cat-yuk-tekeri","9":"first","10":"instock","11":"taxable","12":"shipping-taxable","13":"purchasable","14":"product-type-simple"},"_links":{"self":[{"href":"https:\/\/ceoparts.com\/tr\/wp-json\/wp\/v2\/product\/17106","targetHints":{"allow":["GET"]}}],"collection":[{"href":"https:\/\/ceoparts.com\/tr\/wp-json\/wp\/v2\/product"}],"about":[{"href":"https:\/\/ceoparts.com\/tr\/wp-json\/wp\/v2\/types\/product"}],"wp:featuredmedia":[{"embeddable":true,"href":"https:\/\/ceoparts.com\/tr\/wp-json\/wp\/v2\/media\/17111"}],"wp:attachment":[{"href":"https:\/\/ceoparts.com\/tr\/wp-json\/wp\/v2\/media?parent=17106"}],"wp:term":[{"taxonomy":"product_brand","embeddable":true,"href":"https:\/\/ceoparts.com\/tr\/wp-json\/wp\/v2\/product_brand?post=17106"},{"taxonomy":"product_cat","embeddable":true,"href":"https:\/\/ceoparts.com\/tr\/wp-json\/wp\/v2\/product_cat?post=17106"},{"taxonomy":"product_tag","embeddable":true,"href":"https:\/\/ceoparts.com\/tr\/wp-json\/wp\/v2\/product_tag?post=17106"}],"curies":[{"name":"wp","href":"https:\/\/api.w.org\/{rel}","templated":true}]}}