{"id":17112,"date":"2025-05-22T15:11:29","date_gmt":"2025-05-22T12:11:29","guid":{"rendered":"https:\/\/ceoparts.com\/?post_type=product&#038;p=17112"},"modified":"2026-05-16T18:25:21","modified_gmt":"2026-05-16T15:25:21","slug":"linde-mt15-yuruyus-tekeri-0009934025","status":"publish","type":"product","link":"https:\/\/ceoparts.com\/tr\/urun\/linde-mt15-yuruyus-tekeri-0009934025\/","title":{"rendered":"Linde MT15 Y\u00fcr\u00fcy\u00fc\u015f Tekeri &#8211; 0009934025"},"content":{"rendered":"<p>Linde MT15 Y\u00fcr\u00fcy\u00fc\u015f Tekeri &#8211; 0009934025<\/p>","protected":false},"excerpt":{"rendered":"<p data-start=\"186\" data-end=\"522\"><strong data-start=\"186\" data-end=\"228\">Linde MT15 Y\u00fcr\u00fcy\u00fc\u015f Tekeri \u2013 0009934025<\/strong>, Linde MT15 model elektrikli transpaletlerde kullan\u0131lan orijinal y\u00fcr\u00fcy\u00fc\u015f tekeridir. A\u015f\u0131nmaya dayan\u0131kl\u0131 yap\u0131s\u0131 ve kaliteli malzemesiyle uzun \u00f6m\u00fcrl\u00fc kullan\u0131m sa\u011flar. Forklift ve transpaletlerin zeminle temas\u0131n\u0131 kusursuz hale getirir, y\u00fcksek ta\u015f\u0131ma kapasitesi ve sessiz \u00e7al\u0131\u015fma performans\u0131 sunar.<\/p>\n<p data-start=\"524\" data-end=\"541\"><strong data-start=\"524\" data-end=\"539\">\u00d6zellikler:<\/strong><\/p>\n<ul data-start=\"542\" data-end=\"707\">\n<li data-start=\"542\" data-end=\"571\">\n<p data-start=\"544\" data-end=\"571\"><strong data-start=\"544\" data-end=\"558\">\u00dcr\u00fcn Kodu:<\/strong> 0009934025<\/p>\n<\/li>\n<li data-start=\"572\" data-end=\"626\">\n<p data-start=\"574\" data-end=\"626\"><strong data-start=\"574\" data-end=\"587\">Uygulama:<\/strong> Linde MT15 transpalet y\u00fcr\u00fcy\u00fc\u015f tekeri<\/p>\n<\/li>\n<li data-start=\"627\" data-end=\"673\">\n<p data-start=\"629\" data-end=\"673\"><strong data-start=\"629\" data-end=\"641\">Malzeme:<\/strong> A\u015f\u0131nmaya dayan\u0131kl\u0131 poli\u00fcretan<\/p>\n<\/li>\n<li data-start=\"674\" data-end=\"707\">\n<p data-start=\"676\" data-end=\"707\"><strong data-start=\"676\" data-end=\"707\">Dayan\u0131kl\u0131 ve Sessiz \u00c7al\u0131\u015fma<\/strong><\/p>\n<\/li>\n<\/ul>\n","protected":false},"featured_media":17117,"template":"","meta":[],"product_brand":[],"product_cat":[246,249,193],"product_tag":[],"class_list":{"0":"post-17112","1":"product","2":"type-product","3":"status-publish","4":"has-post-thumbnail","6":"product_cat-linde","7":"product_cat-yuruyus-tekeri-linde","8":"product_cat-yuruyus-tekeri","10":"first","11":"instock","12":"taxable","13":"shipping-taxable","14":"purchasable","15":"product-type-simple"},"_links":{"self":[{"href":"https:\/\/ceoparts.com\/tr\/wp-json\/wp\/v2\/product\/17112","targetHints":{"allow":["GET"]}}],"collection":[{"href":"https:\/\/ceoparts.com\/tr\/wp-json\/wp\/v2\/product"}],"about":[{"href":"https:\/\/ceoparts.com\/tr\/wp-json\/wp\/v2\/types\/product"}],"wp:featuredmedia":[{"embeddable":true,"href":"https:\/\/ceoparts.com\/tr\/wp-json\/wp\/v2\/media\/17117"}],"wp:attachment":[{"href":"https:\/\/ceoparts.com\/tr\/wp-json\/wp\/v2\/media?parent=17112"}],"wp:term":[{"taxonomy":"product_brand","embeddable":true,"href":"https:\/\/ceoparts.com\/tr\/wp-json\/wp\/v2\/product_brand?post=17112"},{"taxonomy":"product_cat","embeddable":true,"href":"https:\/\/ceoparts.com\/tr\/wp-json\/wp\/v2\/product_cat?post=17112"},{"taxonomy":"product_tag","embeddable":true,"href":"https:\/\/ceoparts.com\/tr\/wp-json\/wp\/v2\/product_tag?post=17112"}],"curies":[{"name":"wp","href":"https:\/\/api.w.org\/{rel}","templated":true}]}}