{"id":17126,"date":"2025-05-22T16:15:15","date_gmt":"2025-05-22T13:15:15","guid":{"rendered":"https:\/\/ceoparts.com\/?post_type=product&#038;p=17126"},"modified":"2026-05-16T12:10:44","modified_gmt":"2026-05-16T09:10:44","slug":"bt-rre160-hidrolik-hortum-jaki","status":"publish","type":"product","link":"https:\/\/ceoparts.com\/tr\/urun\/bt-rre160-hidrolik-hortum-jaki\/","title":{"rendered":"BT RRE160 Hidrolik Hortum Jak\u0131"},"content":{"rendered":"<p>BT RRE160 Hidrolik Hortum Jak\u0131<\/p>","protected":false},"excerpt":{"rendered":"<p data-start=\"205\" data-end=\"537\">BT RRE160 model forklift ve ekipmanlar\u0131 i\u00e7in \u00f6zel \u00fcretilmi\u015f Hidrolik Hortum Jak\u0131, sisteminizde g\u00fcvenli ve s\u0131zd\u0131rmaz ba\u011flant\u0131lar sa\u011flar. Dayan\u0131kl\u0131 malzemesi ve y\u00fcksek bas\u0131nca dayan\u0131kl\u0131 yap\u0131s\u0131yla uzun \u00f6m\u00fcrl\u00fc kullan\u0131m sunar. Hidrolik devrelerde h\u0131zl\u0131 ve pratik montaj avantaj\u0131 sunarak i\u015f verimlili\u011finizi art\u0131r\u0131r.<\/p>\n<p data-start=\"539\" data-end=\"566\"><strong data-start=\"539\" data-end=\"564\">\u00d6ne \u00c7\u0131kan \u00d6zellikler:<\/strong><\/p>\n<ul data-start=\"567\" data-end=\"720\">\n<li data-start=\"567\" data-end=\"593\">\n<p data-start=\"569\" data-end=\"593\">BT RRE160 model uyumlu<\/p>\n<\/li>\n<li data-start=\"594\" data-end=\"627\">\n<p data-start=\"596\" data-end=\"627\">Y\u00fcksek bas\u0131nca dayan\u0131kl\u0131 yap\u0131<\/p>\n<\/li>\n<li data-start=\"628\" data-end=\"661\">\n<p data-start=\"630\" data-end=\"661\">S\u0131zd\u0131rmaz ve g\u00fcvenli ba\u011flant\u0131<\/p>\n<\/li>\n<li data-start=\"662\" data-end=\"687\">\n<p data-start=\"664\" data-end=\"687\">Dayan\u0131kl\u0131 metal g\u00f6vde<\/p>\n<\/li>\n<li data-start=\"688\" data-end=\"720\">\n<p data-start=\"690\" data-end=\"720\">Kolay montaj ve s\u00f6kme imkan\u0131<\/p>\n<\/li>\n<\/ul>\n","protected":false},"featured_media":17129,"template":"","meta":[],"product_brand":[],"product_cat":[251,461,518],"product_tag":[],"class_list":{"0":"post-17126","1":"product","2":"type-product","3":"status-publish","4":"has-post-thumbnail","6":"product_cat-bt","7":"product_cat-hidrolik-sistemi","8":"product_cat-yedek-parca-bt","10":"first","11":"instock","12":"taxable","13":"shipping-taxable","14":"purchasable","15":"product-type-simple"},"_links":{"self":[{"href":"https:\/\/ceoparts.com\/tr\/wp-json\/wp\/v2\/product\/17126","targetHints":{"allow":["GET"]}}],"collection":[{"href":"https:\/\/ceoparts.com\/tr\/wp-json\/wp\/v2\/product"}],"about":[{"href":"https:\/\/ceoparts.com\/tr\/wp-json\/wp\/v2\/types\/product"}],"wp:featuredmedia":[{"embeddable":true,"href":"https:\/\/ceoparts.com\/tr\/wp-json\/wp\/v2\/media\/17129"}],"wp:attachment":[{"href":"https:\/\/ceoparts.com\/tr\/wp-json\/wp\/v2\/media?parent=17126"}],"wp:term":[{"taxonomy":"product_brand","embeddable":true,"href":"https:\/\/ceoparts.com\/tr\/wp-json\/wp\/v2\/product_brand?post=17126"},{"taxonomy":"product_cat","embeddable":true,"href":"https:\/\/ceoparts.com\/tr\/wp-json\/wp\/v2\/product_cat?post=17126"},{"taxonomy":"product_tag","embeddable":true,"href":"https:\/\/ceoparts.com\/tr\/wp-json\/wp\/v2\/product_tag?post=17126"}],"curies":[{"name":"wp","href":"https:\/\/api.w.org\/{rel}","templated":true}]}}