{"id":17136,"date":"2025-05-22T17:50:41","date_gmt":"2025-05-22T14:50:41","guid":{"rendered":"https:\/\/ceoparts.com\/?post_type=product&#038;p=17136"},"modified":"2026-05-16T10:45:32","modified_gmt":"2026-05-16T07:45:32","slug":"bt-lpe-gri-buton-171666","status":"publish","type":"product","link":"https:\/\/ceoparts.com\/tr\/urun\/bt-lpe-gri-buton-171666\/","title":{"rendered":"BT-LPE \u0130ndirme \/ Kald\u0131rma Butonu &#8211; 171666"},"content":{"rendered":"<p>BT-LPE \u0130ndirme \/ Kald\u0131rma Butonu &#8211; 171666<\/p>","protected":false},"excerpt":{"rendered":"<p data-start=\"54\" data-end=\"504\"><strong data-start=\"54\" data-end=\"97\">BT-LPE indirme \/ kald\u0131rma butonu 171666<\/strong>, elektrikli transpalet ve depo ekipmanlar\u0131nda \u00e7atallar\u0131n kald\u0131rma ve indirme hareketlerini kontrol etmek i\u00e7in kullan\u0131lan bir kumanda bile\u015fenidir. Operat\u00f6r\u00fcn hidrolik kald\u0131rma sistemini hassas ve g\u00fcvenli \u015fekilde y\u00f6netmesine yard\u0131mc\u0131 olur. Ergonomik yap\u0131s\u0131 sayesinde kullan\u0131m kolayl\u0131\u011f\u0131 sa\u011flarken dayan\u0131kl\u0131 i\u00e7 kontak yap\u0131s\u0131 ile yo\u011fun end\u00fcstriyel \u00e7al\u0131\u015fma ko\u015fullar\u0131nda uzun \u00f6m\u00fcrl\u00fc ve g\u00fcvenilir performans sunar.<\/p>\n<p data-start=\"506\" data-end=\"773\"><strong data-start=\"506\" data-end=\"521\">\u00d6zellikler:<\/strong><br data-start=\"521\" data-end=\"524\" \/>\u00dcr\u00fcn Ad\u0131: BT-LPE \u0130ndirme \/ Kald\u0131rma Butonu<br data-start=\"566\" data-end=\"569\" \/>Par\u00e7a Kodu: 171666<br data-start=\"587\" data-end=\"590\" \/>Tip: Kald\u0131rma ve indirme kontrol butonu<br data-start=\"629\" data-end=\"632\" \/>Kullan\u0131m Alan\u0131: Elektrikli transpalet ve depo ekipmanlar\u0131 kumanda sistemi<br data-start=\"705\" data-end=\"708\" \/>Avantaj: Hassas kontrol, ergonomik kullan\u0131m ve uzun servis \u00f6mr\u00fc<\/p>\n","protected":false},"featured_media":17141,"template":"","meta":[],"product_brand":[],"product_cat":[251,454,518,521,530],"product_tag":[],"class_list":{"0":"post-17136","1":"product","2":"type-product","3":"status-publish","4":"has-post-thumbnail","6":"product_cat-bt","7":"product_cat-switch-ve-buton","8":"product_cat-yedek-parca-bt","9":"product_cat-toyota","10":"product_cat-yedek-parca-toyota","12":"first","13":"instock","14":"taxable","15":"shipping-taxable","16":"purchasable","17":"product-type-simple"},"_links":{"self":[{"href":"https:\/\/ceoparts.com\/tr\/wp-json\/wp\/v2\/product\/17136","targetHints":{"allow":["GET"]}}],"collection":[{"href":"https:\/\/ceoparts.com\/tr\/wp-json\/wp\/v2\/product"}],"about":[{"href":"https:\/\/ceoparts.com\/tr\/wp-json\/wp\/v2\/types\/product"}],"wp:featuredmedia":[{"embeddable":true,"href":"https:\/\/ceoparts.com\/tr\/wp-json\/wp\/v2\/media\/17141"}],"wp:attachment":[{"href":"https:\/\/ceoparts.com\/tr\/wp-json\/wp\/v2\/media?parent=17136"}],"wp:term":[{"taxonomy":"product_brand","embeddable":true,"href":"https:\/\/ceoparts.com\/tr\/wp-json\/wp\/v2\/product_brand?post=17136"},{"taxonomy":"product_cat","embeddable":true,"href":"https:\/\/ceoparts.com\/tr\/wp-json\/wp\/v2\/product_cat?post=17136"},{"taxonomy":"product_tag","embeddable":true,"href":"https:\/\/ceoparts.com\/tr\/wp-json\/wp\/v2\/product_tag?post=17136"}],"curies":[{"name":"wp","href":"https:\/\/api.w.org\/{rel}","templated":true}]}}