{"id":17143,"date":"2025-05-23T10:52:04","date_gmt":"2025-05-23T07:52:04","guid":{"rendered":"https:\/\/ceoparts.com\/?post_type=product&#038;p=17143"},"modified":"2026-05-16T14:40:13","modified_gmt":"2026-05-16T11:40:13","slug":"bt-indirme-kaldirma-butonu-7578514","status":"publish","type":"product","link":"https:\/\/ceoparts.com\/tr\/urun\/bt-indirme-kaldirma-butonu-7578514\/","title":{"rendered":"BT \u0130ndirme Kald\u0131rma Butonu -7578514"},"content":{"rendered":"<p>BT \u0130ndirme Kald\u0131rma Butonu -7578514<\/p>","protected":false},"excerpt":{"rendered":"<p data-start=\"232\" data-end=\"563\">BT \u0130ndirme Kald\u0131rma Butonu \u2013 7578514, y\u00fck indirme ve kald\u0131rma i\u015flemlerinde maksimum kontrol ve g\u00fcvenlik sa\u011flar. Dayan\u0131kl\u0131 yap\u0131s\u0131 ve ergonomik tasar\u0131m\u0131 sayesinde end\u00fcstriyel sistemlerde kolay kullan\u0131m sunar. Y\u00fcksek kaliteli malzeme ve hassas kontrol mekanizmas\u0131yla uzun \u00f6m\u00fcrl\u00fc ve g\u00fcvenilir performans vadeder.<\/p>\n<p data-start=\"565\" data-end=\"592\"><strong data-start=\"565\" data-end=\"590\">\u00d6ne \u00c7\u0131kan \u00d6zellikler:<\/strong><\/p>\n<ul data-start=\"593\" data-end=\"736\">\n<li data-start=\"593\" data-end=\"616\">\n<p data-start=\"595\" data-end=\"616\">Y\u00fcksek dayan\u0131kl\u0131l\u0131k<\/p>\n<\/li>\n<li data-start=\"617\" data-end=\"649\">\n<p data-start=\"619\" data-end=\"649\">Ergonomik ve kompakt tasar\u0131m<\/p>\n<\/li>\n<li data-start=\"650\" data-end=\"675\">\n<p data-start=\"652\" data-end=\"675\">Hassas kontrol imkan\u0131<\/p>\n<\/li>\n<li data-start=\"676\" data-end=\"704\">\n<p data-start=\"678\" data-end=\"704\">Kolay montaj ve kullan\u0131m<\/p>\n<\/li>\n<li data-start=\"705\" data-end=\"736\">\n<p data-start=\"707\" data-end=\"736\">Orijinal \u00fcr\u00fcn kodu: 7578514<\/p>\n<\/li>\n<\/ul>\n","protected":false},"featured_media":17145,"template":"","meta":[],"product_brand":[],"product_cat":[251,454,518],"product_tag":[],"class_list":{"0":"post-17143","1":"product","2":"type-product","3":"status-publish","4":"has-post-thumbnail","6":"product_cat-bt","7":"product_cat-switch-ve-buton","8":"product_cat-yedek-parca-bt","10":"first","11":"instock","12":"taxable","13":"shipping-taxable","14":"purchasable","15":"product-type-simple"},"_links":{"self":[{"href":"https:\/\/ceoparts.com\/tr\/wp-json\/wp\/v2\/product\/17143","targetHints":{"allow":["GET"]}}],"collection":[{"href":"https:\/\/ceoparts.com\/tr\/wp-json\/wp\/v2\/product"}],"about":[{"href":"https:\/\/ceoparts.com\/tr\/wp-json\/wp\/v2\/types\/product"}],"wp:featuredmedia":[{"embeddable":true,"href":"https:\/\/ceoparts.com\/tr\/wp-json\/wp\/v2\/media\/17145"}],"wp:attachment":[{"href":"https:\/\/ceoparts.com\/tr\/wp-json\/wp\/v2\/media?parent=17143"}],"wp:term":[{"taxonomy":"product_brand","embeddable":true,"href":"https:\/\/ceoparts.com\/tr\/wp-json\/wp\/v2\/product_brand?post=17143"},{"taxonomy":"product_cat","embeddable":true,"href":"https:\/\/ceoparts.com\/tr\/wp-json\/wp\/v2\/product_cat?post=17143"},{"taxonomy":"product_tag","embeddable":true,"href":"https:\/\/ceoparts.com\/tr\/wp-json\/wp\/v2\/product_tag?post=17143"}],"curies":[{"name":"wp","href":"https:\/\/api.w.org\/{rel}","templated":true}]}}