{"id":17160,"date":"2025-05-23T13:25:01","date_gmt":"2025-05-23T10:25:01","guid":{"rendered":"https:\/\/ceoparts.com\/?post_type=product&#038;p=17160"},"modified":"2026-05-16T17:12:36","modified_gmt":"2026-05-16T14:12:36","slug":"fren-manyetigi-jungheinrich-51468808","status":"publish","type":"product","link":"https:\/\/ceoparts.com\/tr\/urun\/fren-manyetigi-jungheinrich-51468808\/","title":{"rendered":"Fren Manyeti\u011fi Jungheinrich &#8211; 51468808"},"content":{"rendered":"<p>Fren Manyeti\u011fi Jungheinrich &#8211; 51468808<\/p>","protected":false},"excerpt":{"rendered":"<p data-start=\"185\" data-end=\"491\"><strong data-start=\"185\" data-end=\"227\">Fren Manyeti\u011fi Jungheinrich \u2013 51468808<\/strong>, forkliftlerin fren sistemlerinde kullan\u0131lan kritik bir manyetik par\u00e7ad\u0131r. Frenlerin do\u011fru ve g\u00fcvenilir \u015fekilde \u00e7al\u0131\u015fmas\u0131n\u0131 sa\u011flar. Y\u00fcksek kalite malzemelerden \u00fcretilmi\u015f olup, Jungheinrich orijinal yedek par\u00e7as\u0131d\u0131r. \u0130\u015f g\u00fcvenli\u011fi ve performans i\u00e7in ideal \u00e7\u00f6z\u00fcmd\u00fcr.<\/p>\n<p data-start=\"493\" data-end=\"510\"><strong data-start=\"493\" data-end=\"508\">\u00d6zellikler:<\/strong><\/p>\n<ul data-start=\"511\" data-end=\"690\">\n<li data-start=\"511\" data-end=\"538\">\n<p data-start=\"513\" data-end=\"538\"><strong data-start=\"513\" data-end=\"527\">\u00dcr\u00fcn Kodu:<\/strong> 51468808<\/p>\n<\/li>\n<li data-start=\"539\" data-end=\"594\">\n<p data-start=\"541\" data-end=\"594\"><strong data-start=\"541\" data-end=\"554\">Uygulama:<\/strong> Jungheinrich forklift fren sistemleri<\/p>\n<\/li>\n<li data-start=\"595\" data-end=\"650\">\n<p data-start=\"597\" data-end=\"650\"><strong data-start=\"597\" data-end=\"609\">Malzeme:<\/strong> Y\u00fcksek dayan\u0131kl\u0131l\u0131kta manyetik malzeme<\/p>\n<\/li>\n<li data-start=\"651\" data-end=\"690\">\n<p data-start=\"653\" data-end=\"690\"><strong data-start=\"653\" data-end=\"690\">Dayan\u0131kl\u0131 ve G\u00fcvenilir Performans<\/strong><\/p>\n<\/li>\n<\/ul>\n","protected":false},"featured_media":17163,"template":"","meta":[],"product_brand":[],"product_cat":[236,449,522],"product_tag":[],"class_list":{"0":"post-17160","1":"product","2":"type-product","3":"status-publish","4":"has-post-thumbnail","6":"product_cat-jungheinrich","7":"product_cat-fren-sistem-parcalari","8":"product_cat-yedek-parca-jungheinrich","10":"first","11":"instock","12":"taxable","13":"shipping-taxable","14":"purchasable","15":"product-type-simple"},"_links":{"self":[{"href":"https:\/\/ceoparts.com\/tr\/wp-json\/wp\/v2\/product\/17160","targetHints":{"allow":["GET"]}}],"collection":[{"href":"https:\/\/ceoparts.com\/tr\/wp-json\/wp\/v2\/product"}],"about":[{"href":"https:\/\/ceoparts.com\/tr\/wp-json\/wp\/v2\/types\/product"}],"wp:featuredmedia":[{"embeddable":true,"href":"https:\/\/ceoparts.com\/tr\/wp-json\/wp\/v2\/media\/17163"}],"wp:attachment":[{"href":"https:\/\/ceoparts.com\/tr\/wp-json\/wp\/v2\/media?parent=17160"}],"wp:term":[{"taxonomy":"product_brand","embeddable":true,"href":"https:\/\/ceoparts.com\/tr\/wp-json\/wp\/v2\/product_brand?post=17160"},{"taxonomy":"product_cat","embeddable":true,"href":"https:\/\/ceoparts.com\/tr\/wp-json\/wp\/v2\/product_cat?post=17160"},{"taxonomy":"product_tag","embeddable":true,"href":"https:\/\/ceoparts.com\/tr\/wp-json\/wp\/v2\/product_tag?post=17160"}],"curies":[{"name":"wp","href":"https:\/\/api.w.org\/{rel}","templated":true}]}}