{"id":17168,"date":"2025-05-23T13:54:35","date_gmt":"2025-05-23T10:54:35","guid":{"rendered":"https:\/\/ceoparts.com\/?post_type=product&#038;p=17168"},"modified":"2026-05-16T15:15:22","modified_gmt":"2026-05-16T12:15:22","slug":"1196x28x40-toyota-mast-rulmani-61236f203071","status":"publish","type":"product","link":"https:\/\/ceoparts.com\/tr\/urun\/1196x28x40-toyota-mast-rulmani-61236f203071\/","title":{"rendered":"119,6x28x40 Toyota Mast Rulman\u0131 &#8211; 61236F203071"},"content":{"rendered":"<p>119,6x28x40 Toyota Mast Rulman\u0131 &#8211; 61236F203071<\/p>","protected":false},"excerpt":{"rendered":"<p data-start=\"201\" data-end=\"499\"><strong data-start=\"201\" data-end=\"251\">119,6x28x40 Toyota Mast Rulman\u0131 \u2013 61236F203071<\/strong>, Toyota forkliftlerin mast mekanizmas\u0131nda kullan\u0131lan y\u00fcksek kaliteli rulmand\u0131r. Mast hareketlerinin d\u00fczg\u00fcn, sessiz ve verimli ger\u00e7ekle\u015fmesini sa\u011flar. Dayan\u0131kl\u0131 yap\u0131s\u0131 ve hassas \u00fcretimi ile forklift performans\u0131n\u0131 art\u0131r\u0131r ve ekipman\u0131n \u00f6mr\u00fcn\u00fc uzat\u0131r.<\/p>\n<p data-start=\"501\" data-end=\"518\"><strong data-start=\"501\" data-end=\"516\">\u00d6zellikler:<\/strong><\/p>\n<ul data-start=\"519\" data-end=\"714\">\n<li data-start=\"519\" data-end=\"560\">\n<p data-start=\"521\" data-end=\"560\"><strong data-start=\"521\" data-end=\"533\">Ebatlar:<\/strong> 119,6 mm x 28 mm x 40 mm<\/p>\n<\/li>\n<li data-start=\"561\" data-end=\"592\">\n<p data-start=\"563\" data-end=\"592\"><strong data-start=\"563\" data-end=\"577\">\u00dcr\u00fcn Kodu:<\/strong> 61236F203071<\/p>\n<\/li>\n<li data-start=\"593\" data-end=\"639\">\n<p data-start=\"595\" data-end=\"639\"><strong data-start=\"595\" data-end=\"608\">Uygulama:<\/strong> Toyota forklift mast rulman\u0131<\/p>\n<\/li>\n<li data-start=\"640\" data-end=\"678\">\n<p data-start=\"642\" data-end=\"678\"><strong data-start=\"642\" data-end=\"654\">Malzeme:<\/strong> Y\u00fcksek kaliteli \u00e7elik<\/p>\n<\/li>\n<li data-start=\"679\" data-end=\"714\">\n<p data-start=\"681\" data-end=\"714\"><strong data-start=\"681\" data-end=\"712\">Dayan\u0131kl\u0131 ve Hassas Tasar\u0131m<\/strong><\/p>\n<\/li>\n<\/ul>\n<p>&nbsp;<\/p>\n<p>32-8FGF30, 32-8FGF35, 62-8FD30, 62-8FD35, 62-8FDF30, 62-8FDF35, 7FD25, 7FG25<\/p>\n","protected":false},"featured_media":17172,"template":"","meta":[],"product_brand":[],"product_cat":[460,521,530],"product_tag":[],"class_list":{"0":"post-17168","1":"product","2":"type-product","3":"status-publish","4":"has-post-thumbnail","6":"product_cat-yuk-ve-mekanizma-rulmanlari","7":"product_cat-toyota","8":"product_cat-yedek-parca-toyota","10":"first","11":"instock","12":"taxable","13":"shipping-taxable","14":"purchasable","15":"product-type-simple"},"_links":{"self":[{"href":"https:\/\/ceoparts.com\/tr\/wp-json\/wp\/v2\/product\/17168","targetHints":{"allow":["GET"]}}],"collection":[{"href":"https:\/\/ceoparts.com\/tr\/wp-json\/wp\/v2\/product"}],"about":[{"href":"https:\/\/ceoparts.com\/tr\/wp-json\/wp\/v2\/types\/product"}],"wp:featuredmedia":[{"embeddable":true,"href":"https:\/\/ceoparts.com\/tr\/wp-json\/wp\/v2\/media\/17172"}],"wp:attachment":[{"href":"https:\/\/ceoparts.com\/tr\/wp-json\/wp\/v2\/media?parent=17168"}],"wp:term":[{"taxonomy":"product_brand","embeddable":true,"href":"https:\/\/ceoparts.com\/tr\/wp-json\/wp\/v2\/product_brand?post=17168"},{"taxonomy":"product_cat","embeddable":true,"href":"https:\/\/ceoparts.com\/tr\/wp-json\/wp\/v2\/product_cat?post=17168"},{"taxonomy":"product_tag","embeddable":true,"href":"https:\/\/ceoparts.com\/tr\/wp-json\/wp\/v2\/product_tag?post=17168"}],"curies":[{"name":"wp","href":"https:\/\/api.w.org\/{rel}","templated":true}]}}