{"id":17173,"date":"2025-05-23T14:29:04","date_gmt":"2025-05-23T11:29:04","guid":{"rendered":"https:\/\/ceoparts.com\/?post_type=product&#038;p=17173"},"modified":"2026-05-16T16:18:21","modified_gmt":"2026-05-16T13:18:21","slug":"bt-indirme-sembolu-171585-003","status":"publish","type":"product","link":"https:\/\/ceoparts.com\/tr\/urun\/bt-indirme-sembolu-171585-003\/","title":{"rendered":"BT \u0130ndirme Sembol\u00fc &#8211; 171585-003"},"content":{"rendered":"<p>BT \u0130ndirme Sembol\u00fc &#8211; 171585-003<\/p>","protected":false},"excerpt":{"rendered":"<p data-start=\"261\" data-end=\"608\"><strong data-start=\"261\" data-end=\"296\">BT \u0130ndirme Sembol\u00fc \u2013 171585-003<\/strong>, forklift ve di\u011fer kald\u0131rma ekipmanlar\u0131nda y\u00fck indirme i\u015flemleri s\u0131ras\u0131nda i\u015f g\u00fcvenli\u011fini sa\u011flamak ve operat\u00f6r bilgilendirmesi yapmak amac\u0131yla kullan\u0131lan kaliteli ve dayan\u0131kl\u0131 bir uyar\u0131 sembol\u00fcd\u00fcr. Dayan\u0131kl\u0131 malzeme yap\u0131s\u0131yla uzun \u00f6m\u00fcrl\u00fc kullan\u0131m sunar. \u0130\u015f sahalar\u0131nda d\u00fczen ve g\u00fcvenli\u011fi art\u0131rmak i\u00e7in idealdir.<\/p>\n<p data-start=\"610\" data-end=\"625\"><strong data-start=\"610\" data-end=\"625\">\u00d6zellikler:<\/strong><\/p>\n<ul data-start=\"626\" data-end=\"848\">\n<li data-start=\"626\" data-end=\"655\">\n<p data-start=\"628\" data-end=\"655\"><strong data-start=\"628\" data-end=\"642\">\u00dcr\u00fcn Kodu:<\/strong> 171585-003<\/p>\n<\/li>\n<li data-start=\"656\" data-end=\"701\">\n<p data-start=\"658\" data-end=\"701\"><strong data-start=\"658\" data-end=\"670\">Malzeme:<\/strong> Dayan\u0131kl\u0131 plastik veya metal<\/p>\n<\/li>\n<li data-start=\"702\" data-end=\"757\">\n<p data-start=\"704\" data-end=\"757\"><strong data-start=\"704\" data-end=\"723\">Kullan\u0131m Alan\u0131:<\/strong> Forklift ve kald\u0131rma sistemleri<\/p>\n<\/li>\n<li data-start=\"758\" data-end=\"813\">\n<p data-start=\"760\" data-end=\"813\"><strong data-start=\"760\" data-end=\"780\">Uyumlu Modeller:<\/strong> Belirli BT destekli ekipmanlar<\/p>\n<\/li>\n<li data-start=\"814\" data-end=\"848\">\n<p data-start=\"816\" data-end=\"848\"><strong data-start=\"816\" data-end=\"846\">Kolay Montaj &amp; Uzun \u00d6m\u00fcrl\u00fc<\/strong><\/p>\n<\/li>\n<\/ul>\n","protected":false},"featured_media":17175,"template":"","meta":[],"product_brand":[],"product_cat":[251,454,518],"product_tag":[],"class_list":{"0":"post-17173","1":"product","2":"type-product","3":"status-publish","4":"has-post-thumbnail","6":"product_cat-bt","7":"product_cat-switch-ve-buton","8":"product_cat-yedek-parca-bt","10":"first","11":"instock","12":"taxable","13":"shipping-taxable","14":"purchasable","15":"product-type-simple"},"_links":{"self":[{"href":"https:\/\/ceoparts.com\/tr\/wp-json\/wp\/v2\/product\/17173","targetHints":{"allow":["GET"]}}],"collection":[{"href":"https:\/\/ceoparts.com\/tr\/wp-json\/wp\/v2\/product"}],"about":[{"href":"https:\/\/ceoparts.com\/tr\/wp-json\/wp\/v2\/types\/product"}],"wp:featuredmedia":[{"embeddable":true,"href":"https:\/\/ceoparts.com\/tr\/wp-json\/wp\/v2\/media\/17175"}],"wp:attachment":[{"href":"https:\/\/ceoparts.com\/tr\/wp-json\/wp\/v2\/media?parent=17173"}],"wp:term":[{"taxonomy":"product_brand","embeddable":true,"href":"https:\/\/ceoparts.com\/tr\/wp-json\/wp\/v2\/product_brand?post=17173"},{"taxonomy":"product_cat","embeddable":true,"href":"https:\/\/ceoparts.com\/tr\/wp-json\/wp\/v2\/product_cat?post=17173"},{"taxonomy":"product_tag","embeddable":true,"href":"https:\/\/ceoparts.com\/tr\/wp-json\/wp\/v2\/product_tag?post=17173"}],"curies":[{"name":"wp","href":"https:\/\/api.w.org\/{rel}","templated":true}]}}