{"id":17234,"date":"2025-06-27T15:22:17","date_gmt":"2025-06-27T12:22:17","guid":{"rendered":"https:\/\/ceoparts.com\/?post_type=product&#038;p=17234"},"modified":"2026-05-16T15:09:16","modified_gmt":"2026-05-16T12:09:16","slug":"343x140-80-7b-stellana-vulkollan-havsali-yuruyus-tekeri-582029863","status":"publish","type":"product","link":"https:\/\/ceoparts.com\/tr\/urun\/343x140-80-7b-stellana-vulkollan-havsali-yuruyus-tekeri-582029863\/","title":{"rendered":"343&#215;140-80 7B Stellana Vulkollan Y\u00fcr\u00fcy\u00fc\u015f Tekeri &#8211; 582029863"},"content":{"rendered":"<p>343&#215;140-80 7B Stellana Vulkollan Y\u00fcr\u00fcy\u00fc\u015f Tekeri &#8211; 582029863<\/p>\n<p>1643642 HYSTER Yale 582029863<\/p>\n<p>Yale : MR14 &#8211; MR16 &#8211; MR16HD &#8211; MR16N &#8211; MR20<br \/>\nMR20HD &#8211; MR25<br \/>\n(D849)<\/p>","protected":false},"excerpt":{"rendered":"<p data-start=\"165\" data-end=\"473\">343&#215;140-80 7B Stellana Vulkollan Hav\u015fal\u0131 Y\u00fcr\u00fcy\u00fc\u015f Tekeri, y\u00fcksek a\u015f\u0131nma direncine sahip, dayan\u0131kl\u0131 ve sessiz \u00e7al\u0131\u015fma sa\u011flayan \u00f6zel vulkollan malzemeden \u00fcretilmi\u015ftir. Hav\u015fal\u0131 yap\u0131s\u0131 ile uyumlu montaj ve sa\u011flam ba\u011flant\u0131 imkan\u0131 sunar. \u00d6zellikle forklift ve end\u00fcstriyel ara\u00e7larda y\u00fcr\u00fcy\u00fc\u015f tekeri olarak kullan\u0131l\u0131r.<\/p>\n<p data-start=\"475\" data-end=\"774\"><strong data-start=\"475\" data-end=\"490\">\u00d6zellikler:<\/strong><br data-start=\"490\" data-end=\"493\" \/><strong data-start=\"493\" data-end=\"506\">\u00dcr\u00fcn Ad\u0131:<\/strong> 343&#215;140-80 7B Stellana Vulkollan Hav\u015fal\u0131 Y\u00fcr\u00fcy\u00fc\u015f Tekeri<br data-start=\"562\" data-end=\"565\" \/><strong data-start=\"565\" data-end=\"580\">Par\u00e7a Kodu:<\/strong> 582029863<br data-start=\"590\" data-end=\"593\" \/><strong data-start=\"593\" data-end=\"605\">Malzeme:<\/strong> Vulkollan (poli\u00fcretan bazl\u0131)<br data-start=\"634\" data-end=\"637\" \/><strong data-start=\"637\" data-end=\"656\">Kullan\u0131m Alan\u0131:<\/strong> Forklift y\u00fcr\u00fcy\u00fc\u015f tekeri, end\u00fcstriyel ta\u015f\u0131ma ara\u00e7lar\u0131<br data-start=\"709\" data-end=\"712\" \/><strong data-start=\"712\" data-end=\"724\">Avantaj:<\/strong> Y\u00fcksek dayan\u0131kl\u0131l\u0131k, sessiz \u00e7al\u0131\u015fma, kolay montaj<\/p>\n","protected":false},"featured_media":17239,"template":"","meta":[],"product_brand":[],"product_cat":[416,418,256,260,193],"product_tag":[],"class_list":{"0":"post-17234","1":"product","2":"type-product","3":"status-publish","4":"has-post-thumbnail","6":"product_cat-stellana","7":"product_cat-yuruyus-tekeri-stellana","8":"product_cat-hyster","9":"product_cat-yuruyus-tekeri-hyster","10":"product_cat-yuruyus-tekeri","12":"first","13":"instock","14":"taxable","15":"shipping-taxable","16":"purchasable","17":"product-type-simple"},"_links":{"self":[{"href":"https:\/\/ceoparts.com\/tr\/wp-json\/wp\/v2\/product\/17234","targetHints":{"allow":["GET"]}}],"collection":[{"href":"https:\/\/ceoparts.com\/tr\/wp-json\/wp\/v2\/product"}],"about":[{"href":"https:\/\/ceoparts.com\/tr\/wp-json\/wp\/v2\/types\/product"}],"wp:featuredmedia":[{"embeddable":true,"href":"https:\/\/ceoparts.com\/tr\/wp-json\/wp\/v2\/media\/17239"}],"wp:attachment":[{"href":"https:\/\/ceoparts.com\/tr\/wp-json\/wp\/v2\/media?parent=17234"}],"wp:term":[{"taxonomy":"product_brand","embeddable":true,"href":"https:\/\/ceoparts.com\/tr\/wp-json\/wp\/v2\/product_brand?post=17234"},{"taxonomy":"product_cat","embeddable":true,"href":"https:\/\/ceoparts.com\/tr\/wp-json\/wp\/v2\/product_cat?post=17234"},{"taxonomy":"product_tag","embeddable":true,"href":"https:\/\/ceoparts.com\/tr\/wp-json\/wp\/v2\/product_tag?post=17234"}],"curies":[{"name":"wp","href":"https:\/\/api.w.org\/{rel}","templated":true}]}}