{"id":17292,"date":"2025-06-28T09:00:12","date_gmt":"2025-06-28T06:00:12","guid":{"rendered":"https:\/\/ceoparts.com\/?post_type=product&#038;p=17292"},"modified":"2026-05-16T11:59:08","modified_gmt":"2026-05-16T08:59:08","slug":"linde-t16-denge-mekanizmasi-rulmani-11524511901","status":"publish","type":"product","link":"https:\/\/ceoparts.com\/tr\/urun\/linde-t16-denge-mekanizmasi-rulmani-11524511901\/","title":{"rendered":"Linde T16 Denge Mekanizmas\u0131 Rulman\u0131 &#8211; 11524511901"},"content":{"rendered":"<p>Linde T16 Denge Mekanizmas\u0131 Rulman\u0131 &#8211; 11524511901<\/p>\n<p>Linde<\/p>\n<p>&nbsp;<\/p>\n<table border=\"0\" width=\"315\" cellspacing=\"0\" cellpadding=\"0\">\n<colgroup>\n<col width=\"315\" \/><\/colgroup>\n<tbody>\n<tr>\n<td width=\"315\" height=\"20\"><span style=\"font-family: Calibri;\">linde-1152-T16-T18-T20-T16L<\/span><\/td>\n<\/tr>\n<tr>\n<td height=\"20\"><span style=\"font-family: Calibri;\">linde-1151-T16-T16P-T20-T20P-2011<\/span><\/td>\n<\/tr>\n<\/tbody>\n<\/table>","protected":false},"excerpt":{"rendered":"<p data-start=\"142\" data-end=\"409\">Linde T16 Denge Mekanizmas\u0131 Rulman\u0131, forkliftlerde denge ve hareket kontrol\u00fcn\u00fc sa\u011flamak amac\u0131yla kullan\u0131lan dayan\u0131kl\u0131 ve uzun \u00f6m\u00fcrl\u00fc bir rulmand\u0131r. Y\u00fcksek kaliteli malzemesi sayesinde titre\u015fim ve a\u015f\u0131nmaya kar\u015f\u0131 diren\u00e7lidir. \u00d6zellikle Linde T16 modelleriyle uyumludur.<\/p>\n<p data-start=\"411\" data-end=\"691\"><strong data-start=\"411\" data-end=\"426\">\u00d6zellikler:<\/strong><br data-start=\"426\" data-end=\"429\" \/><strong data-start=\"429\" data-end=\"442\">\u00dcr\u00fcn Ad\u0131:<\/strong> Linde T16 Denge Mekanizmas\u0131 Rulman\u0131<br data-start=\"478\" data-end=\"481\" \/><strong data-start=\"481\" data-end=\"496\">Par\u00e7a Kodu:<\/strong> 11524511901<br data-start=\"508\" data-end=\"511\" \/><strong data-start=\"511\" data-end=\"523\">Malzeme:<\/strong> Y\u00fcksek mukavemetli \u00e7elik ve rulman bile\u015fenleri<br data-start=\"570\" data-end=\"573\" \/><strong data-start=\"573\" data-end=\"592\">Kullan\u0131m Alan\u0131:<\/strong> Forklift denge ve hareket sistemleri<br data-start=\"629\" data-end=\"632\" \/><strong data-start=\"632\" data-end=\"644\">Avantaj:<\/strong> Uzun \u00f6m\u00fcr, y\u00fcksek dayan\u0131kl\u0131l\u0131k, d\u00fc\u015f\u00fck s\u00fcrt\u00fcnme<\/p>\n","protected":false},"featured_media":17293,"template":"","meta":[],"product_brand":[],"product_cat":[246,458,523],"product_tag":[],"class_list":{"0":"post-17292","1":"product","2":"type-product","3":"status-publish","4":"has-post-thumbnail","6":"product_cat-linde","7":"product_cat-denge-teker-rulmanlari","8":"product_cat-yedek-parca-linde","10":"first","11":"instock","12":"taxable","13":"shipping-taxable","14":"purchasable","15":"product-type-simple"},"_links":{"self":[{"href":"https:\/\/ceoparts.com\/tr\/wp-json\/wp\/v2\/product\/17292","targetHints":{"allow":["GET"]}}],"collection":[{"href":"https:\/\/ceoparts.com\/tr\/wp-json\/wp\/v2\/product"}],"about":[{"href":"https:\/\/ceoparts.com\/tr\/wp-json\/wp\/v2\/types\/product"}],"wp:featuredmedia":[{"embeddable":true,"href":"https:\/\/ceoparts.com\/tr\/wp-json\/wp\/v2\/media\/17293"}],"wp:attachment":[{"href":"https:\/\/ceoparts.com\/tr\/wp-json\/wp\/v2\/media?parent=17292"}],"wp:term":[{"taxonomy":"product_brand","embeddable":true,"href":"https:\/\/ceoparts.com\/tr\/wp-json\/wp\/v2\/product_brand?post=17292"},{"taxonomy":"product_cat","embeddable":true,"href":"https:\/\/ceoparts.com\/tr\/wp-json\/wp\/v2\/product_cat?post=17292"},{"taxonomy":"product_tag","embeddable":true,"href":"https:\/\/ceoparts.com\/tr\/wp-json\/wp\/v2\/product_tag?post=17292"}],"curies":[{"name":"wp","href":"https:\/\/api.w.org\/{rel}","templated":true}]}}