{"id":17298,"date":"2025-06-28T09:34:19","date_gmt":"2025-06-28T06:34:19","guid":{"rendered":"https:\/\/ceoparts.com\/?post_type=product&#038;p=17298"},"modified":"2026-05-16T18:33:40","modified_gmt":"2026-05-16T15:33:40","slug":"hyster-catal-mekanizmasi-tekerleksiz-1590873","status":"publish","type":"product","link":"https:\/\/ceoparts.com\/tr\/urun\/hyster-catal-mekanizmasi-tekerleksiz-1590873\/","title":{"rendered":"Hyster \u00c7atal Mekanizmas\u0131 (Tekerleksiz) &#8211; 1590873"},"content":{"rendered":"<p>Hyster \u00c7atal Mekanizmas\u0131 (Tekerleksiz) &#8211; 1590873<\/p>","protected":false},"excerpt":{"rendered":"<p data-start=\"128\" data-end=\"390\">Hyster \u00c7atal Mekanizmas\u0131 (Tekerleksiz), forkliftlerde y\u00fck ta\u015f\u0131ma ve kald\u0131rma i\u015flemlerini g\u00fcvenli ve dengeli \u015fekilde ger\u00e7ekle\u015ftiren sa\u011flam bir ba\u011flant\u0131 ekipman\u0131d\u0131r. Dayan\u0131kl\u0131 malzemesi ve tekerleksiz tasar\u0131m\u0131yla, Hyster forklift modelleri i\u00e7in ideal bir \u00e7\u00f6z\u00fcmd\u00fcr.<\/p>\n<p data-start=\"392\" data-end=\"650\"><strong data-start=\"392\" data-end=\"407\">\u00d6zellikler:<\/strong><br data-start=\"407\" data-end=\"410\" \/><strong data-start=\"410\" data-end=\"423\">\u00dcr\u00fcn Ad\u0131:<\/strong> Hyster \u00c7atal Mekanizmas\u0131 (Tekerleksiz)<br data-start=\"462\" data-end=\"465\" \/><strong data-start=\"465\" data-end=\"480\">Par\u00e7a Kodu:<\/strong> 1590873<br data-start=\"488\" data-end=\"491\" \/><strong data-start=\"491\" data-end=\"503\">Malzeme:<\/strong> Y\u00fcksek mukavemetli \u00e7elik<br data-start=\"528\" data-end=\"531\" \/><strong data-start=\"531\" data-end=\"550\">Kullan\u0131m Alan\u0131:<\/strong> Forklift \u00e7atal ve kald\u0131rma sistemleri<br data-start=\"588\" data-end=\"591\" \/><strong data-start=\"591\" data-end=\"603\">Avantaj:<\/strong> Dayan\u0131kl\u0131 yap\u0131, kolay montaj, g\u00fcvenli kullan\u0131m<\/p>\n","protected":false},"featured_media":17302,"template":"","meta":[],"product_brand":[],"product_cat":[256,406],"product_tag":[],"class_list":{"0":"post-17298","1":"product","2":"type-product","3":"status-publish","4":"has-post-thumbnail","6":"product_cat-hyster","7":"product_cat-catal-mekanizma","9":"first","10":"instock","11":"taxable","12":"shipping-taxable","13":"purchasable","14":"product-type-simple"},"_links":{"self":[{"href":"https:\/\/ceoparts.com\/tr\/wp-json\/wp\/v2\/product\/17298","targetHints":{"allow":["GET"]}}],"collection":[{"href":"https:\/\/ceoparts.com\/tr\/wp-json\/wp\/v2\/product"}],"about":[{"href":"https:\/\/ceoparts.com\/tr\/wp-json\/wp\/v2\/types\/product"}],"wp:featuredmedia":[{"embeddable":true,"href":"https:\/\/ceoparts.com\/tr\/wp-json\/wp\/v2\/media\/17302"}],"wp:attachment":[{"href":"https:\/\/ceoparts.com\/tr\/wp-json\/wp\/v2\/media?parent=17298"}],"wp:term":[{"taxonomy":"product_brand","embeddable":true,"href":"https:\/\/ceoparts.com\/tr\/wp-json\/wp\/v2\/product_brand?post=17298"},{"taxonomy":"product_cat","embeddable":true,"href":"https:\/\/ceoparts.com\/tr\/wp-json\/wp\/v2\/product_cat?post=17298"},{"taxonomy":"product_tag","embeddable":true,"href":"https:\/\/ceoparts.com\/tr\/wp-json\/wp\/v2\/product_tag?post=17298"}],"curies":[{"name":"wp","href":"https:\/\/api.w.org\/{rel}","templated":true}]}}