{"id":17303,"date":"2025-06-28T09:49:43","date_gmt":"2025-06-28T06:49:43","guid":{"rendered":"https:\/\/ceoparts.com\/?post_type=product&#038;p=17303"},"modified":"2026-05-16T19:00:08","modified_gmt":"2026-05-16T16:00:08","slug":"linde-kafa-karti-t-serisi-1311158-3095404006","status":"publish","type":"product","link":"https:\/\/ceoparts.com\/tr\/urun\/linde-kafa-karti-t-serisi-1311158-3095404006\/","title":{"rendered":"Linde Kafa Kart\u0131 T Serisi &#8211; 1311158, 3095404006"},"content":{"rendered":"<p>Linde Kafa Kart\u0131 T Serisi &#8211; 1311158, 3095404006<\/p>","protected":false},"excerpt":{"rendered":"<p data-start=\"148\" data-end=\"412\">Linde Kafa Kart\u0131 T Serisi, forkliftlerde motor ve elektronik kontrol sistemlerinin d\u00fczg\u00fcn \u00e7al\u0131\u015fmas\u0131n\u0131 sa\u011flayan y\u00fcksek kaliteli bir kontrol kart\u0131d\u0131r. Dayan\u0131kl\u0131 yap\u0131s\u0131 ve uzun \u00f6m\u00fcrl\u00fc performans\u0131yla \u00f6zellikle T Serisi Linde forklift modelleri i\u00e7in ideal bir \u00e7\u00f6z\u00fcmd\u00fcr.<\/p>\n<p data-start=\"414\" data-end=\"692\"><strong data-start=\"414\" data-end=\"429\">\u00d6zellikler:<\/strong><br data-start=\"429\" data-end=\"432\" \/><strong data-start=\"432\" data-end=\"445\">\u00dcr\u00fcn Ad\u0131:<\/strong> Linde Kafa Kart\u0131 T Serisi<br data-start=\"471\" data-end=\"474\" \/><strong data-start=\"474\" data-end=\"489\">Par\u00e7a Kodu:<\/strong> 1311158, 3095404006<br data-start=\"509\" data-end=\"512\" \/><strong data-start=\"512\" data-end=\"524\">Malzeme:<\/strong> Y\u00fcksek kaliteli elektronik devre ve ba\u011flant\u0131 bile\u015fenleri<br data-start=\"581\" data-end=\"584\" \/><strong data-start=\"584\" data-end=\"603\">Kullan\u0131m Alan\u0131:<\/strong> Forklift kontrol sistemleri<br data-start=\"631\" data-end=\"634\" \/><strong data-start=\"634\" data-end=\"646\">Avantaj:<\/strong> Uzun \u00f6m\u00fcrl\u00fc, kararl\u0131 performans, kolay montaj<\/p>\n","protected":false},"featured_media":17308,"template":"","meta":[],"product_brand":[],"product_cat":[246,431,523],"product_tag":[],"class_list":{"0":"post-17303","1":"product","2":"type-product","3":"status-publish","4":"has-post-thumbnail","6":"product_cat-linde","7":"product_cat-ekranlar-ve-kartlar","8":"product_cat-yedek-parca-linde","10":"first","11":"instock","12":"taxable","13":"shipping-taxable","14":"purchasable","15":"product-type-simple"},"_links":{"self":[{"href":"https:\/\/ceoparts.com\/tr\/wp-json\/wp\/v2\/product\/17303","targetHints":{"allow":["GET"]}}],"collection":[{"href":"https:\/\/ceoparts.com\/tr\/wp-json\/wp\/v2\/product"}],"about":[{"href":"https:\/\/ceoparts.com\/tr\/wp-json\/wp\/v2\/types\/product"}],"wp:featuredmedia":[{"embeddable":true,"href":"https:\/\/ceoparts.com\/tr\/wp-json\/wp\/v2\/media\/17308"}],"wp:attachment":[{"href":"https:\/\/ceoparts.com\/tr\/wp-json\/wp\/v2\/media?parent=17303"}],"wp:term":[{"taxonomy":"product_brand","embeddable":true,"href":"https:\/\/ceoparts.com\/tr\/wp-json\/wp\/v2\/product_brand?post=17303"},{"taxonomy":"product_cat","embeddable":true,"href":"https:\/\/ceoparts.com\/tr\/wp-json\/wp\/v2\/product_cat?post=17303"},{"taxonomy":"product_tag","embeddable":true,"href":"https:\/\/ceoparts.com\/tr\/wp-json\/wp\/v2\/product_tag?post=17303"}],"curies":[{"name":"wp","href":"https:\/\/api.w.org\/{rel}","templated":true}]}}