{"id":17310,"date":"2025-06-28T09:58:46","date_gmt":"2025-06-28T06:58:46","guid":{"rendered":"https:\/\/ceoparts.com\/?post_type=product&#038;p=17310"},"modified":"2026-05-16T12:45:58","modified_gmt":"2026-05-16T09:45:58","slug":"linde-still-t16-wicke-denge-mekanizmasi-11524505505","status":"publish","type":"product","link":"https:\/\/ceoparts.com\/tr\/urun\/linde-still-t16-wicke-denge-mekanizmasi-11524505505\/","title":{"rendered":"Linde\/ Still T16 Wicke Denge Mekanizmas\u0131 &#8211; 11524505505"},"content":{"rendered":"<p>Linde\/ Still T16 Wicke Denge Mekanizmas\u0131 &#8211; 11524505505<\/p>\n<p>Linde Still 4401515, 11524505527, 11524505506, 11524505505<\/p>\n<p>T16 (1151) 07\/2011<br \/>\nT16 (1152) 11\/2008<br \/>\nT16P (1151) 07\/2011<br \/>\nT18 (1152) 11\/2008<br \/>\nT20 (1151) 07\/2011<br \/>\nT20 (1152) 11\/2008<br \/>\nT20P (1151) 07\/2011<\/p>","protected":false},"excerpt":{"rendered":"<p data-start=\"0\" data-end=\"224\">Linde \/ Still T16 Denge Mekanizmas\u0131, forkliftlerde kullan\u0131lan tekerlekli denge mekanizmas\u0131d\u0131r. Y\u00fck\u00fcn dengede tutulmas\u0131n\u0131 sa\u011flar ve forkliftin stabilitesini art\u0131r\u0131r. Dayan\u0131kl\u0131 malzemeden \u00fcretilmi\u015f olup uzun \u00f6m\u00fcrl\u00fcd\u00fcr.<\/p>\n<p data-start=\"226\" data-end=\"481\"><strong data-start=\"226\" data-end=\"241\">\u00d6zellikler:<\/strong><br data-start=\"241\" data-end=\"244\" \/><strong data-start=\"244\" data-end=\"257\">\u00dcr\u00fcn Ad\u0131:<\/strong> Linde \/ Still T16 Wicke Denge Mekanizmas\u0131<br data-start=\"293\" data-end=\"296\" \/><strong data-start=\"296\" data-end=\"311\">Par\u00e7a Kodu:<\/strong> 11524505505<br data-start=\"323\" data-end=\"326\" \/><strong data-start=\"326\" data-end=\"338\">Malzeme:<\/strong> Dayan\u0131kl\u0131 metal ala\u015f\u0131m<br data-start=\"361\" data-end=\"364\" \/><strong data-start=\"364\" data-end=\"383\">Kullan\u0131m Alan\u0131:<\/strong> Forklift denge mekanizmas\u0131 (tekerlekli)<br data-start=\"423\" data-end=\"426\" \/><strong data-start=\"426\" data-end=\"438\">Avantaj:<\/strong> Y\u00fck stabilitesi, dayan\u0131kl\u0131l\u0131k, uzun \u00f6m\u00fcr<\/p>\n<p data-start=\"483\" data-end=\"703\">\n","protected":false},"featured_media":17316,"template":"","meta":[],"product_brand":[],"product_cat":[246,247,401,420,423,424,425,532,241,242],"product_tag":[],"class_list":{"0":"post-17310","1":"product","2":"type-product","3":"status-publish","4":"has-post-thumbnail","6":"product_cat-linde","7":"product_cat-denge-tekeri-linde","8":"product_cat-wicke","9":"product_cat-denge-mekanizmalar","10":"product_cat-still-denge-mekanizma","11":"product_cat-wicke-denge-mekanizma","12":"product_cat-linde-denge-mekanizma","13":"product_cat-mekanizmalar-wicke","14":"product_cat-still","15":"product_cat-denge-tekeri-still","17":"first","18":"instock","19":"taxable","20":"shipping-taxable","21":"purchasable","22":"product-type-simple"},"_links":{"self":[{"href":"https:\/\/ceoparts.com\/tr\/wp-json\/wp\/v2\/product\/17310","targetHints":{"allow":["GET"]}}],"collection":[{"href":"https:\/\/ceoparts.com\/tr\/wp-json\/wp\/v2\/product"}],"about":[{"href":"https:\/\/ceoparts.com\/tr\/wp-json\/wp\/v2\/types\/product"}],"wp:featuredmedia":[{"embeddable":true,"href":"https:\/\/ceoparts.com\/tr\/wp-json\/wp\/v2\/media\/17316"}],"wp:attachment":[{"href":"https:\/\/ceoparts.com\/tr\/wp-json\/wp\/v2\/media?parent=17310"}],"wp:term":[{"taxonomy":"product_brand","embeddable":true,"href":"https:\/\/ceoparts.com\/tr\/wp-json\/wp\/v2\/product_brand?post=17310"},{"taxonomy":"product_cat","embeddable":true,"href":"https:\/\/ceoparts.com\/tr\/wp-json\/wp\/v2\/product_cat?post=17310"},{"taxonomy":"product_tag","embeddable":true,"href":"https:\/\/ceoparts.com\/tr\/wp-json\/wp\/v2\/product_tag?post=17310"}],"curies":[{"name":"wp","href":"https:\/\/api.w.org\/{rel}","templated":true}]}}