{"id":17318,"date":"2025-06-28T11:56:03","date_gmt":"2025-06-28T08:56:03","guid":{"rendered":"https:\/\/ceoparts.com\/?post_type=product&#038;p=17318"},"modified":"2026-05-17T05:40:28","modified_gmt":"2026-05-17T02:40:28","slug":"albright-linde-kontaktor-sw80-1674-24v-11523608200","status":"publish","type":"product","link":"https:\/\/ceoparts.com\/tr\/urun\/albright-linde-kontaktor-sw80-1674-24v-11523608200\/","title":{"rendered":"Albright Linde Kontakt\u00f6r SW80-1674 24V &#8211; 11523608200"},"content":{"rendered":"<p>Albright Linde Kontakt\u00f6r SW80-1674 24V &#8211; 11523608200<\/p>\n<p>Linde 11523608200<\/p>\n<p>&nbsp;<\/p>\n<table border=\"0\" width=\"191\" cellspacing=\"0\" cellpadding=\"0\">\n<colgroup>\n<col width=\"64\" \/>\n<col width=\"127\" \/><\/colgroup>\n<tbody>\n<tr>\n<td class=\"xl65\" width=\"64\" height=\"20\"><span style=\"font-family: Calibri;\">1151<\/span><\/td>\n<td class=\"xl65\" width=\"127\"><span style=\"font-family: Calibri;\">T16\/T16P\/T20\/T20P<\/span><\/td>\n<\/tr>\n<tr>\n<td class=\"xl65\" height=\"20\"><span style=\"font-family: Calibri;\">1152<\/span><\/td>\n<td class=\"xl65\"><span style=\"font-family: Calibri;\">T16\/T18\/T20\/T16L<\/span><\/td>\n<\/tr>\n<tr>\n<td class=\"xl65\" height=\"20\"><span style=\"font-family: Calibri;\">1152<\/span><\/td>\n<td class=\"xl65\"><span style=\"font-family: Calibri;\">T16\/T18\/T20\/T16L<\/span><\/td>\n<\/tr>\n<tr>\n<td class=\"xl65\" height=\"20\"><span style=\"font-family: Calibri;\">1152<\/span><\/td>\n<td class=\"xl65\"><span style=\"font-family: Calibri;\">T16\/T18\/T20\/T16L<\/span><\/td>\n<\/tr>\n<tr>\n<td class=\"xl65\" height=\"20\"><span style=\"font-family: Calibri;\">1160<\/span><\/td>\n<td class=\"xl65\"><span style=\"font-family: Calibri;\">D06\/D08<\/span><\/td>\n<\/tr>\n<\/tbody>\n<\/table>\n<p><\/p>","protected":false},"excerpt":{"rendered":"<p data-start=\"173\" data-end=\"434\"><strong data-start=\"173\" data-end=\"215\">Albright Linde Kontakt\u00f6r SW80-1674 24V<\/strong>, forklift ve end\u00fcstriyel ara\u00e7larda kullan\u0131lan y\u00fcksek performansl\u0131 bir DC kontakt\u00f6rd\u00fcr. G\u00fcvenilir ak\u0131m kesme ve ba\u011flant\u0131 sa\u011flama \u00f6zelli\u011fiyle uzun \u00f6m\u00fcrl\u00fc ve dayan\u0131kl\u0131d\u0131r. \u00d6zellikle Linde forklift modelleri i\u00e7in uygundur.<\/p>\n<p data-start=\"436\" data-end=\"732\"><strong data-start=\"436\" data-end=\"451\">\u00d6zellikler:<\/strong><br data-start=\"451\" data-end=\"454\" \/><strong data-start=\"454\" data-end=\"467\">\u00dcr\u00fcn Ad\u0131:<\/strong> Albright Linde Kontakt\u00f6r SW80-1674 24V<br data-start=\"506\" data-end=\"509\" \/><strong data-start=\"509\" data-end=\"524\">Par\u00e7a Kodu:<\/strong> 11523608200<br data-start=\"536\" data-end=\"539\" \/><strong data-start=\"539\" data-end=\"551\">Malzeme:<\/strong> Y\u00fcksek dayan\u0131ml\u0131 elektrik kontak ve ba\u011flant\u0131 elemanlar\u0131<br data-start=\"607\" data-end=\"610\" \/><strong data-start=\"610\" data-end=\"629\">Kullan\u0131m Alan\u0131:<\/strong> Forklift, elektrikli ara\u00e7lar, ak\u00fc sistemleri<br data-start=\"674\" data-end=\"677\" \/><strong data-start=\"677\" data-end=\"689\">Avantaj:<\/strong> Uzun \u00f6m\u00fcr, y\u00fcksek performans, kolay montaj<\/p>\n","protected":false},"featured_media":17319,"template":"","meta":[],"product_brand":[],"product_cat":[246,462,523],"product_tag":[],"class_list":{"0":"post-17318","1":"product","2":"type-product","3":"status-publish","4":"has-post-thumbnail","6":"product_cat-linde","7":"product_cat-kontaktorler","8":"product_cat-yedek-parca-linde","10":"first","11":"instock","12":"taxable","13":"shipping-taxable","14":"purchasable","15":"product-type-simple"},"_links":{"self":[{"href":"https:\/\/ceoparts.com\/tr\/wp-json\/wp\/v2\/product\/17318","targetHints":{"allow":["GET"]}}],"collection":[{"href":"https:\/\/ceoparts.com\/tr\/wp-json\/wp\/v2\/product"}],"about":[{"href":"https:\/\/ceoparts.com\/tr\/wp-json\/wp\/v2\/types\/product"}],"wp:featuredmedia":[{"embeddable":true,"href":"https:\/\/ceoparts.com\/tr\/wp-json\/wp\/v2\/media\/17319"}],"wp:attachment":[{"href":"https:\/\/ceoparts.com\/tr\/wp-json\/wp\/v2\/media?parent=17318"}],"wp:term":[{"taxonomy":"product_brand","embeddable":true,"href":"https:\/\/ceoparts.com\/tr\/wp-json\/wp\/v2\/product_brand?post=17318"},{"taxonomy":"product_cat","embeddable":true,"href":"https:\/\/ceoparts.com\/tr\/wp-json\/wp\/v2\/product_cat?post=17318"},{"taxonomy":"product_tag","embeddable":true,"href":"https:\/\/ceoparts.com\/tr\/wp-json\/wp\/v2\/product_tag?post=17318"}],"curies":[{"name":"wp","href":"https:\/\/api.w.org\/{rel}","templated":true}]}}