{"id":17325,"date":"2025-06-30T09:29:48","date_gmt":"2025-06-30T06:29:48","guid":{"rendered":"https:\/\/ceoparts.com\/?post_type=product&#038;p=17325"},"modified":"2026-05-16T12:00:54","modified_gmt":"2026-05-16T09:00:54","slug":"still-saft-0532327","status":"publish","type":"product","link":"https:\/\/ceoparts.com\/tr\/urun\/still-saft-0532327\/","title":{"rendered":"Still \u015eaft &#8211; 0532327"},"content":{"rendered":"<p>Still \u015eaft &#8211; 0532327<\/p>","protected":false},"excerpt":{"rendered":"<p data-start=\"203\" data-end=\"502\">Still forkliftler i\u00e7in \u00f6zel olarak tasarlanm\u0131\u015f bu \u015faft, y\u00fcksek dayan\u0131kl\u0131l\u0131k ve uzun \u00f6m\u00fcrl\u00fc kullan\u0131m sunar. Aktarma organlar\u0131n\u0131n sorunsuz \u00e7al\u0131\u015fmas\u0131n\u0131 sa\u011flayarak ekipman\u0131n performans\u0131n\u0131 art\u0131r\u0131r. Orijinal yedek par\u00e7a olmas\u0131 sayesinde g\u00fcvenli ve verimli bir kullan\u0131m sa\u011flar.<\/p>\n<p data-start=\"504\" data-end=\"521\"><strong data-start=\"504\" data-end=\"519\">\u00d6zellikler:<\/strong><\/p>\n<ul data-start=\"522\" data-end=\"658\">\n<li data-start=\"522\" data-end=\"549\">\n<p data-start=\"524\" data-end=\"549\">Par\u00e7a Numaras\u0131: 0532327<\/p>\n<\/li>\n<li data-start=\"550\" data-end=\"573\">\n<p data-start=\"552\" data-end=\"573\">Uyumlu Marka: Still<\/p>\n<\/li>\n<li data-start=\"574\" data-end=\"607\">\n<p data-start=\"576\" data-end=\"607\">Y\u00fcksek kaliteli \u00e7elik malzeme<\/p>\n<\/li>\n<li data-start=\"608\" data-end=\"641\">\n<p data-start=\"610\" data-end=\"641\">A\u015f\u0131nmaya kar\u015f\u0131 dayan\u0131kl\u0131 yap\u0131<\/p>\n<\/li>\n<li data-start=\"642\" data-end=\"658\">\n<p data-start=\"644\" data-end=\"658\">Kolay montaj<\/p>\n<\/li>\n<\/ul>\n","protected":false},"featured_media":17331,"template":"","meta":[],"product_brand":[],"product_cat":[241,470,524],"product_tag":[],"class_list":{"0":"post-17325","1":"product","2":"type-product","3":"status-publish","4":"has-post-thumbnail","6":"product_cat-still","7":"product_cat-diger-yedek-parcalar","8":"product_cat-yedek-parca-still","10":"first","11":"instock","12":"taxable","13":"shipping-taxable","14":"purchasable","15":"product-type-simple"},"_links":{"self":[{"href":"https:\/\/ceoparts.com\/tr\/wp-json\/wp\/v2\/product\/17325","targetHints":{"allow":["GET"]}}],"collection":[{"href":"https:\/\/ceoparts.com\/tr\/wp-json\/wp\/v2\/product"}],"about":[{"href":"https:\/\/ceoparts.com\/tr\/wp-json\/wp\/v2\/types\/product"}],"wp:featuredmedia":[{"embeddable":true,"href":"https:\/\/ceoparts.com\/tr\/wp-json\/wp\/v2\/media\/17331"}],"wp:attachment":[{"href":"https:\/\/ceoparts.com\/tr\/wp-json\/wp\/v2\/media?parent=17325"}],"wp:term":[{"taxonomy":"product_brand","embeddable":true,"href":"https:\/\/ceoparts.com\/tr\/wp-json\/wp\/v2\/product_brand?post=17325"},{"taxonomy":"product_cat","embeddable":true,"href":"https:\/\/ceoparts.com\/tr\/wp-json\/wp\/v2\/product_cat?post=17325"},{"taxonomy":"product_tag","embeddable":true,"href":"https:\/\/ceoparts.com\/tr\/wp-json\/wp\/v2\/product_tag?post=17325"}],"curies":[{"name":"wp","href":"https:\/\/api.w.org\/{rel}","templated":true}]}}