{"id":17332,"date":"2025-06-30T12:13:08","date_gmt":"2025-06-30T09:13:08","guid":{"rendered":"https:\/\/ceoparts.com\/?post_type=product&#038;p=17332"},"modified":"2026-05-16T11:49:51","modified_gmt":"2026-05-16T08:49:51","slug":"hyster-hidrolik-unite-4612314","status":"publish","type":"product","link":"https:\/\/ceoparts.com\/tr\/urun\/hyster-hidrolik-unite-4612314\/","title":{"rendered":"Hyster Hidrolik \u00dcnite &#8211; 4612314"},"content":{"rendered":"<p>Hyster Hidrolik \u00dcnite &#8211; 4612314<\/p>","protected":false},"excerpt":{"rendered":"<p>Hyster forkliftler i\u00e7in \u00f6zel olarak tasarlanm\u0131\u015f bu hidrolik \u00fcnite, kald\u0131rma ve ta\u015f\u0131ma i\u015flemlerinde g\u00fc\u00e7l\u00fc ve g\u00fcvenilir performans sunar. End\u00fcstriyel kullan\u0131m i\u00e7in dayan\u0131kl\u0131 yap\u0131s\u0131 ile dikkat \u00e7eker. Orijinal yedek par\u00e7a olmas\u0131 sayesinde uzun \u00f6m\u00fcrl\u00fc ve g\u00fcvenli kullan\u0131m sa\u011flar.<\/p>\n<ul>\n<li>Par\u00e7a Numaras\u0131: 4612314<\/li>\n<li>Uyumlu Marka: Hyster<\/li>\n<li>Y\u00fcksek bas\u0131n\u00e7 dayan\u0131m\u0131<\/li>\n<li>Dayan\u0131kl\u0131 metal g\u00f6vde<\/li>\n<li>Kolay montaj<\/li>\n<\/ul>\n","protected":false},"featured_media":17336,"template":"","meta":[],"product_brand":[],"product_cat":[256,461,520],"product_tag":[],"class_list":{"0":"post-17332","1":"product","2":"type-product","3":"status-publish","4":"has-post-thumbnail","6":"product_cat-hyster","7":"product_cat-hidrolik-sistemi","8":"product_cat-yedek-parca-hyster","10":"first","11":"instock","12":"taxable","13":"shipping-taxable","14":"purchasable","15":"product-type-simple"},"_links":{"self":[{"href":"https:\/\/ceoparts.com\/tr\/wp-json\/wp\/v2\/product\/17332","targetHints":{"allow":["GET"]}}],"collection":[{"href":"https:\/\/ceoparts.com\/tr\/wp-json\/wp\/v2\/product"}],"about":[{"href":"https:\/\/ceoparts.com\/tr\/wp-json\/wp\/v2\/types\/product"}],"wp:featuredmedia":[{"embeddable":true,"href":"https:\/\/ceoparts.com\/tr\/wp-json\/wp\/v2\/media\/17336"}],"wp:attachment":[{"href":"https:\/\/ceoparts.com\/tr\/wp-json\/wp\/v2\/media?parent=17332"}],"wp:term":[{"taxonomy":"product_brand","embeddable":true,"href":"https:\/\/ceoparts.com\/tr\/wp-json\/wp\/v2\/product_brand?post=17332"},{"taxonomy":"product_cat","embeddable":true,"href":"https:\/\/ceoparts.com\/tr\/wp-json\/wp\/v2\/product_cat?post=17332"},{"taxonomy":"product_tag","embeddable":true,"href":"https:\/\/ceoparts.com\/tr\/wp-json\/wp\/v2\/product_tag?post=17332"}],"curies":[{"name":"wp","href":"https:\/\/api.w.org\/{rel}","templated":true}]}}