{"id":17338,"date":"2025-07-02T12:53:13","date_gmt":"2025-07-02T09:53:13","guid":{"rendered":"https:\/\/ceoparts.com\/?post_type=product&#038;p=17338"},"modified":"2026-05-16T19:21:10","modified_gmt":"2026-05-16T16:21:10","slug":"still-exu-kumanda-kolu-24361062","status":"publish","type":"product","link":"https:\/\/ceoparts.com\/tr\/urun\/still-exu-kumanda-kolu-24361062\/","title":{"rendered":"Kumanda Kolu Still Exu  &#8211; 24361062"},"content":{"rendered":"<p>Kumanda Kolu Still Exu  &#8211; 24361062<\/p>","protected":false},"excerpt":{"rendered":"<p data-start=\"180\" data-end=\"488\">Still EXU model transpaletler i\u00e7in tasarlanm\u0131\u015f bu kumanda kolu, operat\u00f6r\u00fcn cihaz\u0131 kolay ve g\u00fcvenli bir \u015fekilde y\u00f6nlendirmesini sa\u011flar. Ergonomik yap\u0131s\u0131 sayesinde uzun s\u00fcreli kullan\u0131mlarda bile konfor sunar. Dayan\u0131kl\u0131 malzemeden \u00fcretilmi\u015ftir ve orijinal yedek par\u00e7ad\u0131r.<\/p>\n<p data-start=\"490\" data-end=\"507\"><strong data-start=\"490\" data-end=\"505\">\u00d6zellikler:<\/strong><\/p>\n<ul data-start=\"508\" data-end=\"651\">\n<li data-start=\"508\" data-end=\"536\">\n<p data-start=\"510\" data-end=\"536\">Par\u00e7a Numaras\u0131: 24361062<\/p>\n<\/li>\n<li data-start=\"537\" data-end=\"564\">\n<p data-start=\"539\" data-end=\"564\">Uyumlu Model: Still EXU<\/p>\n<\/li>\n<li data-start=\"565\" data-end=\"586\">\n<p data-start=\"567\" data-end=\"586\">Ergonomik tasar\u0131m<\/p>\n<\/li>\n<li data-start=\"587\" data-end=\"622\">\n<p data-start=\"589\" data-end=\"622\">Dayan\u0131kl\u0131 plastik ve metal yap\u0131<\/p>\n<\/li>\n<li data-start=\"623\" data-end=\"651\">\n<p data-start=\"625\" data-end=\"651\">Kolay ba\u011flant\u0131 ve montaj<\/p>\n<\/li>\n<\/ul>\n","protected":false},"featured_media":17344,"template":"","meta":[],"product_brand":[],"product_cat":[241,450,524],"product_tag":[],"class_list":{"0":"post-17338","1":"product","2":"type-product","3":"status-publish","4":"has-post-thumbnail","6":"product_cat-still","7":"product_cat-direksiyon-sistemleri","8":"product_cat-yedek-parca-still","10":"first","11":"instock","12":"taxable","13":"shipping-taxable","14":"purchasable","15":"product-type-simple"},"_links":{"self":[{"href":"https:\/\/ceoparts.com\/tr\/wp-json\/wp\/v2\/product\/17338","targetHints":{"allow":["GET"]}}],"collection":[{"href":"https:\/\/ceoparts.com\/tr\/wp-json\/wp\/v2\/product"}],"about":[{"href":"https:\/\/ceoparts.com\/tr\/wp-json\/wp\/v2\/types\/product"}],"wp:featuredmedia":[{"embeddable":true,"href":"https:\/\/ceoparts.com\/tr\/wp-json\/wp\/v2\/media\/17344"}],"wp:attachment":[{"href":"https:\/\/ceoparts.com\/tr\/wp-json\/wp\/v2\/media?parent=17338"}],"wp:term":[{"taxonomy":"product_brand","embeddable":true,"href":"https:\/\/ceoparts.com\/tr\/wp-json\/wp\/v2\/product_brand?post=17338"},{"taxonomy":"product_cat","embeddable":true,"href":"https:\/\/ceoparts.com\/tr\/wp-json\/wp\/v2\/product_cat?post=17338"},{"taxonomy":"product_tag","embeddable":true,"href":"https:\/\/ceoparts.com\/tr\/wp-json\/wp\/v2\/product_tag?post=17338"}],"curies":[{"name":"wp","href":"https:\/\/api.w.org\/{rel}","templated":true}]}}