{"id":17345,"date":"2025-07-02T13:11:45","date_gmt":"2025-07-02T10:11:45","guid":{"rendered":"https:\/\/ceoparts.com\/?post_type=product&#038;p=17345"},"modified":"2026-05-16T15:00:43","modified_gmt":"2026-05-16T12:00:43","slug":"hyster-sensor-8504858","status":"publish","type":"product","link":"https:\/\/ceoparts.com\/tr\/urun\/hyster-sensor-8504858\/","title":{"rendered":"Hyster Sens\u00f6r &#8211; 8504858"},"content":{"rendered":"<p>Hyster Sens\u00f6r &#8211; 8504858<\/p>","protected":false},"excerpt":{"rendered":"<p data-start=\"132\" data-end=\"430\">Hyster forkliftler i\u00e7in \u00f6zel olarak tasarlanm\u0131\u015f bu sens\u00f6r, ekipman\u0131n pozisyon, h\u0131z veya di\u011fer i\u015flevlerini do\u011fru bir \u015fekilde alg\u0131lamas\u0131n\u0131 sa\u011flar. Ar\u0131za tespiti ve performans takibi i\u00e7in kritik bir bile\u015fendir. Orijinal par\u00e7a olmas\u0131 sayesinde g\u00fcvenilir ve uzun \u00f6m\u00fcrl\u00fcd\u00fcr.<\/p>\n<p data-start=\"432\" data-end=\"449\"><strong data-start=\"432\" data-end=\"447\">\u00d6zellikler:<\/strong><\/p>\n<ul data-start=\"450\" data-end=\"568\">\n<li data-start=\"450\" data-end=\"477\">\n<p data-start=\"452\" data-end=\"477\">Par\u00e7a Numaras\u0131: 8504858<\/p>\n<\/li>\n<li data-start=\"478\" data-end=\"502\">\n<p data-start=\"480\" data-end=\"502\">Uyumlu Marka: Hyster<\/p>\n<\/li>\n<li data-start=\"503\" data-end=\"524\">\n<p data-start=\"505\" data-end=\"524\">Y\u00fcksek hassasiyet<\/p>\n<\/li>\n<li data-start=\"525\" data-end=\"551\">\n<p data-start=\"527\" data-end=\"551\">Dayan\u0131kl\u0131 g\u00f6vde yap\u0131s\u0131<\/p>\n<\/li>\n<li data-start=\"552\" data-end=\"568\">\n<p data-start=\"554\" data-end=\"568\">Kolay montaj<\/p>\n<\/li>\n<\/ul>\n","protected":false},"featured_media":17346,"template":"","meta":[],"product_brand":[],"product_cat":[256,469,520],"product_tag":[],"class_list":{"0":"post-17345","1":"product","2":"type-product","3":"status-publish","4":"has-post-thumbnail","6":"product_cat-hyster","7":"product_cat-elektrik-ve-sistem-parcalari","8":"product_cat-yedek-parca-hyster","10":"first","11":"instock","12":"taxable","13":"shipping-taxable","14":"purchasable","15":"product-type-simple"},"_links":{"self":[{"href":"https:\/\/ceoparts.com\/tr\/wp-json\/wp\/v2\/product\/17345","targetHints":{"allow":["GET"]}}],"collection":[{"href":"https:\/\/ceoparts.com\/tr\/wp-json\/wp\/v2\/product"}],"about":[{"href":"https:\/\/ceoparts.com\/tr\/wp-json\/wp\/v2\/types\/product"}],"wp:featuredmedia":[{"embeddable":true,"href":"https:\/\/ceoparts.com\/tr\/wp-json\/wp\/v2\/media\/17346"}],"wp:attachment":[{"href":"https:\/\/ceoparts.com\/tr\/wp-json\/wp\/v2\/media?parent=17345"}],"wp:term":[{"taxonomy":"product_brand","embeddable":true,"href":"https:\/\/ceoparts.com\/tr\/wp-json\/wp\/v2\/product_brand?post=17345"},{"taxonomy":"product_cat","embeddable":true,"href":"https:\/\/ceoparts.com\/tr\/wp-json\/wp\/v2\/product_cat?post=17345"},{"taxonomy":"product_tag","embeddable":true,"href":"https:\/\/ceoparts.com\/tr\/wp-json\/wp\/v2\/product_tag?post=17345"}],"curies":[{"name":"wp","href":"https:\/\/api.w.org\/{rel}","templated":true}]}}