{"id":17349,"date":"2025-07-02T13:19:17","date_gmt":"2025-07-02T10:19:17","guid":{"rendered":"https:\/\/ceoparts.com\/?post_type=product&#038;p=17349"},"modified":"2026-05-16T21:15:36","modified_gmt":"2026-05-16T18:15:36","slug":"jungheinrich-yukseklik-sensoru-51097966","status":"publish","type":"product","link":"https:\/\/ceoparts.com\/tr\/urun\/jungheinrich-yukseklik-sensoru-51097966\/","title":{"rendered":"Jungheinrich Y\u00fckseklik Sens\u00f6r\u00fc &#8211; 51097966"},"content":{"rendered":"<p>Jungheinrich Y\u00fckseklik Sens\u00f6r\u00fc &#8211; 51097966<\/p>\n<p>KJ6-M12MN60-DNA-V2<\/p>\n<p>Jungheinrich 51097966<\/p>\n<p>&nbsp;<\/p>\n<table border=\"0\" width=\"292\" cellspacing=\"0\" cellpadding=\"0\">\n<colgroup>\n<col width=\"185\" \/>\n<col width=\"107\" \/><\/colgroup>\n<tbody>\n<tr>\n<td width=\"185\" height=\"20\"><span style=\"font-family: Calibri;\">ETM\/V 320\/325<\/span><\/td>\n<td width=\"107\"><span style=\"font-family: Calibri;\">4.00 &#8211; 11.04<\/span><\/td>\n<\/tr>\n<tr>\n<td height=\"20\"><span style=\"font-family: Calibri;\">ETVQ 20\/25<\/span><\/td>\n<td><span style=\"font-family: Calibri;\">10.02 &#8211; 8.10<\/span><\/td>\n<\/tr>\n<tr>\n<td height=\"20\"><span style=\"font-family: Calibri;\">ETM\/V 214\/216<\/span><\/td>\n<td><span style=\"font-family: Calibri;\">12.03 &#8211; 10.12<\/span><\/td>\n<\/tr>\n<tr>\n<td height=\"20\"><span style=\"font-family: Calibri;\">ETM\/V 320\/325<\/span><\/td>\n<td><span style=\"font-family: Calibri;\">12.04 &#8211; 2.14<\/span><\/td>\n<\/tr>\n<tr>\n<td height=\"20\"><span style=\"font-family: Calibri;\">ETV 110\/112<\/span><\/td>\n<td><span style=\"font-family: Calibri;\">11.05 &#8211; 6.14<\/span><\/td>\n<\/tr>\n<tr>\n<td height=\"20\"><span style=\"font-family: Calibri;\">ETV C 20<\/span><\/td>\n<td><span style=\"font-family: Calibri;\">6.05 &#8211; 6.08<\/span><\/td>\n<\/tr>\n<tr>\n<td height=\"20\"><span style=\"font-family: Calibri;\">Sonderbau<\/span><\/td>\n<td><span style=\"font-family: Calibri;\">12.04 &#8211;\u00a0<\/span><\/td>\n<\/tr>\n<tr>\n<td height=\"20\"><span style=\"font-family: Calibri;\">ETV 114\/116<\/span><\/td>\n<td><span style=\"font-family: Calibri;\">11.05 &#8211; 12.11<\/span><\/td>\n<\/tr>\n<tr>\n<td height=\"20\"><span style=\"font-family: Calibri;\">ETR 314\/320<\/span><\/td>\n<td><span style=\"font-family: Calibri;\">6.06 &#8211; 11.09<\/span><\/td>\n<\/tr>\n<tr>\n<td height=\"20\"><span style=\"font-family: Calibri;\">ETV C 16<\/span><\/td>\n<td><span style=\"font-family: Calibri;\">6.08 &#8211; 5.15<\/span><\/td>\n<\/tr>\n<tr>\n<td height=\"20\"><span style=\"font-family: Calibri;\">ETV C 20<\/span><\/td>\n<td><span style=\"font-family: Calibri;\">6.08 &#8211; 4.15<\/span><\/td>\n<\/tr>\n<tr>\n<td height=\"20\"><span style=\"font-family: Calibri;\">ETVQ 20\/25<\/span><\/td>\n<td><span style=\"font-family: Calibri;\">9.10 &#8211;\u00a0<\/span><\/td>\n<\/tr>\n<tr>\n<td height=\"20\"><span style=\"font-family: Calibri;\">ETM\/V 214\/216<\/span><\/td>\n<td><span style=\"font-family: Calibri;\">9.11 &#8211;\u00a0<\/span><\/td>\n<\/tr>\n<tr>\n<td height=\"20\"><span style=\"font-family: Calibri;\">ETM\/V 214\/216 (US)<\/span><\/td>\n<td><span style=\"font-family: Calibri;\">1.11 &#8211; 10.12<\/span><\/td>\n<\/tr>\n<tr>\n<td height=\"20\"><span style=\"font-family: Calibri;\">ETV 110\/112 (US)<\/span><\/td>\n<td><span style=\"font-family: Calibri;\">1.11 &#8211; 6.14<\/span><\/td>\n<\/tr>\n<tr>\n<td height=\"20\"><span style=\"font-family: Calibri;\">ETV 114\/116 (US)<\/span><\/td>\n<td><span style=\"font-family: Calibri;\">1.11 &#8211; 10.11<\/span><\/td>\n<\/tr>\n<tr>\n<td height=\"20\"><span style=\"font-family: Calibri;\">ETV C 16 (US)<\/span><\/td>\n<td><span style=\"font-family: Calibri;\">1.11 &#8211; 5.15<\/span><\/td>\n<\/tr>\n<tr>\n<td height=\"20\"><span style=\"font-family: Calibri;\">ETV C 20 (US)<\/span><\/td>\n<td><span style=\"font-family: Calibri;\">1.11 &#8211; 4.15<\/span><\/td>\n<\/tr>\n<tr>\n<td height=\"20\"><span style=\"font-family: Calibri;\">ETM\/V 320\/325 (US)<\/span><\/td>\n<td><span style=\"font-family: Calibri;\">1.11 &#8211; 2.14<\/span><\/td>\n<\/tr>\n<tr>\n<td height=\"20\"><span style=\"font-family: Calibri;\">ETVQ 20\/25 (US)<\/span><\/td>\n<td><span style=\"font-family: Calibri;\">1.11 &#8211;\u00a0<\/span><\/td>\n<\/tr>\n<tr>\n<td height=\"20\"><span style=\"font-family: Calibri;\">ETM\/V 214\/216 (US)<\/span><\/td>\n<td><span style=\"font-family: Calibri;\">9.11 &#8211;\u00a0<\/span><\/td>\n<\/tr>\n<tr>\n<td height=\"20\"><span style=\"font-family: Calibri;\">ETV 114n\/ 116n\/ 118n\/ 120n<\/span><\/td>\n<td><span style=\"font-family: Calibri;\">7.11 &#8211;\u00a0<\/span><\/td>\n<\/tr>\n<tr>\n<td height=\"20\"><span style=\"font-family: Calibri;\">ETM\/V 214-325 Cab<\/span><\/td>\n<td><span style=\"font-family: Calibri;\">9.11 &#8211;\u00a0<\/span><\/td>\n<\/tr>\n<tr>\n<td height=\"20\"><span style=\"font-family: Calibri;\">ETM\/V 214\/216 (CN)<\/span><\/td>\n<td><span style=\"font-family: Calibri;\">12.11 &#8211;\u00a0<\/span><\/td>\n<\/tr>\n<tr>\n<td height=\"20\"><span style=\"font-family: Calibri;\">ETV C 16 (CN)<\/span><\/td>\n<td><span style=\"font-family: Calibri;\">12.11 &#8211; 5.15<\/span><\/td>\n<\/tr>\n<tr>\n<td height=\"20\"><span style=\"font-family: Calibri;\">ETV 110\/112 (CN)<\/span><\/td>\n<td><span style=\"font-family: Calibri;\">12.11 &#8211; 6.14<\/span><\/td>\n<\/tr>\n<tr>\n<td height=\"20\"><span style=\"font-family: Calibri;\">ETV 114\/116 (CN)<\/span><\/td>\n<td><span style=\"font-family: Calibri;\">11.11 &#8211; 1.12<\/span><\/td>\n<\/tr>\n<tr>\n<td height=\"20\"><span style=\"font-family: Calibri;\">ETM\/V 214\/216 (CN)<\/span><\/td>\n<td><span style=\"font-family: Calibri;\">12.11 &#8211; 10.12<\/span><\/td>\n<\/tr>\n<tr>\n<td height=\"20\"><span style=\"font-family: Calibri;\">ETV C 20 (CN)<\/span><\/td>\n<td><span style=\"font-family: Calibri;\">12.11 &#8211; 4.15<\/span><\/td>\n<\/tr>\n<tr>\n<td height=\"20\"><span style=\"font-family: Calibri;\">ETM\/V 320\/325 (CN)<\/span><\/td>\n<td><span style=\"font-family: Calibri;\">12.11 &#8211; 2.14<\/span><\/td>\n<\/tr>\n<tr>\n<td height=\"20\"><span style=\"font-family: Calibri;\">ETVQ 20\/25 (CN)<\/span><\/td>\n<td><span style=\"font-family: Calibri;\">12.11 &#8211;\u00a0<\/span><\/td>\n<\/tr>\n<tr>\n<td height=\"20\"><span style=\"font-family: Calibri;\">ETV 110\/112<\/span><\/td>\n<td><span style=\"font-family: Calibri;\">5.14 &#8211;\u00a0<\/span><\/td>\n<\/tr>\n<tr>\n<td height=\"20\"><span style=\"font-family: Calibri;\">ETV 110\/112 (US)<\/span><\/td>\n<td><span style=\"font-family: Calibri;\">5.14 &#8211;\u00a0<\/span><\/td>\n<\/tr>\n<tr>\n<td height=\"20\"><span style=\"font-family: Calibri;\">ETV 110\/112 (CN)<\/span><\/td>\n<td><span style=\"font-family: Calibri;\">5.14 &#8211;\u00a0<\/span><\/td>\n<\/tr>\n<tr>\n<td height=\"20\"><span style=\"font-family: Calibri;\">ETR340\/ ETR345\/ ETR335d<\/span><\/td>\n<td><span style=\"font-family: Calibri;\">5.14 &#8211;\u00a0<\/span><\/td>\n<\/tr>\n<tr>\n<td height=\"20\"><span style=\"font-family: Calibri;\">ESR20N2\/ ESR23N2\/ EDR18N2<\/span><\/td>\n<td><span style=\"font-family: Calibri;\">5.14 &#8211;\u00a0<\/span><\/td>\n<\/tr>\n<tr>\n<td height=\"20\"><span style=\"font-family: Calibri;\">NR20\/ NR23\/ ND18<\/span><\/td>\n<td><span style=\"font-family: Calibri;\">5.14 &#8211;\u00a0<\/span><\/td>\n<\/tr>\n<tr>\n<td height=\"20\"><span style=\"font-family: Calibri;\">ETR230\/ ETR235<\/span><\/td>\n<td><span style=\"font-family: Calibri;\">5.15 &#8211;\u00a0<\/span><\/td>\n<\/tr>\n<tr>\n<td height=\"20\"><span style=\"font-family: Calibri;\">ESR15N2\/ESR18N2<\/span><\/td>\n<td><span style=\"font-family: Calibri;\">5.15 &#8211;\u00a0<\/span><\/td>\n<\/tr>\n<tr>\n<td height=\"20\"><span style=\"font-family: Calibri;\">NR15\/ NR18<\/span><\/td>\n<td><span style=\"font-family: Calibri;\">5.15 &#8211;\u00a0<\/span><\/td>\n<\/tr>\n<tr>\n<td height=\"20\"><span style=\"font-family: Calibri;\">ETV 118n\/ 120n<\/span><\/td>\n<td><span style=\"font-family: Calibri;\">1.14 &#8211;\u00a0<\/span><\/td>\n<\/tr>\n<\/tbody>\n<\/table>","protected":false},"excerpt":{"rendered":"<p data-start=\"139\" data-end=\"510\">Jungheinrich forkliftler i\u00e7in \u00f6zel olarak tasarlanm\u0131\u015f bu y\u00fckseklik sens\u00f6r\u00fc, kald\u0131rma y\u00fcksekli\u011fini hassas \u015fekilde alg\u0131layarak operat\u00f6re g\u00fcvenli ve verimli kullan\u0131m imk\u00e2n\u0131 sunar. Hidrolik sistemle entegre \u00e7al\u0131\u015farak ekipman\u0131n do\u011fru pozisyonlanmas\u0131na yard\u0131mc\u0131 olur. Orijinal yedek par\u00e7a olarak y\u00fcksek kalite ve uzun \u00f6m\u00fcr sunar.<\/p>\n<p data-start=\"512\" data-end=\"529\"><strong data-start=\"512\" data-end=\"527\">\u00d6zellikler:<\/strong><\/p>\n<ul data-start=\"530\" data-end=\"682\">\n<li data-start=\"530\" data-end=\"558\">\n<p data-start=\"532\" data-end=\"558\">Par\u00e7a Numaras\u0131: 51097966<\/p>\n<\/li>\n<li data-start=\"559\" data-end=\"589\">\n<p data-start=\"561\" data-end=\"589\">Uyumlu Marka: Jungheinrich<\/p>\n<\/li>\n<li data-start=\"590\" data-end=\"619\">\n<p data-start=\"592\" data-end=\"619\">Y\u00fcksek hassasiyetli \u00f6l\u00e7\u00fcm<\/p>\n<\/li>\n<li data-start=\"620\" data-end=\"664\">\n<p data-start=\"622\" data-end=\"664\">End\u00fcstriyel kullan\u0131m i\u00e7in dayan\u0131kl\u0131 yap\u0131<\/p>\n<\/li>\n<li data-start=\"665\" data-end=\"682\">\n<p data-start=\"667\" data-end=\"682\">Kolay kurulum<\/p>\n<\/li>\n<\/ul>\n","protected":false},"featured_media":17350,"template":"","meta":[],"product_brand":[],"product_cat":[236,469,522],"product_tag":[],"class_list":{"0":"post-17349","1":"product","2":"type-product","3":"status-publish","4":"has-post-thumbnail","6":"product_cat-jungheinrich","7":"product_cat-elektrik-ve-sistem-parcalari","8":"product_cat-yedek-parca-jungheinrich","10":"first","11":"instock","12":"taxable","13":"shipping-taxable","14":"purchasable","15":"product-type-simple"},"_links":{"self":[{"href":"https:\/\/ceoparts.com\/tr\/wp-json\/wp\/v2\/product\/17349","targetHints":{"allow":["GET"]}}],"collection":[{"href":"https:\/\/ceoparts.com\/tr\/wp-json\/wp\/v2\/product"}],"about":[{"href":"https:\/\/ceoparts.com\/tr\/wp-json\/wp\/v2\/types\/product"}],"wp:featuredmedia":[{"embeddable":true,"href":"https:\/\/ceoparts.com\/tr\/wp-json\/wp\/v2\/media\/17350"}],"wp:attachment":[{"href":"https:\/\/ceoparts.com\/tr\/wp-json\/wp\/v2\/media?parent=17349"}],"wp:term":[{"taxonomy":"product_brand","embeddable":true,"href":"https:\/\/ceoparts.com\/tr\/wp-json\/wp\/v2\/product_brand?post=17349"},{"taxonomy":"product_cat","embeddable":true,"href":"https:\/\/ceoparts.com\/tr\/wp-json\/wp\/v2\/product_cat?post=17349"},{"taxonomy":"product_tag","embeddable":true,"href":"https:\/\/ceoparts.com\/tr\/wp-json\/wp\/v2\/product_tag?post=17349"}],"curies":[{"name":"wp","href":"https:\/\/api.w.org\/{rel}","templated":true}]}}