{"id":17354,"date":"2025-07-02T13:29:18","date_gmt":"2025-07-02T10:29:18","guid":{"rendered":"https:\/\/ceoparts.com\/?post_type=product&#038;p=17354"},"modified":"2026-05-16T14:34:11","modified_gmt":"2026-05-16T11:34:11","slug":"crown-fren-manyetigi-balatasi","status":"publish","type":"product","link":"https:\/\/ceoparts.com\/tr\/urun\/crown-fren-manyetigi-balatasi\/","title":{"rendered":"Crown Fren Manyeti\u011fi Balatas\u0131"},"content":{"rendered":"<p>Crown Fren Manyeti\u011fi Balatas\u0131<\/p>","protected":false},"excerpt":{"rendered":"<p data-start=\"120\" data-end=\"486\">Crown marka forkliftlerde kullan\u0131lan bu fren manyeti\u011fi balatas\u0131, elektromanyetik frenleme sisteminin g\u00fcvenli ve etkili \u015fekilde \u00e7al\u0131\u015fmas\u0131n\u0131 sa\u011flar. Y\u00fck alt\u0131nda durma kabiliyeti y\u00fcksek olan bu par\u00e7a, \u00f6zellikle yo\u011fun kullan\u0131m ko\u015fullar\u0131nda uzun \u00f6m\u00fcr ve performans sunar. Orijinal yedek par\u00e7a olmas\u0131 sayesinde sistemle tam uyum sa\u011flar.<\/p>\n<p data-start=\"488\" data-end=\"505\"><strong data-start=\"488\" data-end=\"503\">\u00d6zellikler:<\/strong><\/p>\n<ul data-start=\"506\" data-end=\"676\">\n<li data-start=\"506\" data-end=\"529\">\n<p data-start=\"508\" data-end=\"529\">Uyumlu Marka: Crown<\/p>\n<\/li>\n<li data-start=\"530\" data-end=\"575\">\n<p data-start=\"532\" data-end=\"575\">Elektromanyetik frenleme sistemine uyumlu<\/p>\n<\/li>\n<li data-start=\"576\" data-end=\"615\">\n<p data-start=\"578\" data-end=\"615\">Is\u0131ya ve a\u015f\u0131nmaya dayan\u0131kl\u0131 malzeme<\/p>\n<\/li>\n<li data-start=\"616\" data-end=\"644\">\n<p data-start=\"618\" data-end=\"644\">Sessiz ve g\u00fc\u00e7l\u00fc frenleme<\/p>\n<\/li>\n<li data-start=\"645\" data-end=\"676\">\n<p data-start=\"647\" data-end=\"676\">Kolay de\u011fi\u015ftirilebilir yap\u0131<\/p>\n<\/li>\n<\/ul>\n","protected":false},"featured_media":17359,"template":"","meta":[],"product_brand":[],"product_cat":[241,272,449,470,524],"product_tag":[],"class_list":{"0":"post-17354","1":"product","2":"type-product","3":"status-publish","4":"has-post-thumbnail","6":"product_cat-still","7":"product_cat-crown","8":"product_cat-fren-sistem-parcalari","9":"product_cat-diger-yedek-parcalar","10":"product_cat-yedek-parca-still","12":"first","13":"instock","14":"taxable","15":"shipping-taxable","16":"purchasable","17":"product-type-simple"},"_links":{"self":[{"href":"https:\/\/ceoparts.com\/tr\/wp-json\/wp\/v2\/product\/17354","targetHints":{"allow":["GET"]}}],"collection":[{"href":"https:\/\/ceoparts.com\/tr\/wp-json\/wp\/v2\/product"}],"about":[{"href":"https:\/\/ceoparts.com\/tr\/wp-json\/wp\/v2\/types\/product"}],"wp:featuredmedia":[{"embeddable":true,"href":"https:\/\/ceoparts.com\/tr\/wp-json\/wp\/v2\/media\/17359"}],"wp:attachment":[{"href":"https:\/\/ceoparts.com\/tr\/wp-json\/wp\/v2\/media?parent=17354"}],"wp:term":[{"taxonomy":"product_brand","embeddable":true,"href":"https:\/\/ceoparts.com\/tr\/wp-json\/wp\/v2\/product_brand?post=17354"},{"taxonomy":"product_cat","embeddable":true,"href":"https:\/\/ceoparts.com\/tr\/wp-json\/wp\/v2\/product_cat?post=17354"},{"taxonomy":"product_tag","embeddable":true,"href":"https:\/\/ceoparts.com\/tr\/wp-json\/wp\/v2\/product_tag?post=17354"}],"curies":[{"name":"wp","href":"https:\/\/api.w.org\/{rel}","templated":true}]}}