{"id":17360,"date":"2025-07-02T13:45:48","date_gmt":"2025-07-02T10:45:48","guid":{"rendered":"https:\/\/ceoparts.com\/?post_type=product&#038;p=17360"},"modified":"2026-05-16T13:16:11","modified_gmt":"2026-05-16T10:16:11","slug":"crown-kol-tesisati","status":"publish","type":"product","link":"https:\/\/ceoparts.com\/tr\/urun\/crown-kol-tesisati\/","title":{"rendered":"Crown Kol Tesisat\u0131"},"content":{"rendered":"<p>Crown Kol Tesisat\u0131<\/p>","protected":false},"excerpt":{"rendered":"<p data-start=\"105\" data-end=\"442\">Crown forkliftler i\u00e7in \u00f6zel olarak \u00fcretilmi\u015f kol tesisat\u0131, s\u00fcr\u00fcc\u00fc kolunun fonksiyonlar\u0131n\u0131n sorunsuz \u00e7al\u0131\u015fmas\u0131n\u0131 sa\u011flar. Elektrik sinyallerinin do\u011fru \u015fekilde iletilmesini sa\u011flayan bu par\u00e7a, kumanda kolu ile ana sistem aras\u0131ndaki ba\u011flant\u0131y\u0131 kurar. Orijinal yedek par\u00e7a olmas\u0131 sayesinde tam uyum ve uzun \u00f6m\u00fcr sunar.<\/p>\n<p data-start=\"444\" data-end=\"461\"><strong data-start=\"444\" data-end=\"459\">\u00d6zellikler:<\/strong><\/p>\n<ul data-start=\"462\" data-end=\"617\">\n<li data-start=\"462\" data-end=\"485\">\n<p data-start=\"464\" data-end=\"485\">Uyumlu Marka: Crown<\/p>\n<\/li>\n<li data-start=\"486\" data-end=\"543\">\n<p data-start=\"488\" data-end=\"543\">Kumanda kolu ile sistem aras\u0131nda elektriksel ba\u011flant\u0131<\/p>\n<\/li>\n<li data-start=\"544\" data-end=\"579\">\n<p data-start=\"546\" data-end=\"579\">Esnek ve dayan\u0131kl\u0131 kablo yap\u0131s\u0131<\/p>\n<\/li>\n<li data-start=\"580\" data-end=\"597\">\n<p data-start=\"582\" data-end=\"597\">Kolay kurulum<\/p>\n<\/li>\n<li data-start=\"598\" data-end=\"617\">\n<p data-start=\"600\" data-end=\"617\">Orijinal kalite<\/p>\n<\/li>\n<\/ul>\n","protected":false},"featured_media":17364,"template":"","meta":[],"product_brand":[],"product_cat":[272,469,519],"product_tag":[],"class_list":{"0":"post-17360","1":"product","2":"type-product","3":"status-publish","4":"has-post-thumbnail","6":"product_cat-crown","7":"product_cat-elektrik-ve-sistem-parcalari","8":"product_cat-yedek-parca-crown","10":"first","11":"instock","12":"taxable","13":"shipping-taxable","14":"purchasable","15":"product-type-simple"},"_links":{"self":[{"href":"https:\/\/ceoparts.com\/tr\/wp-json\/wp\/v2\/product\/17360","targetHints":{"allow":["GET"]}}],"collection":[{"href":"https:\/\/ceoparts.com\/tr\/wp-json\/wp\/v2\/product"}],"about":[{"href":"https:\/\/ceoparts.com\/tr\/wp-json\/wp\/v2\/types\/product"}],"wp:featuredmedia":[{"embeddable":true,"href":"https:\/\/ceoparts.com\/tr\/wp-json\/wp\/v2\/media\/17364"}],"wp:attachment":[{"href":"https:\/\/ceoparts.com\/tr\/wp-json\/wp\/v2\/media?parent=17360"}],"wp:term":[{"taxonomy":"product_brand","embeddable":true,"href":"https:\/\/ceoparts.com\/tr\/wp-json\/wp\/v2\/product_brand?post=17360"},{"taxonomy":"product_cat","embeddable":true,"href":"https:\/\/ceoparts.com\/tr\/wp-json\/wp\/v2\/product_cat?post=17360"},{"taxonomy":"product_tag","embeddable":true,"href":"https:\/\/ceoparts.com\/tr\/wp-json\/wp\/v2\/product_tag?post=17360"}],"curies":[{"name":"wp","href":"https:\/\/api.w.org\/{rel}","templated":true}]}}