{"id":17365,"date":"2025-07-02T14:17:00","date_gmt":"2025-07-02T11:17:00","guid":{"rendered":"https:\/\/ceoparts.com\/?post_type=product&#038;p=17365"},"modified":"2026-05-16T18:35:07","modified_gmt":"2026-05-16T15:35:07","slug":"jungheinrich-havalandirma-filtresi-50294753","status":"publish","type":"product","link":"https:\/\/ceoparts.com\/tr\/urun\/jungheinrich-havalandirma-filtresi-50294753\/","title":{"rendered":"Jungheinrich Havaland\u0131rma Filtresi &#8211; 50294753"},"content":{"rendered":"<p>Jungheinrich Havaland\u0131rma Filtresi &#8211; 50294753<\/p>","protected":false},"excerpt":{"rendered":"<p data-start=\"132\" data-end=\"465\">Jungheinrich forkliftlerde kullan\u0131lan bu havaland\u0131rma filtresi, motora temiz hava sa\u011flar ve zararl\u0131 partik\u00fcllerin i\u00e7eri girmesini \u00f6nler. Filtrasyon kalitesi sayesinde ekipman\u0131n verimli ve uzun \u00f6m\u00fcrl\u00fc \u00e7al\u0131\u015fmas\u0131na katk\u0131da bulunur. Orijinal yedek par\u00e7a olarak y\u00fcksek performans sunar.<\/p>\n<p data-start=\"467\" data-end=\"484\"><strong data-start=\"467\" data-end=\"482\">\u00d6zellikler:<\/strong><\/p>\n<ul data-start=\"485\" data-end=\"632\">\n<li data-start=\"485\" data-end=\"513\">\n<p data-start=\"487\" data-end=\"513\">Par\u00e7a Numaras\u0131: 50294753<\/p>\n<\/li>\n<li data-start=\"514\" data-end=\"544\">\n<p data-start=\"516\" data-end=\"544\">Uyumlu Marka: Jungheinrich<\/p>\n<\/li>\n<li data-start=\"545\" data-end=\"577\">\n<p data-start=\"547\" data-end=\"577\">Y\u00fcksek filtrasyon kapasitesi<\/p>\n<\/li>\n<li data-start=\"578\" data-end=\"614\">\n<p data-start=\"580\" data-end=\"614\">Dayan\u0131kl\u0131 ve uzun \u00f6m\u00fcrl\u00fc malzeme<\/p>\n<\/li>\n<li data-start=\"615\" data-end=\"632\">\n<p data-start=\"617\" data-end=\"632\">Kolay de\u011fi\u015fim<\/p>\n<\/li>\n<\/ul>\n","protected":false},"featured_media":17370,"template":"","meta":[],"product_brand":[],"product_cat":[236,498,522],"product_tag":[],"class_list":{"0":"post-17365","1":"product","2":"type-product","3":"status-publish","4":"has-post-thumbnail","6":"product_cat-jungheinrich","7":"product_cat-filtre-cesitleri","8":"product_cat-yedek-parca-jungheinrich","10":"first","11":"instock","12":"taxable","13":"shipping-taxable","14":"purchasable","15":"product-type-simple"},"_links":{"self":[{"href":"https:\/\/ceoparts.com\/tr\/wp-json\/wp\/v2\/product\/17365","targetHints":{"allow":["GET"]}}],"collection":[{"href":"https:\/\/ceoparts.com\/tr\/wp-json\/wp\/v2\/product"}],"about":[{"href":"https:\/\/ceoparts.com\/tr\/wp-json\/wp\/v2\/types\/product"}],"wp:featuredmedia":[{"embeddable":true,"href":"https:\/\/ceoparts.com\/tr\/wp-json\/wp\/v2\/media\/17370"}],"wp:attachment":[{"href":"https:\/\/ceoparts.com\/tr\/wp-json\/wp\/v2\/media?parent=17365"}],"wp:term":[{"taxonomy":"product_brand","embeddable":true,"href":"https:\/\/ceoparts.com\/tr\/wp-json\/wp\/v2\/product_brand?post=17365"},{"taxonomy":"product_cat","embeddable":true,"href":"https:\/\/ceoparts.com\/tr\/wp-json\/wp\/v2\/product_cat?post=17365"},{"taxonomy":"product_tag","embeddable":true,"href":"https:\/\/ceoparts.com\/tr\/wp-json\/wp\/v2\/product_tag?post=17365"}],"curies":[{"name":"wp","href":"https:\/\/api.w.org\/{rel}","templated":true}]}}