{"id":17371,"date":"2025-07-02T14:48:07","date_gmt":"2025-07-02T11:48:07","guid":{"rendered":"https:\/\/ceoparts.com\/?post_type=product&#038;p=17371"},"modified":"2026-05-16T19:51:59","modified_gmt":"2026-05-16T16:51:59","slug":"jungheinrich-destek-baglanti-parcasi-50463122","status":"publish","type":"product","link":"https:\/\/ceoparts.com\/tr\/urun\/jungheinrich-destek-baglanti-parcasi-50463122\/","title":{"rendered":"Jungheinrich Destek Ba\u011flant\u0131 Par\u00e7as\u0131 &#8211; 50463122"},"content":{"rendered":"<p>Jungheinrich Destek Ba\u011flant\u0131 Par\u00e7as\u0131 &#8211; 50463122<\/p>\n<table border=\"0\" width=\"236\" cellspacing=\"0\" cellpadding=\"0\">\n<colgroup>\n<col width=\"151\" \/>\n<col width=\"85\" \/><\/colgroup>\n<tbody>\n<tr>\n<td width=\"151\" height=\"17\"><span style=\"font-family: Arial CE; font-size: small;\">ETM\/V 214\/216<\/span><\/td>\n<td width=\"85\"><span style=\"font-family: Arial CE; font-size: small;\">12.03 &#8211;<\/span><\/td>\n<\/tr>\n<tr>\n<td height=\"17\"><span style=\"font-family: Arial CE; font-size: small;\">ETM\/V 320\/325<\/span><\/td>\n<td><span style=\"font-family: Arial CE; font-size: small;\">12.04 &#8211;<\/span><\/td>\n<\/tr>\n<tr>\n<td height=\"17\"><span style=\"font-family: Arial CE; font-size: small;\">ETV 110\/112<\/span><\/td>\n<td><span style=\"font-family: Arial CE; font-size: small;\">11.05 &#8211;<\/span><\/td>\n<\/tr>\n<tr>\n<td height=\"17\"><span style=\"font-family: Arial CE; font-size: small;\">ETV 114\/116<\/span><\/td>\n<td><span style=\"font-family: Arial CE; font-size: small;\">11.05 &#8211;<\/span><\/td>\n<\/tr>\n<tr>\n<td height=\"17\"><span style=\"font-family: Arial CE; font-size: small;\">ETV C 16<\/span><\/td>\n<td><span style=\"font-family: Arial CE; font-size: small;\">6.08 &#8211;<\/span><\/td>\n<\/tr>\n<tr>\n<td height=\"17\"><span style=\"font-family: Arial CE; font-size: small;\">ETV C 20<\/span><\/td>\n<td><span style=\"font-family: Arial CE; font-size: small;\">6.08 &#8211;<\/span><\/td>\n<\/tr>\n<tr>\n<td height=\"17\"><span style=\"font-family: Arial CE; font-size: small;\">ETVQ 20\/25<\/span><\/td>\n<td><span style=\"font-family: Arial CE; font-size: small;\">9.10 &#8211;<\/span><\/td>\n<\/tr>\n<\/tbody>\n<\/table>","protected":false},"excerpt":{"rendered":"<p data-start=\"116\" data-end=\"432\">Jungheinrich forkliftler i\u00e7in \u00fcretilen bu destek ba\u011flant\u0131 par\u00e7as\u0131, makine yap\u0131s\u0131n\u0131n stabilitesini ve dayan\u0131kl\u0131l\u0131\u011f\u0131n\u0131 art\u0131rmak amac\u0131yla kullan\u0131l\u0131r. Y\u00fck alt\u0131nda titre\u015fimleri azalt\u0131r ve ekipman\u0131n g\u00fcvenli \u00e7al\u0131\u015fmas\u0131n\u0131 sa\u011flar. Orijinal yedek par\u00e7a olup uzun \u00f6m\u00fcrl\u00fcd\u00fcr.<\/p>\n<p data-start=\"434\" data-end=\"451\"><strong data-start=\"434\" data-end=\"449\">\u00d6zellikler:<\/strong><\/p>\n<ul data-start=\"452\" data-end=\"582\">\n<li data-start=\"452\" data-end=\"480\">\n<p data-start=\"454\" data-end=\"480\">Par\u00e7a Numaras\u0131: 50463122<\/p>\n<\/li>\n<li data-start=\"481\" data-end=\"511\">\n<p data-start=\"483\" data-end=\"511\">Uyumlu Marka: Jungheinrich<\/p>\n<\/li>\n<li data-start=\"512\" data-end=\"535\">\n<p data-start=\"514\" data-end=\"535\">Y\u00fcksek dayan\u0131kl\u0131l\u0131k<\/p>\n<\/li>\n<li data-start=\"536\" data-end=\"565\">\n<p data-start=\"538\" data-end=\"565\">Titre\u015fim azalt\u0131c\u0131 \u00f6zellik<\/p>\n<\/li>\n<li data-start=\"566\" data-end=\"582\">\n<p data-start=\"568\" data-end=\"582\">Kolay montaj<\/p>\n<\/li>\n<\/ul>\n","protected":false},"featured_media":17375,"template":"","meta":[],"product_brand":[],"product_cat":[236,470,522],"product_tag":[],"class_list":{"0":"post-17371","1":"product","2":"type-product","3":"status-publish","4":"has-post-thumbnail","6":"product_cat-jungheinrich","7":"product_cat-diger-yedek-parcalar","8":"product_cat-yedek-parca-jungheinrich","10":"first","11":"instock","12":"taxable","13":"shipping-taxable","14":"purchasable","15":"product-type-simple"},"_links":{"self":[{"href":"https:\/\/ceoparts.com\/tr\/wp-json\/wp\/v2\/product\/17371","targetHints":{"allow":["GET"]}}],"collection":[{"href":"https:\/\/ceoparts.com\/tr\/wp-json\/wp\/v2\/product"}],"about":[{"href":"https:\/\/ceoparts.com\/tr\/wp-json\/wp\/v2\/types\/product"}],"wp:featuredmedia":[{"embeddable":true,"href":"https:\/\/ceoparts.com\/tr\/wp-json\/wp\/v2\/media\/17375"}],"wp:attachment":[{"href":"https:\/\/ceoparts.com\/tr\/wp-json\/wp\/v2\/media?parent=17371"}],"wp:term":[{"taxonomy":"product_brand","embeddable":true,"href":"https:\/\/ceoparts.com\/tr\/wp-json\/wp\/v2\/product_brand?post=17371"},{"taxonomy":"product_cat","embeddable":true,"href":"https:\/\/ceoparts.com\/tr\/wp-json\/wp\/v2\/product_cat?post=17371"},{"taxonomy":"product_tag","embeddable":true,"href":"https:\/\/ceoparts.com\/tr\/wp-json\/wp\/v2\/product_tag?post=17371"}],"curies":[{"name":"wp","href":"https:\/\/api.w.org\/{rel}","templated":true}]}}