{"id":17376,"date":"2025-07-02T15:22:30","date_gmt":"2025-07-02T12:22:30","guid":{"rendered":"https:\/\/ceoparts.com\/?post_type=product&#038;p=17376"},"modified":"2026-05-16T18:34:30","modified_gmt":"2026-05-16T15:34:30","slug":"hyster-arka-kapak","status":"publish","type":"product","link":"https:\/\/ceoparts.com\/tr\/urun\/hyster-arka-kapak\/","title":{"rendered":"Hyster Arka Kapak"},"content":{"rendered":"<p>Hyster Arka Kapak<\/p>","protected":false},"excerpt":{"rendered":"<p data-start=\"104\" data-end=\"350\">Hyster forkliftlerde kullan\u0131lan bu arka kapak, motor ve di\u011fer i\u00e7 bile\u015fenleri koruyarak forkliftin dayan\u0131kl\u0131l\u0131\u011f\u0131n\u0131 art\u0131r\u0131r. Sa\u011flam yap\u0131s\u0131 sayesinde d\u0131\u015f etkenlere kar\u015f\u0131 koruma sa\u011flar ve orijinal par\u00e7a kalitesi ile uyumludur.<\/p>\n<p data-start=\"352\" data-end=\"369\"><strong data-start=\"352\" data-end=\"367\">\u00d6zellikler:<\/strong><\/p>\n<ul data-start=\"370\" data-end=\"458\">\n<li data-start=\"370\" data-end=\"394\">\n<p data-start=\"372\" data-end=\"394\">Uyumlu Marka: Hyster<\/p>\n<\/li>\n<li data-start=\"395\" data-end=\"416\">\n<p data-start=\"397\" data-end=\"416\">Dayan\u0131kl\u0131 malzeme<\/p>\n<\/li>\n<li data-start=\"417\" data-end=\"433\">\n<p data-start=\"419\" data-end=\"433\">Kolay montaj<\/p>\n<\/li>\n<li data-start=\"434\" data-end=\"458\">\n<p data-start=\"436\" data-end=\"458\">Orijinal yedek par\u00e7a<\/p>\n<\/li>\n<\/ul>\n","protected":false},"featured_media":17381,"template":"","meta":[],"product_brand":[],"product_cat":[256,472,520],"product_tag":[],"class_list":{"0":"post-17376","1":"product","2":"type-product","3":"status-publish","4":"has-post-thumbnail","6":"product_cat-hyster","7":"product_cat-kaporta-aksami","8":"product_cat-yedek-parca-hyster","10":"first","11":"instock","12":"taxable","13":"shipping-taxable","14":"purchasable","15":"product-type-simple"},"_links":{"self":[{"href":"https:\/\/ceoparts.com\/tr\/wp-json\/wp\/v2\/product\/17376","targetHints":{"allow":["GET"]}}],"collection":[{"href":"https:\/\/ceoparts.com\/tr\/wp-json\/wp\/v2\/product"}],"about":[{"href":"https:\/\/ceoparts.com\/tr\/wp-json\/wp\/v2\/types\/product"}],"wp:featuredmedia":[{"embeddable":true,"href":"https:\/\/ceoparts.com\/tr\/wp-json\/wp\/v2\/media\/17381"}],"wp:attachment":[{"href":"https:\/\/ceoparts.com\/tr\/wp-json\/wp\/v2\/media?parent=17376"}],"wp:term":[{"taxonomy":"product_brand","embeddable":true,"href":"https:\/\/ceoparts.com\/tr\/wp-json\/wp\/v2\/product_brand?post=17376"},{"taxonomy":"product_cat","embeddable":true,"href":"https:\/\/ceoparts.com\/tr\/wp-json\/wp\/v2\/product_cat?post=17376"},{"taxonomy":"product_tag","embeddable":true,"href":"https:\/\/ceoparts.com\/tr\/wp-json\/wp\/v2\/product_tag?post=17376"}],"curies":[{"name":"wp","href":"https:\/\/api.w.org\/{rel}","templated":true}]}}