{"id":17382,"date":"2025-07-02T15:30:01","date_gmt":"2025-07-02T12:30:01","guid":{"rendered":"https:\/\/ceoparts.com\/?post_type=product&#038;p=17382"},"modified":"2026-05-16T17:12:41","modified_gmt":"2026-05-16T14:12:41","slug":"hyster-aku-kapagi","status":"publish","type":"product","link":"https:\/\/ceoparts.com\/tr\/urun\/hyster-aku-kapagi\/","title":{"rendered":"Hyster Ak\u00fc Kapa\u011f\u0131"},"content":{"rendered":"<p>Hyster Ak\u00fc Kapa\u011f\u0131<\/p>","protected":false},"excerpt":{"rendered":"<p data-start=\"104\" data-end=\"328\">Hyster forkliftlerde kullan\u0131lan bu ak\u00fc kapa\u011f\u0131, ak\u00fc b\u00f6lmesini g\u00fcvenli \u015fekilde korur ve d\u0131\u015f etkilerden koruma sa\u011flar. Sa\u011flam yap\u0131s\u0131 sayesinde uzun \u00f6m\u00fcrl\u00fcd\u00fcr ve orijinal par\u00e7a kalitesi ile tam uyumludur.<\/p>\n<p data-start=\"330\" data-end=\"347\"><strong data-start=\"330\" data-end=\"345\">\u00d6zellikler:<\/strong><\/p>\n<ul data-start=\"348\" data-end=\"436\">\n<li data-start=\"348\" data-end=\"372\">\n<p data-start=\"350\" data-end=\"372\">Uyumlu Marka: Hyster<\/p>\n<\/li>\n<li data-start=\"373\" data-end=\"394\">\n<p data-start=\"375\" data-end=\"394\">Dayan\u0131kl\u0131 malzeme<\/p>\n<\/li>\n<li data-start=\"395\" data-end=\"411\">\n<p data-start=\"397\" data-end=\"411\">Kolay montaj<\/p>\n<\/li>\n<li data-start=\"412\" data-end=\"436\">\n<p data-start=\"414\" data-end=\"436\">Orijinal yedek par\u00e7a<\/p>\n<\/li>\n<\/ul>\n","protected":false},"featured_media":17389,"template":"","meta":[],"product_brand":[],"product_cat":[256,472,520],"product_tag":[],"class_list":{"0":"post-17382","1":"product","2":"type-product","3":"status-publish","4":"has-post-thumbnail","6":"product_cat-hyster","7":"product_cat-kaporta-aksami","8":"product_cat-yedek-parca-hyster","10":"first","11":"instock","12":"taxable","13":"shipping-taxable","14":"purchasable","15":"product-type-simple"},"_links":{"self":[{"href":"https:\/\/ceoparts.com\/tr\/wp-json\/wp\/v2\/product\/17382","targetHints":{"allow":["GET"]}}],"collection":[{"href":"https:\/\/ceoparts.com\/tr\/wp-json\/wp\/v2\/product"}],"about":[{"href":"https:\/\/ceoparts.com\/tr\/wp-json\/wp\/v2\/types\/product"}],"wp:featuredmedia":[{"embeddable":true,"href":"https:\/\/ceoparts.com\/tr\/wp-json\/wp\/v2\/media\/17389"}],"wp:attachment":[{"href":"https:\/\/ceoparts.com\/tr\/wp-json\/wp\/v2\/media?parent=17382"}],"wp:term":[{"taxonomy":"product_brand","embeddable":true,"href":"https:\/\/ceoparts.com\/tr\/wp-json\/wp\/v2\/product_brand?post=17382"},{"taxonomy":"product_cat","embeddable":true,"href":"https:\/\/ceoparts.com\/tr\/wp-json\/wp\/v2\/product_cat?post=17382"},{"taxonomy":"product_tag","embeddable":true,"href":"https:\/\/ceoparts.com\/tr\/wp-json\/wp\/v2\/product_tag?post=17382"}],"curies":[{"name":"wp","href":"https:\/\/api.w.org\/{rel}","templated":true}]}}