{"id":17410,"date":"2025-07-03T15:06:17","date_gmt":"2025-07-03T12:06:17","guid":{"rendered":"https:\/\/ceoparts.com\/?post_type=product&#038;p=17410"},"modified":"2026-05-16T17:41:51","modified_gmt":"2026-05-16T14:41:51","slug":"manuel-transpalet-2-500-kg-sise-pompa-beyaz-teker","status":"publish","type":"product","link":"https:\/\/ceoparts.com\/tr\/urun\/manuel-transpalet-2-500-kg-sise-pompa-beyaz-teker\/","title":{"rendered":"Manuel Transpalet 2.500 Kg &#8211; \u015ei\u015fe\u00a0Pompa, Poliamid Teker"},"content":{"rendered":"<p>Manuel Transpalet 2.500 Kg &#8211; \u015ei\u015fe\u00a0Pompa, Poliamid Teker<\/p>","protected":false},"excerpt":{"rendered":"<h3 data-start=\"205\" data-end=\"269\">\u015ei\u015fe Pompa Transpalet \u2013 Hafif Dokunu\u015f, A\u011f\u0131r Y\u00fcklerin Ustas\u0131!<\/h3>\n<p data-start=\"271\" data-end=\"579\">Depo, \u00fcretim ve lojistik s\u00fcre\u00e7lerinizin vazge\u00e7ilmez \u00e7\u00f6z\u00fcm\u00fc: <strong data-start=\"331\" data-end=\"356\">\u015ei\u015fe Pompa Transpalet<\/strong>. \u00c7elik g\u00f6vdesiyle sa\u011flam, poli\u0307ami\u0307d tekerleri sayesinde sessiz ve kaygan zeminde bile kontroll\u00fc hareket kabiliyeti sunar. \u015ei\u015fe pompa yap\u0131s\u0131, daha pratik ve kolay pompalama sa\u011flar; d\u00fc\u015f\u00fck eforla y\u00fcksek performans al\u0131rs\u0131n\u0131z.<\/p>\n<p data-start=\"581\" data-end=\"651\"><strong data-start=\"581\" data-end=\"600\">Avantajl\u0131 fiyat<\/strong> ve h\u0131zl\u0131 teslimatla Ceoparts kalitesiyle sizlerle!<\/p>\n<h4 data-start=\"653\" data-end=\"676\">Teknik \u00d6zellikler:<\/h4>\n<ul data-start=\"677\" data-end=\"957\">\n<li data-start=\"677\" data-end=\"704\">\n<p data-start=\"679\" data-end=\"704\"><strong data-start=\"679\" data-end=\"693\">\u00dcr\u00fcn Tipi:<\/strong> \u015ei\u015fe Pompa<\/p>\n<\/li>\n<li data-start=\"705\" data-end=\"735\">\n<p data-start=\"707\" data-end=\"735\"><strong data-start=\"707\" data-end=\"719\">Malzeme:<\/strong> Dayan\u0131kl\u0131 \u00c7elik<\/p>\n<\/li>\n<li data-start=\"736\" data-end=\"765\">\n<p data-start=\"738\" data-end=\"765\"><strong data-start=\"738\" data-end=\"757\">Y\u00fck Kapasitesi:<\/strong> 2500 kg<\/p>\n<\/li>\n<li data-start=\"766\" data-end=\"828\">\n<p data-start=\"768\" data-end=\"828\"><strong data-start=\"768\" data-end=\"783\">Teker Tipi:<\/strong> 4x Poliamid (sert, dayan\u0131kl\u0131 ve uzun \u00f6m\u00fcrl\u00fc)<\/p>\n<\/li>\n<li data-start=\"829\" data-end=\"858\">\n<p data-start=\"831\" data-end=\"858\"><strong data-start=\"831\" data-end=\"850\">\u00c7atal Uzunlu\u011fu:<\/strong> 1150 mm<\/p>\n<\/li>\n<li data-start=\"859\" data-end=\"892\">\n<p data-start=\"861\" data-end=\"892\"><strong data-start=\"861\" data-end=\"885\">\u00c7atal \u00dcst\u00fc Geni\u015flik:<\/strong> 540 mm<\/p>\n<\/li>\n<li data-start=\"893\" data-end=\"923\">\n<p data-start=\"895\" data-end=\"923\"><strong data-start=\"895\" data-end=\"917\">Minimum Y\u00fckseklik:<\/strong> 85 mm<\/p>\n<\/li>\n<li data-start=\"924\" data-end=\"957\">\n<p data-start=\"926\" data-end=\"957\"><strong data-start=\"926\" data-end=\"950\">Kald\u0131rma Y\u00fcksekli\u011fi:<\/strong> 200 mm<\/p>\n<\/li>\n<\/ul>\n","protected":false},"featured_media":17411,"template":"","meta":[],"product_brand":[],"product_cat":[505],"product_tag":[],"class_list":{"0":"post-17410","1":"product","2":"type-product","3":"status-publish","4":"has-post-thumbnail","6":"product_cat-transpalet","8":"first","9":"instock","10":"taxable","11":"shipping-taxable","12":"purchasable","13":"product-type-simple"},"_links":{"self":[{"href":"https:\/\/ceoparts.com\/tr\/wp-json\/wp\/v2\/product\/17410","targetHints":{"allow":["GET"]}}],"collection":[{"href":"https:\/\/ceoparts.com\/tr\/wp-json\/wp\/v2\/product"}],"about":[{"href":"https:\/\/ceoparts.com\/tr\/wp-json\/wp\/v2\/types\/product"}],"wp:featuredmedia":[{"embeddable":true,"href":"https:\/\/ceoparts.com\/tr\/wp-json\/wp\/v2\/media\/17411"}],"wp:attachment":[{"href":"https:\/\/ceoparts.com\/tr\/wp-json\/wp\/v2\/media?parent=17410"}],"wp:term":[{"taxonomy":"product_brand","embeddable":true,"href":"https:\/\/ceoparts.com\/tr\/wp-json\/wp\/v2\/product_brand?post=17410"},{"taxonomy":"product_cat","embeddable":true,"href":"https:\/\/ceoparts.com\/tr\/wp-json\/wp\/v2\/product_cat?post=17410"},{"taxonomy":"product_tag","embeddable":true,"href":"https:\/\/ceoparts.com\/tr\/wp-json\/wp\/v2\/product_tag?post=17410"}],"curies":[{"name":"wp","href":"https:\/\/api.w.org\/{rel}","templated":true}]}}