{"id":17440,"date":"2025-07-07T16:44:30","date_gmt":"2025-07-07T13:44:30","guid":{"rendered":"https:\/\/ceoparts.com\/?post_type=product&#038;p=17440"},"modified":"2026-05-16T15:54:57","modified_gmt":"2026-05-16T12:54:57","slug":"still-motor-hiz-kontrol-cihazi-24-36v-200a-1243-42094779415","status":"publish","type":"product","link":"https:\/\/ceoparts.com\/tr\/urun\/still-motor-hiz-kontrol-cihazi-24-36v-200a-1243-42094779415\/","title":{"rendered":"STILL Motor H\u0131z Kontrol Cihaz\u0131 2.El 24-36V 200A -1243-42094779415"},"content":{"rendered":"<p>STILL Motor H\u0131z Kontrol Cihaz\u0131 2.El 24-36V 200A -1243-42094779415<\/p>","protected":false},"excerpt":{"rendered":"<p>Bu ikinci el motor h\u0131z kontrol cihaz\u0131, STILL marka elektrikli ara\u00e7lar ve forklift sistemleriyle uyumlu \u00e7al\u0131\u015facak \u015fekilde geli\u015ftirilmi\u015ftir. 24V ile 36V aras\u0131 gerilim aral\u0131\u011f\u0131nda \u00e7al\u0131\u015fan bu cihaz, 200A ak\u0131m kapasitesine sahiptir ve DC motorlar\u0131n hassas h\u0131z kontrol\u00fcn\u00fc sa\u011flar. End\u00fcstriyel kullan\u0131ma uygun dayan\u0131kl\u0131 yap\u0131s\u0131 sayesinde uzun \u00f6m\u00fcrl\u00fc performans sunar. Cihaz test edilmi\u015ftir ve tam \u00e7al\u0131\u015f\u0131r durumdad\u0131r.<\/p>\n<ul>\n<li><strong>Teknik \u00d6zellikler:<\/strong>Model: 1243-42094779415<\/li>\n<li>Durum: 2. El<\/li>\n<li>Gerilim: 24\u201336V DC<\/li>\n<li>Ak\u0131m Kapasitesi: 200A<\/li>\n<li>Uyumluluk: STILL marka elektrikli forklift ve ta\u015f\u0131ma sistemleri<\/li>\n<li>Kontrol Tipi: DC motor h\u0131z kontrol\u00fc<\/li>\n<li>Durum: Test Edilmi\u015f \u2013 Sorunsuz \u00c7al\u0131\u015f\u0131yor<\/li>\n<\/ul>\n","protected":false},"featured_media":17441,"template":"","meta":[],"product_brand":[],"product_cat":[241,433,524],"product_tag":[],"class_list":{"0":"post-17440","1":"product","2":"type-product","3":"status-publish","4":"has-post-thumbnail","6":"product_cat-still","7":"product_cat-ikinci-el-urunler","8":"product_cat-yedek-parca-still","10":"first","11":"instock","12":"taxable","13":"shipping-taxable","14":"purchasable","15":"product-type-simple"},"_links":{"self":[{"href":"https:\/\/ceoparts.com\/tr\/wp-json\/wp\/v2\/product\/17440","targetHints":{"allow":["GET"]}}],"collection":[{"href":"https:\/\/ceoparts.com\/tr\/wp-json\/wp\/v2\/product"}],"about":[{"href":"https:\/\/ceoparts.com\/tr\/wp-json\/wp\/v2\/types\/product"}],"wp:featuredmedia":[{"embeddable":true,"href":"https:\/\/ceoparts.com\/tr\/wp-json\/wp\/v2\/media\/17441"}],"wp:attachment":[{"href":"https:\/\/ceoparts.com\/tr\/wp-json\/wp\/v2\/media?parent=17440"}],"wp:term":[{"taxonomy":"product_brand","embeddable":true,"href":"https:\/\/ceoparts.com\/tr\/wp-json\/wp\/v2\/product_brand?post=17440"},{"taxonomy":"product_cat","embeddable":true,"href":"https:\/\/ceoparts.com\/tr\/wp-json\/wp\/v2\/product_cat?post=17440"},{"taxonomy":"product_tag","embeddable":true,"href":"https:\/\/ceoparts.com\/tr\/wp-json\/wp\/v2\/product_tag?post=17440"}],"curies":[{"name":"wp","href":"https:\/\/api.w.org\/{rel}","templated":true}]}}