{"id":17455,"date":"2025-07-08T09:21:01","date_gmt":"2025-07-08T06:21:01","guid":{"rendered":"https:\/\/ceoparts.com\/?post_type=product&#038;p=17455"},"modified":"2026-05-16T14:01:21","modified_gmt":"2026-05-16T11:01:21","slug":"curtis-aku-kontrolu-48-80v-300a-2-el","status":"publish","type":"product","link":"https:\/\/ceoparts.com\/tr\/urun\/curtis-aku-kontrolu-48-80v-300a-2-el\/","title":{"rendered":"Curtis Ak\u00fc Kontrol\u00fc 48-80V 300A 2.El"},"content":{"rendered":"<p>Curtis Ak\u00fc Kontrol\u00fc 48-80V 300A 2.El<\/p>","protected":false},"excerpt":{"rendered":"<p data-start=\"126\" data-end=\"435\">Bu Curtis ak\u00fc kontrol \u00fcnitesi, 48-80V aral\u0131\u011f\u0131nda \u00e7al\u0131\u015fan forkliftlerde kullan\u0131l\u0131r ve 300 amper ak\u0131m kapasitesine sahiptir. \u0130kinci el olup sa\u011flam ve test edilmi\u015ftir. Ak\u00fcn\u00fcn performans\u0131n\u0131 y\u00f6neterek enerji verimlili\u011fini art\u0131r\u0131r ve ekipman\u0131n sorunsuz \u00e7al\u0131\u015fmas\u0131n\u0131 sa\u011flar.<\/p>\n<p data-start=\"437\" data-end=\"454\"><strong data-start=\"437\" data-end=\"452\">\u00d6zellikler:<\/strong><\/p>\n<ul data-start=\"455\" data-end=\"563\">\n<li data-start=\"455\" data-end=\"473\">\n<p data-start=\"457\" data-end=\"473\">Voltaj: 48-80V<\/p>\n<\/li>\n<li data-start=\"474\" data-end=\"488\">\n<p data-start=\"476\" data-end=\"488\">Ak\u0131m: 300A<\/p>\n<\/li>\n<li data-start=\"489\" data-end=\"520\">\n<p data-start=\"491\" data-end=\"520\">Durumu: 2. El, test edilmi\u015f<\/p>\n<\/li>\n<li data-start=\"521\" data-end=\"538\">\n<p data-start=\"523\" data-end=\"538\">Marka: Curtis<\/p>\n<\/li>\n<li data-start=\"539\" data-end=\"563\">\n<p data-start=\"541\" data-end=\"563\">Kolay montaj ve uyum<\/p>\n<\/li>\n<\/ul>\n","protected":false},"featured_media":17456,"template":"","meta":[],"product_brand":[],"product_cat":[433],"product_tag":[],"class_list":{"0":"post-17455","1":"product","2":"type-product","3":"status-publish","4":"has-post-thumbnail","6":"product_cat-ikinci-el-urunler","8":"first","9":"instock","10":"taxable","11":"shipping-taxable","12":"purchasable","13":"product-type-simple"},"_links":{"self":[{"href":"https:\/\/ceoparts.com\/tr\/wp-json\/wp\/v2\/product\/17455","targetHints":{"allow":["GET"]}}],"collection":[{"href":"https:\/\/ceoparts.com\/tr\/wp-json\/wp\/v2\/product"}],"about":[{"href":"https:\/\/ceoparts.com\/tr\/wp-json\/wp\/v2\/types\/product"}],"wp:featuredmedia":[{"embeddable":true,"href":"https:\/\/ceoparts.com\/tr\/wp-json\/wp\/v2\/media\/17456"}],"wp:attachment":[{"href":"https:\/\/ceoparts.com\/tr\/wp-json\/wp\/v2\/media?parent=17455"}],"wp:term":[{"taxonomy":"product_brand","embeddable":true,"href":"https:\/\/ceoparts.com\/tr\/wp-json\/wp\/v2\/product_brand?post=17455"},{"taxonomy":"product_cat","embeddable":true,"href":"https:\/\/ceoparts.com\/tr\/wp-json\/wp\/v2\/product_cat?post=17455"},{"taxonomy":"product_tag","embeddable":true,"href":"https:\/\/ceoparts.com\/tr\/wp-json\/wp\/v2\/product_tag?post=17455"}],"curies":[{"name":"wp","href":"https:\/\/api.w.org\/{rel}","templated":true}]}}