{"id":17478,"date":"2025-07-08T14:10:38","date_gmt":"2025-07-08T11:10:38","guid":{"rendered":"https:\/\/ceoparts.com\/?post_type=product&#038;p=17478"},"modified":"2026-05-16T19:50:50","modified_gmt":"2026-05-16T16:50:50","slug":"junghinrich-grup-kart-2-el-50460792","status":"publish","type":"product","link":"https:\/\/ceoparts.com\/tr\/urun\/junghinrich-grup-kart-2-el-50460792\/","title":{"rendered":"Junghinrich Grup Kart 2. El &#8211; 50460792"},"content":{"rendered":"<p>Junghinrich Grup Kart 2. El &#8211; 50460792<\/p>","protected":false},"excerpt":{"rendered":"<p data-start=\"175\" data-end=\"459\">Junghinrich marka forkliftler i\u00e7in tasarlanm\u0131\u015f grup kartt\u0131r. 2. el olarak sunulan bu kart test edilmi\u015f ve sorunsuz \u00e7al\u0131\u015fmaktad\u0131r. Forkliftlerin elektrik kontrol sistemlerinde g\u00fcvenilir performans sa\u011flar. End\u00fcstriyel kullan\u0131m i\u00e7in uygundur.<\/p>\n<p data-start=\"461\" data-end=\"628\"><strong data-start=\"461\" data-end=\"483\">Teknik \u00d6zellikler:<\/strong><br data-start=\"483\" data-end=\"486\" \/>\u2022 Model: 50460792<br data-start=\"503\" data-end=\"506\" \/>\u2022 Durum: 2. El, test edilmi\u015f<br data-start=\"534\" data-end=\"537\" \/>\u2022 Kullan\u0131m: Forklift grup kart\u0131<br data-start=\"568\" data-end=\"571\" \/>\u2022 Marka: Junghinrich<br data-start=\"591\" data-end=\"594\" \/>\u2022 \u00d6zellikler: Dayan\u0131kl\u0131, g\u00fcvenilir<\/p>\n","protected":false},"featured_media":17483,"template":"","meta":[],"product_brand":[],"product_cat":[236,433,522],"product_tag":[],"class_list":{"0":"post-17478","1":"product","2":"type-product","3":"status-publish","4":"has-post-thumbnail","6":"product_cat-jungheinrich","7":"product_cat-ikinci-el-urunler","8":"product_cat-yedek-parca-jungheinrich","10":"first","11":"instock","12":"taxable","13":"shipping-taxable","14":"purchasable","15":"product-type-simple"},"_links":{"self":[{"href":"https:\/\/ceoparts.com\/tr\/wp-json\/wp\/v2\/product\/17478","targetHints":{"allow":["GET"]}}],"collection":[{"href":"https:\/\/ceoparts.com\/tr\/wp-json\/wp\/v2\/product"}],"about":[{"href":"https:\/\/ceoparts.com\/tr\/wp-json\/wp\/v2\/types\/product"}],"wp:featuredmedia":[{"embeddable":true,"href":"https:\/\/ceoparts.com\/tr\/wp-json\/wp\/v2\/media\/17483"}],"wp:attachment":[{"href":"https:\/\/ceoparts.com\/tr\/wp-json\/wp\/v2\/media?parent=17478"}],"wp:term":[{"taxonomy":"product_brand","embeddable":true,"href":"https:\/\/ceoparts.com\/tr\/wp-json\/wp\/v2\/product_brand?post=17478"},{"taxonomy":"product_cat","embeddable":true,"href":"https:\/\/ceoparts.com\/tr\/wp-json\/wp\/v2\/product_cat?post=17478"},{"taxonomy":"product_tag","embeddable":true,"href":"https:\/\/ceoparts.com\/tr\/wp-json\/wp\/v2\/product_tag?post=17478"}],"curies":[{"name":"wp","href":"https:\/\/api.w.org\/{rel}","templated":true}]}}