{"id":17491,"date":"2025-07-08T16:26:19","date_gmt":"2025-07-08T13:26:19","guid":{"rendered":"https:\/\/ceoparts.com\/?post_type=product&#038;p=17491"},"modified":"2026-05-16T14:32:47","modified_gmt":"2026-05-16T11:32:47","slug":"komatsu-dualac2-power-zapi-48-v-2-el","status":"publish","type":"product","link":"https:\/\/ceoparts.com\/tr\/urun\/komatsu-dualac2-power-zapi-48-v-2-el\/","title":{"rendered":"Komatsu Dualac2 Power Zapi 48 V 2.El"},"content":{"rendered":"<p>Komatsu Dualac2 Power Zapi 48 V 2.El<\/p>","protected":false},"excerpt":{"rendered":"<p data-start=\"173\" data-end=\"476\">Komatsu marka Dualac2 Power Zapi kontrol \u00fcnitesi, 48 Volt gerilim ile forklift ve elektrikli ara\u00e7larda enerji y\u00f6netimi sa\u011flar. 2. el olarak sunulan bu \u00fcr\u00fcn test edilmi\u015f, sorunsuz \u00e7al\u0131\u015fmaktad\u0131r. End\u00fcstriyel uygulamalarda y\u00fcksek performans ve dayan\u0131kl\u0131l\u0131k sunar.<\/p>\n<p data-start=\"478\" data-end=\"656\"><strong data-start=\"478\" data-end=\"500\">Teknik \u00d6zellikler:<\/strong><br data-start=\"500\" data-end=\"503\" \/>\u2022 Model: Dualac2 Power Zapi<br data-start=\"530\" data-end=\"533\" \/>\u2022 Gerilim: 48 V<br data-start=\"548\" data-end=\"551\" \/>\u2022 Durum: 2. El, test edilmi\u015f<br data-start=\"579\" data-end=\"582\" \/>\u2022 Kullan\u0131m: Forklift ve elektrikli ara\u00e7 enerji y\u00f6netimi<br data-start=\"637\" data-end=\"640\" \/>\u2022 Marka: Komatsu<\/p>\n","protected":false},"featured_media":17493,"template":"","meta":[],"product_brand":[],"product_cat":[433],"product_tag":[],"class_list":{"0":"post-17491","1":"product","2":"type-product","3":"status-publish","4":"has-post-thumbnail","6":"product_cat-ikinci-el-urunler","8":"first","9":"instock","10":"taxable","11":"shipping-taxable","12":"purchasable","13":"product-type-simple"},"_links":{"self":[{"href":"https:\/\/ceoparts.com\/tr\/wp-json\/wp\/v2\/product\/17491","targetHints":{"allow":["GET"]}}],"collection":[{"href":"https:\/\/ceoparts.com\/tr\/wp-json\/wp\/v2\/product"}],"about":[{"href":"https:\/\/ceoparts.com\/tr\/wp-json\/wp\/v2\/types\/product"}],"wp:featuredmedia":[{"embeddable":true,"href":"https:\/\/ceoparts.com\/tr\/wp-json\/wp\/v2\/media\/17493"}],"wp:attachment":[{"href":"https:\/\/ceoparts.com\/tr\/wp-json\/wp\/v2\/media?parent=17491"}],"wp:term":[{"taxonomy":"product_brand","embeddable":true,"href":"https:\/\/ceoparts.com\/tr\/wp-json\/wp\/v2\/product_brand?post=17491"},{"taxonomy":"product_cat","embeddable":true,"href":"https:\/\/ceoparts.com\/tr\/wp-json\/wp\/v2\/product_cat?post=17491"},{"taxonomy":"product_tag","embeddable":true,"href":"https:\/\/ceoparts.com\/tr\/wp-json\/wp\/v2\/product_tag?post=17491"}],"curies":[{"name":"wp","href":"https:\/\/api.w.org\/{rel}","templated":true}]}}