{"id":17502,"date":"2025-07-08T17:08:28","date_gmt":"2025-07-08T14:08:28","guid":{"rendered":"https:\/\/ceoparts.com\/?post_type=product&#038;p=17502"},"modified":"2026-05-16T19:44:39","modified_gmt":"2026-05-16T16:44:39","slug":"still-fmx-yuruyus-tekeri-bijonu-519996","status":"publish","type":"product","link":"https:\/\/ceoparts.com\/tr\/urun\/still-fmx-yuruyus-tekeri-bijonu-519996\/","title":{"rendered":"Still FMX Y\u00fcr\u00fcy\u00fc\u015f Tekeri Bijonu &#8211; 519996"},"content":{"rendered":"<p>Still FMX Y\u00fcr\u00fcy\u00fc\u015f Tekeri Bijonu &#8211; 519996<\/p>\n<p>Still 519996<br \/>\nR20,<br \/>\nR50,<br \/>\nR60,<br \/>\nR70,<br \/>\nRX50,<br \/>\nRX20,<br \/>\nRX60,<br \/>\nRX70<\/p>","protected":false},"excerpt":{"rendered":"<p data-start=\"158\" data-end=\"416\">Still FMX model forkliftlerin y\u00fcr\u00fcy\u00fc\u015f tekerlerine \u00f6zel olarak \u00fcretilmi\u015f bijon somunu. Y\u00fcksek dayan\u0131kl\u0131l\u0131\u011fa sahip olup, tekerlerin g\u00fcvenli \u015fekilde montaj\u0131n\u0131 sa\u011flar. Orijinal par\u00e7a kalitesinde olup uzun \u00f6m\u00fcrl\u00fcd\u00fcr.<\/p>\n<p data-start=\"418\" data-end=\"569\"><strong data-start=\"418\" data-end=\"440\">Teknik \u00d6zellikler:<\/strong><br data-start=\"440\" data-end=\"443\" \/>\u2022 Uyumlu Model: Still FMX<br data-start=\"468\" data-end=\"471\" \/>\u2022 Par\u00e7a Kodu: 519996<br data-start=\"491\" data-end=\"494\" \/>\u2022 Kullan\u0131m: Y\u00fcr\u00fcy\u00fc\u015f tekeri bijonu<br data-start=\"527\" data-end=\"530\" \/>\u2022 \u00d6zellikler: Dayan\u0131kl\u0131, g\u00fcvenli montaj<\/p>\n","protected":false},"featured_media":17503,"template":"","meta":[],"product_brand":[],"product_cat":[241,467,524],"product_tag":[],"class_list":{"0":"post-17502","1":"product","2":"type-product","3":"status-publish","4":"has-post-thumbnail","6":"product_cat-still","7":"product_cat-mil-grubu","8":"product_cat-yedek-parca-still","10":"first","11":"instock","12":"taxable","13":"shipping-taxable","14":"purchasable","15":"product-type-simple"},"_links":{"self":[{"href":"https:\/\/ceoparts.com\/tr\/wp-json\/wp\/v2\/product\/17502","targetHints":{"allow":["GET"]}}],"collection":[{"href":"https:\/\/ceoparts.com\/tr\/wp-json\/wp\/v2\/product"}],"about":[{"href":"https:\/\/ceoparts.com\/tr\/wp-json\/wp\/v2\/types\/product"}],"wp:featuredmedia":[{"embeddable":true,"href":"https:\/\/ceoparts.com\/tr\/wp-json\/wp\/v2\/media\/17503"}],"wp:attachment":[{"href":"https:\/\/ceoparts.com\/tr\/wp-json\/wp\/v2\/media?parent=17502"}],"wp:term":[{"taxonomy":"product_brand","embeddable":true,"href":"https:\/\/ceoparts.com\/tr\/wp-json\/wp\/v2\/product_brand?post=17502"},{"taxonomy":"product_cat","embeddable":true,"href":"https:\/\/ceoparts.com\/tr\/wp-json\/wp\/v2\/product_cat?post=17502"},{"taxonomy":"product_tag","embeddable":true,"href":"https:\/\/ceoparts.com\/tr\/wp-json\/wp\/v2\/product_tag?post=17502"}],"curies":[{"name":"wp","href":"https:\/\/api.w.org\/{rel}","templated":true}]}}