{"id":17507,"date":"2025-07-08T17:27:31","date_gmt":"2025-07-08T14:27:31","guid":{"rendered":"https:\/\/ceoparts.com\/?post_type=product&#038;p=17507"},"modified":"2026-05-16T21:09:13","modified_gmt":"2026-05-16T18:09:13","slug":"still-exu-grup-kart-24-v-3903702068","status":"publish","type":"product","link":"https:\/\/ceoparts.com\/tr\/urun\/still-exu-grup-kart-24-v-3903702068\/","title":{"rendered":"STILL EXU Grup Kart 24 V &#8211; 3903702068"},"content":{"rendered":"<p>STILL EXU Grup Kart 24 V &#8211; 3903702068<\/p>","protected":false},"excerpt":{"rendered":"<p data-start=\"156\" data-end=\"431\">STILL marka EXU serisi forklift ve elektrikli ara\u00e7lar i\u00e7in \u00f6zel olarak tasarlanm\u0131\u015f 24 Volt grup kartt\u0131r. Ara\u00e7lar\u0131n elektriksel kontrol\u00fcn\u00fc sa\u011flar ve y\u00fcksek dayan\u0131kl\u0131l\u0131k ile g\u00fcvenilir performans sunar. End\u00fcstriyel kullan\u0131ma uygundur.<\/p>\n<p data-start=\"433\" data-end=\"616\"><strong data-start=\"433\" data-end=\"455\">Teknik \u00d6zellikler:<\/strong><br data-start=\"455\" data-end=\"458\" \/>\u2022 Model: 3903702068<br data-start=\"477\" data-end=\"480\" \/>\u2022 Gerilim: 24 V<br data-start=\"495\" data-end=\"498\" \/>\u2022 Uyumlu Marka: STILL EXU<br data-start=\"523\" data-end=\"526\" \/>\u2022 Kullan\u0131m: Forklift ve elektrikli ara\u00e7 kontrol kart\u0131<br data-start=\"579\" data-end=\"582\" \/>\u2022 \u00d6zellikler: Dayan\u0131kl\u0131, g\u00fcvenilir<\/p>\n","protected":false},"featured_media":17509,"template":"","meta":[],"product_brand":[],"product_cat":[241,431,524],"product_tag":[],"class_list":{"0":"post-17507","1":"product","2":"type-product","3":"status-publish","4":"has-post-thumbnail","6":"product_cat-still","7":"product_cat-ekranlar-ve-kartlar","8":"product_cat-yedek-parca-still","10":"first","11":"instock","12":"taxable","13":"shipping-taxable","14":"purchasable","15":"product-type-simple"},"_links":{"self":[{"href":"https:\/\/ceoparts.com\/tr\/wp-json\/wp\/v2\/product\/17507","targetHints":{"allow":["GET"]}}],"collection":[{"href":"https:\/\/ceoparts.com\/tr\/wp-json\/wp\/v2\/product"}],"about":[{"href":"https:\/\/ceoparts.com\/tr\/wp-json\/wp\/v2\/types\/product"}],"wp:featuredmedia":[{"embeddable":true,"href":"https:\/\/ceoparts.com\/tr\/wp-json\/wp\/v2\/media\/17509"}],"wp:attachment":[{"href":"https:\/\/ceoparts.com\/tr\/wp-json\/wp\/v2\/media?parent=17507"}],"wp:term":[{"taxonomy":"product_brand","embeddable":true,"href":"https:\/\/ceoparts.com\/tr\/wp-json\/wp\/v2\/product_brand?post=17507"},{"taxonomy":"product_cat","embeddable":true,"href":"https:\/\/ceoparts.com\/tr\/wp-json\/wp\/v2\/product_cat?post=17507"},{"taxonomy":"product_tag","embeddable":true,"href":"https:\/\/ceoparts.com\/tr\/wp-json\/wp\/v2\/product_tag?post=17507"}],"curies":[{"name":"wp","href":"https:\/\/api.w.org\/{rel}","templated":true}]}}