{"id":17513,"date":"2025-07-08T17:33:34","date_gmt":"2025-07-08T14:33:34","guid":{"rendered":"https:\/\/ceoparts.com\/?post_type=product&#038;p=17513"},"modified":"2026-05-16T14:16:07","modified_gmt":"2026-05-16T11:16:07","slug":"komatsu-ac-2-inverter-48-v-300a-2-el","status":"publish","type":"product","link":"https:\/\/ceoparts.com\/tr\/urun\/komatsu-ac-2-inverter-48-v-300a-2-el\/","title":{"rendered":"Komatsu Ac-2 Inverter 48 V 300A 2.El"},"content":{"rendered":"<p>Komatsu Ac-2 Inverter 48 V 300A 2.El<\/p>","protected":false},"excerpt":{"rendered":"<p data-start=\"173\" data-end=\"477\">Komatsu marka AC-2 inverter, 48 Volt ve 300 Amper kapasitesiyle forklift ve elektrikli ara\u00e7larda enerji kontrol\u00fc sa\u011flar. 2. el olarak sunulan bu inverter, test edilmi\u015f ve sorunsuz \u00e7al\u0131\u015fmaktad\u0131r. End\u00fcstriyel uygulamalarda y\u00fcksek performans ve dayan\u0131kl\u0131l\u0131k sunar.<\/p>\n<p data-start=\"479\" data-end=\"659\"><strong data-start=\"479\" data-end=\"501\">Teknik \u00d6zellikler:<\/strong><br data-start=\"501\" data-end=\"504\" \/>\u2022 Model: AC-2<br data-start=\"517\" data-end=\"520\" \/>\u2022 Gerilim: 48 V<br data-start=\"535\" data-end=\"538\" \/>\u2022 Ak\u0131m: 300 A<br data-start=\"551\" data-end=\"554\" \/>\u2022 Durum: 2. El, test edilmi\u015f<br data-start=\"582\" data-end=\"585\" \/>\u2022 Kullan\u0131m: Forklift ve elektrikli ara\u00e7 enerji kontrol\u00fc<br data-start=\"640\" data-end=\"643\" \/>\u2022 Marka: Komatsu<\/p>\n","protected":false},"featured_media":17517,"template":"","meta":[],"product_brand":[],"product_cat":[433],"product_tag":[],"class_list":{"0":"post-17513","1":"product","2":"type-product","3":"status-publish","4":"has-post-thumbnail","6":"product_cat-ikinci-el-urunler","8":"first","9":"instock","10":"taxable","11":"shipping-taxable","12":"purchasable","13":"product-type-simple"},"_links":{"self":[{"href":"https:\/\/ceoparts.com\/tr\/wp-json\/wp\/v2\/product\/17513","targetHints":{"allow":["GET"]}}],"collection":[{"href":"https:\/\/ceoparts.com\/tr\/wp-json\/wp\/v2\/product"}],"about":[{"href":"https:\/\/ceoparts.com\/tr\/wp-json\/wp\/v2\/types\/product"}],"wp:featuredmedia":[{"embeddable":true,"href":"https:\/\/ceoparts.com\/tr\/wp-json\/wp\/v2\/media\/17517"}],"wp:attachment":[{"href":"https:\/\/ceoparts.com\/tr\/wp-json\/wp\/v2\/media?parent=17513"}],"wp:term":[{"taxonomy":"product_brand","embeddable":true,"href":"https:\/\/ceoparts.com\/tr\/wp-json\/wp\/v2\/product_brand?post=17513"},{"taxonomy":"product_cat","embeddable":true,"href":"https:\/\/ceoparts.com\/tr\/wp-json\/wp\/v2\/product_cat?post=17513"},{"taxonomy":"product_tag","embeddable":true,"href":"https:\/\/ceoparts.com\/tr\/wp-json\/wp\/v2\/product_tag?post=17513"}],"curies":[{"name":"wp","href":"https:\/\/api.w.org\/{rel}","templated":true}]}}