{"id":17518,"date":"2025-07-08T17:48:59","date_gmt":"2025-07-08T14:48:59","guid":{"rendered":"https:\/\/ceoparts.com\/?post_type=product&#038;p=17518"},"modified":"2026-05-16T17:29:15","modified_gmt":"2026-05-16T14:29:15","slug":"254x85-30-msl-yuruyus-tekeri-805808","status":"publish","type":"product","link":"https:\/\/ceoparts.com\/tr\/urun\/254x85-30-msl-yuruyus-tekeri-805808\/","title":{"rendered":"254&#215;85-30 MSL Y\u00fcr\u00fcy\u00fc\u015f Tekeri &#8211; 805808"},"content":{"rendered":"<p>254&#215;85-30 MSL Y\u00fcr\u00fcy\u00fc\u015f Tekeri &#8211; 805808<\/p>","protected":false},"excerpt":{"rendered":"<p data-start=\"167\" data-end=\"467\">Bu y\u00fcr\u00fcy\u00fc\u015f tekeri, a\u011f\u0131r y\u00fck ta\u015f\u0131ma ve end\u00fcstriyel uygulamalar i\u00e7in tasarlanm\u0131\u015ft\u0131r. 254 mm \u00e7ap, 85 mm geni\u015flik ve 30 mm yatak \u00e7ap\u0131na sahiptir. Dayan\u0131kl\u0131 malzemesi ve y\u00fcksek performans\u0131yla forklift ve ta\u015f\u0131ma sistemlerinde g\u00fcvenilir kullan\u0131m sa\u011flar.<\/p>\n<p data-start=\"469\" data-end=\"659\"><strong data-start=\"469\" data-end=\"491\">Teknik \u00d6zellikler:<\/strong><br data-start=\"491\" data-end=\"494\" \/>\u2022 \u00d6l\u00e7\u00fcler: 254\u00d785-30 mm<br data-start=\"517\" data-end=\"520\" \/>\u2022 Marka: MSL<br data-start=\"532\" data-end=\"535\" \/>\u2022 Par\u00e7a Kodu: 805808<br data-start=\"555\" data-end=\"558\" \/>\u2022 Kullan\u0131m Alan\u0131: Forklift ve a\u011f\u0131r y\u00fck ta\u015f\u0131ma sistemleri<br data-start=\"614\" data-end=\"617\" \/>\u2022 \u00d6zellikler: Dayan\u0131kl\u0131, y\u00fcksek performans<\/p>\n","protected":false},"featured_media":17523,"template":"","meta":[],"product_brand":[],"product_cat":[397],"product_tag":[],"class_list":{"0":"post-17518","1":"product","2":"type-product","3":"status-publish","4":"has-post-thumbnail","6":"product_cat-yuruyus-tekeri-ceo","8":"first","9":"instock","10":"taxable","11":"shipping-taxable","12":"purchasable","13":"product-type-simple"},"_links":{"self":[{"href":"https:\/\/ceoparts.com\/tr\/wp-json\/wp\/v2\/product\/17518","targetHints":{"allow":["GET"]}}],"collection":[{"href":"https:\/\/ceoparts.com\/tr\/wp-json\/wp\/v2\/product"}],"about":[{"href":"https:\/\/ceoparts.com\/tr\/wp-json\/wp\/v2\/types\/product"}],"wp:featuredmedia":[{"embeddable":true,"href":"https:\/\/ceoparts.com\/tr\/wp-json\/wp\/v2\/media\/17523"}],"wp:attachment":[{"href":"https:\/\/ceoparts.com\/tr\/wp-json\/wp\/v2\/media?parent=17518"}],"wp:term":[{"taxonomy":"product_brand","embeddable":true,"href":"https:\/\/ceoparts.com\/tr\/wp-json\/wp\/v2\/product_brand?post=17518"},{"taxonomy":"product_cat","embeddable":true,"href":"https:\/\/ceoparts.com\/tr\/wp-json\/wp\/v2\/product_cat?post=17518"},{"taxonomy":"product_tag","embeddable":true,"href":"https:\/\/ceoparts.com\/tr\/wp-json\/wp\/v2\/product_tag?post=17518"}],"curies":[{"name":"wp","href":"https:\/\/api.w.org\/{rel}","templated":true}]}}