{"id":17527,"date":"2025-07-09T11:24:25","date_gmt":"2025-07-09T08:24:25","guid":{"rendered":"https:\/\/ceoparts.com\/?post_type=product&#038;p=17527"},"modified":"2026-05-16T09:44:38","modified_gmt":"2026-05-16T06:44:38","slug":"zapi-kart-fc2329-2-el","status":"publish","type":"product","link":"https:\/\/ceoparts.com\/tr\/urun\/zapi-kart-fc2329-2-el\/","title":{"rendered":"Zapi Kart FC2329 2.El"},"content":{"rendered":"<p>Zapi Kart FC2329 2.El<\/p>","protected":false},"excerpt":{"rendered":"<p data-start=\"151\" data-end=\"391\">Zapi marka FC2329 kontrol kart\u0131, forklift ve elektrikli ara\u00e7larda kullan\u0131l\u0131r. 2. el olarak sunulan bu kart, test edilmi\u015f ve sorunsuz \u00e7al\u0131\u015fmaktad\u0131r. End\u00fcstriyel otomasyon sistemlerinde g\u00fcvenilir performans sa\u011flar.<\/p>\n<p data-start=\"393\" data-end=\"531\"><strong data-start=\"393\" data-end=\"415\">Teknik \u00d6zellikler:<\/strong><br data-start=\"415\" data-end=\"418\" \/>\u2022 Model: FC2329<br data-start=\"433\" data-end=\"436\" \/>\u2022 Durum: 2. El, test edilmi\u015f<br data-start=\"464\" data-end=\"467\" \/>\u2022 Kullan\u0131m: Forklift ve elektrikli ara\u00e7 kontrol\u00fc<br data-start=\"515\" data-end=\"518\" \/>\u2022 Marka: Zapi<\/p>\n","protected":false},"featured_media":17499,"template":"","meta":[],"product_brand":[],"product_cat":[433],"product_tag":[],"class_list":{"0":"post-17527","1":"product","2":"type-product","3":"status-publish","4":"has-post-thumbnail","6":"product_cat-ikinci-el-urunler","8":"first","9":"instock","10":"taxable","11":"shipping-taxable","12":"purchasable","13":"product-type-simple"},"_links":{"self":[{"href":"https:\/\/ceoparts.com\/tr\/wp-json\/wp\/v2\/product\/17527","targetHints":{"allow":["GET"]}}],"collection":[{"href":"https:\/\/ceoparts.com\/tr\/wp-json\/wp\/v2\/product"}],"about":[{"href":"https:\/\/ceoparts.com\/tr\/wp-json\/wp\/v2\/types\/product"}],"wp:featuredmedia":[{"embeddable":true,"href":"https:\/\/ceoparts.com\/tr\/wp-json\/wp\/v2\/media\/17499"}],"wp:attachment":[{"href":"https:\/\/ceoparts.com\/tr\/wp-json\/wp\/v2\/media?parent=17527"}],"wp:term":[{"taxonomy":"product_brand","embeddable":true,"href":"https:\/\/ceoparts.com\/tr\/wp-json\/wp\/v2\/product_brand?post=17527"},{"taxonomy":"product_cat","embeddable":true,"href":"https:\/\/ceoparts.com\/tr\/wp-json\/wp\/v2\/product_cat?post=17527"},{"taxonomy":"product_tag","embeddable":true,"href":"https:\/\/ceoparts.com\/tr\/wp-json\/wp\/v2\/product_tag?post=17527"}],"curies":[{"name":"wp","href":"https:\/\/api.w.org\/{rel}","templated":true}]}}