{"id":17528,"date":"2025-07-09T17:03:27","date_gmt":"2025-07-09T14:03:27","guid":{"rendered":"https:\/\/ceoparts.com\/?post_type=product&#038;p=17528"},"modified":"2026-05-16T11:02:37","modified_gmt":"2026-05-16T08:02:37","slug":"6206-rs-denge-teker-rulmani-30x62x16","status":"publish","type":"product","link":"https:\/\/ceoparts.com\/tr\/urun\/6206-rs-denge-teker-rulmani-30x62x16\/","title":{"rendered":"6206 RS Denge Teker Rulman\u0131 30x62x16"},"content":{"rendered":"<p>6206 RS Denge Teker Rulman\u0131 30x62x16<\/p>","protected":false},"excerpt":{"rendered":"<p data-start=\"157\" data-end=\"489\">Bu rulman, \u00f6zellikle denge tekerleklerinde kullan\u0131lmak \u00fczere tasarlanm\u0131\u015ft\u0131r. 6206 RS modeli, tek taraf\u0131 kau\u00e7uk kapakl\u0131 olup toz ve kir giri\u015fini engeller. 30 mm i\u00e7 \u00e7ap, 62 mm d\u0131\u015f \u00e7ap ve 16 mm kal\u0131nl\u0131\u011fa sahiptir. Sessiz \u00e7al\u0131\u015fmas\u0131 ve uzun \u00f6m\u00fcrl\u00fc yap\u0131s\u0131yla end\u00fcstriyel kullan\u0131ma uygundur.<\/p>\n<p data-start=\"491\" data-end=\"686\"><strong data-start=\"491\" data-end=\"513\">Teknik \u00d6zellikler:<\/strong><br data-start=\"513\" data-end=\"516\" \/>\u2022 Model: 6206 RS<br data-start=\"532\" data-end=\"535\" \/>\u2022 \u00d6l\u00e7\u00fcler: 30x62x16 mm<br data-start=\"557\" data-end=\"560\" \/>\u2022 Tip: Denge teker rulman\u0131<br data-start=\"586\" data-end=\"589\" \/>\u2022 Kapak: Tek tarafl\u0131 kau\u00e7uk (RS)<br data-start=\"621\" data-end=\"624\" \/>\u2022 Kullan\u0131m: Forkliftler, end\u00fcstriyel ara\u00e7lar, teker sistemleri<\/p>\n","protected":false},"featured_media":17532,"template":"","meta":[],"product_brand":[],"product_cat":[458],"product_tag":[],"class_list":{"0":"post-17528","1":"product","2":"type-product","3":"status-publish","4":"has-post-thumbnail","6":"product_cat-denge-teker-rulmanlari","8":"first","9":"instock","10":"taxable","11":"shipping-taxable","12":"purchasable","13":"product-type-simple"},"_links":{"self":[{"href":"https:\/\/ceoparts.com\/tr\/wp-json\/wp\/v2\/product\/17528","targetHints":{"allow":["GET"]}}],"collection":[{"href":"https:\/\/ceoparts.com\/tr\/wp-json\/wp\/v2\/product"}],"about":[{"href":"https:\/\/ceoparts.com\/tr\/wp-json\/wp\/v2\/types\/product"}],"wp:featuredmedia":[{"embeddable":true,"href":"https:\/\/ceoparts.com\/tr\/wp-json\/wp\/v2\/media\/17532"}],"wp:attachment":[{"href":"https:\/\/ceoparts.com\/tr\/wp-json\/wp\/v2\/media?parent=17528"}],"wp:term":[{"taxonomy":"product_brand","embeddable":true,"href":"https:\/\/ceoparts.com\/tr\/wp-json\/wp\/v2\/product_brand?post=17528"},{"taxonomy":"product_cat","embeddable":true,"href":"https:\/\/ceoparts.com\/tr\/wp-json\/wp\/v2\/product_cat?post=17528"},{"taxonomy":"product_tag","embeddable":true,"href":"https:\/\/ceoparts.com\/tr\/wp-json\/wp\/v2\/product_tag?post=17528"}],"curies":[{"name":"wp","href":"https:\/\/api.w.org\/{rel}","templated":true}]}}