{"id":17533,"date":"2025-07-09T17:25:32","date_gmt":"2025-07-09T14:25:32","guid":{"rendered":"https:\/\/ceoparts.com\/?post_type=product&#038;p=17533"},"modified":"2026-05-16T13:22:14","modified_gmt":"2026-05-16T10:22:14","slug":"kare-mekanizma-kucuk-segman","status":"publish","type":"product","link":"https:\/\/ceoparts.com\/tr\/urun\/kare-mekanizma-kucuk-segman\/","title":{"rendered":"Kare Mekanizma K\u00fc\u00e7\u00fck Segman"},"content":{"rendered":"<p>Kare Mekanizma K\u00fc\u00e7\u00fck Segman<\/p>","protected":false},"excerpt":{"rendered":"<p data-start=\"209\" data-end=\"509\">Kare yap\u0131l\u0131 mekanizmalarda mil veya yatak sabitlemesi i\u00e7in kullan\u0131lan bu k\u00fc\u00e7\u00fck segman, g\u00fcvenli ve dayan\u0131kl\u0131 bir ba\u011flant\u0131 eleman\u0131d\u0131r. Kompakt yap\u0131s\u0131 sayesinde dar alanlarda kolayl\u0131kla monte edilebilir. Yay \u00e7eli\u011finden \u00fcretilmi\u015f olup y\u00fcksek gerilme dayan\u0131m\u0131na sahiptir.<\/p>\n<p data-start=\"511\" data-end=\"717\"><strong data-start=\"511\" data-end=\"533\">Teknik \u00d6zellikler:<\/strong><br data-start=\"533\" data-end=\"536\" \/>\u2022 Tip: Kare mekanizma uyumlu<br data-start=\"564\" data-end=\"567\" \/>\u2022 Malzeme: Yay \u00e7eli\u011fi<br data-start=\"588\" data-end=\"591\" \/>\u2022 \u00d6zellik: Y\u00fcksek dayan\u0131kl\u0131l\u0131k, hassas uyum<br data-start=\"634\" data-end=\"637\" \/>\u2022 Kullan\u0131m Alan\u0131: End\u00fcstriyel makineler, otomasyon sistemleri, \u00f6zel mekanizmalar<\/p>\n","protected":false},"featured_media":17534,"template":"","meta":[],"product_brand":[],"product_cat":[470],"product_tag":[],"class_list":{"0":"post-17533","1":"product","2":"type-product","3":"status-publish","4":"has-post-thumbnail","6":"product_cat-diger-yedek-parcalar","8":"first","9":"instock","10":"taxable","11":"shipping-taxable","12":"purchasable","13":"product-type-simple"},"_links":{"self":[{"href":"https:\/\/ceoparts.com\/tr\/wp-json\/wp\/v2\/product\/17533","targetHints":{"allow":["GET"]}}],"collection":[{"href":"https:\/\/ceoparts.com\/tr\/wp-json\/wp\/v2\/product"}],"about":[{"href":"https:\/\/ceoparts.com\/tr\/wp-json\/wp\/v2\/types\/product"}],"wp:featuredmedia":[{"embeddable":true,"href":"https:\/\/ceoparts.com\/tr\/wp-json\/wp\/v2\/media\/17534"}],"wp:attachment":[{"href":"https:\/\/ceoparts.com\/tr\/wp-json\/wp\/v2\/media?parent=17533"}],"wp:term":[{"taxonomy":"product_brand","embeddable":true,"href":"https:\/\/ceoparts.com\/tr\/wp-json\/wp\/v2\/product_brand?post=17533"},{"taxonomy":"product_cat","embeddable":true,"href":"https:\/\/ceoparts.com\/tr\/wp-json\/wp\/v2\/product_cat?post=17533"},{"taxonomy":"product_tag","embeddable":true,"href":"https:\/\/ceoparts.com\/tr\/wp-json\/wp\/v2\/product_tag?post=17533"}],"curies":[{"name":"wp","href":"https:\/\/api.w.org\/{rel}","templated":true}]}}