{"id":17535,"date":"2025-07-09T17:29:29","date_gmt":"2025-07-09T14:29:29","guid":{"rendered":"https:\/\/ceoparts.com\/?post_type=product&#038;p=17535"},"modified":"2026-05-16T17:04:34","modified_gmt":"2026-05-16T14:04:34","slug":"kare-mekanizma-buyuk-segman-7703066040","status":"publish","type":"product","link":"https:\/\/ceoparts.com\/tr\/urun\/kare-mekanizma-buyuk-segman-7703066040\/","title":{"rendered":"Kare Mekanizma B\u00fcy\u00fck Segman &#8211; 7703066040"},"content":{"rendered":"<p>Kare Mekanizma B\u00fcy\u00fck Segman &#8211; 7703066040<\/p>","protected":false},"excerpt":{"rendered":"<p data-start=\"170\" data-end=\"483\">Kare yap\u0131l\u0131 mekanizmalarda kullan\u0131lan b\u00fcy\u00fck segman, mil ve yatak sabitlemesinde y\u00fcksek dayan\u0131kl\u0131l\u0131k sa\u011flar. Yay \u00e7eli\u011finden \u00fcretilmi\u015f olup, dar alanlarda kolay montaj i\u00e7in kompakt tasar\u0131ma sahiptir. End\u00fcstriyel makineler ve otomasyon sistemlerinde g\u00fcvenle kullan\u0131l\u0131r.<\/p>\n<p data-start=\"485\" data-end=\"719\"><strong data-start=\"485\" data-end=\"507\">Teknik \u00d6zellikler:<\/strong><br data-start=\"507\" data-end=\"510\" \/>\u2022 Tip: Kare mekanizmaya uyumlu b\u00fcy\u00fck segman<br data-start=\"553\" data-end=\"556\" \/>\u2022 Malzeme: Yay \u00e7eli\u011fi<br data-start=\"577\" data-end=\"580\" \/>\u2022 Par\u00e7a Kodu: 7703066040<br data-start=\"604\" data-end=\"607\" \/>\u2022 Kullan\u0131m: End\u00fcstriyel makineler, otomasyon, \u00f6zel mekanizmalar<br data-start=\"670\" data-end=\"673\" \/>\u2022 \u00d6zellikler: Y\u00fcksek dayan\u0131kl\u0131l\u0131k, hassas uyum<\/p>\n","protected":false},"featured_media":17536,"template":"","meta":[],"product_brand":[],"product_cat":[470],"product_tag":[],"class_list":{"0":"post-17535","1":"product","2":"type-product","3":"status-publish","4":"has-post-thumbnail","6":"product_cat-diger-yedek-parcalar","8":"first","9":"instock","10":"taxable","11":"shipping-taxable","12":"purchasable","13":"product-type-simple"},"_links":{"self":[{"href":"https:\/\/ceoparts.com\/tr\/wp-json\/wp\/v2\/product\/17535","targetHints":{"allow":["GET"]}}],"collection":[{"href":"https:\/\/ceoparts.com\/tr\/wp-json\/wp\/v2\/product"}],"about":[{"href":"https:\/\/ceoparts.com\/tr\/wp-json\/wp\/v2\/types\/product"}],"wp:featuredmedia":[{"embeddable":true,"href":"https:\/\/ceoparts.com\/tr\/wp-json\/wp\/v2\/media\/17536"}],"wp:attachment":[{"href":"https:\/\/ceoparts.com\/tr\/wp-json\/wp\/v2\/media?parent=17535"}],"wp:term":[{"taxonomy":"product_brand","embeddable":true,"href":"https:\/\/ceoparts.com\/tr\/wp-json\/wp\/v2\/product_brand?post=17535"},{"taxonomy":"product_cat","embeddable":true,"href":"https:\/\/ceoparts.com\/tr\/wp-json\/wp\/v2\/product_cat?post=17535"},{"taxonomy":"product_tag","embeddable":true,"href":"https:\/\/ceoparts.com\/tr\/wp-json\/wp\/v2\/product_tag?post=17535"}],"curies":[{"name":"wp","href":"https:\/\/api.w.org\/{rel}","templated":true}]}}