{"id":17546,"date":"2025-07-17T15:51:13","date_gmt":"2025-07-17T12:51:13","guid":{"rendered":"https:\/\/ceoparts.com\/?post_type=product&#038;p=17546"},"modified":"2026-05-16T13:21:52","modified_gmt":"2026-05-16T10:21:52","slug":"85x60-65-12-blickle-yuk-tekeri-0039903512","status":"publish","type":"product","link":"https:\/\/ceoparts.com\/tr\/urun\/85x60-65-12-blickle-yuk-tekeri-0039903512\/","title":{"rendered":"85&#215;60\/65-12 Blickle Y\u00fck Tekeri &#8211; 0039903512"},"content":{"rendered":"<p>85&#215;60\/65-12 Blickle Y\u00fck Tekeri &#8211; 0039903512<\/p>\n<p>Linde 0039903512\u00a0\u00a0 85&#215;60\/65-12<\/p>\n<p>132\u00a0N20\/N24\/N20L\/N20LI<\/p>\n<p>133\u00a0L12\/L14-L12L\/L14L-L12LHP<\/p>\n<p>139\u00a0L12\/16R<\/p>\n<p>141\u00a0L12L\/L12LP<\/p>\n<p>149\u00a0N20\/N25\/N20L\/LI\/LX<br \/>\n149\u00a0N20V-N20VI<\/p>\n<p>360\u00a0T16\/T18\/T20\/T16L<\/p>\n<p>365\u00a0L14\/16\/L14AP\/16AP<\/p>\n<p>372\u00a0L14\/16<br \/>\n372\u00a0L14\/16\/L14AP\/16AP<\/p>\n<p>377\u00a0N20\/N20H<\/p>\n<p>379\u00a0L10\/12-L10\/12AS<\/p>\n<p>1110\u00a0V08-01\/V08-02<\/p>\n<p>1111\u00a0N20VI &#8211; N20VLI<\/p>\n<p>1152\u00a0T16\/T18\/T20\/T16L<\/p>\n<p>1172\u00a0L10\/L12\/L12i<\/p>","protected":false},"excerpt":{"rendered":"<p data-start=\"174\" data-end=\"543\">Bu kompakt ve y\u00fcksek kaliteli y\u00fck tekeri, Blickle markas\u0131n\u0131n end\u00fcstriyel ta\u015f\u0131ma \u00e7\u00f6z\u00fcmlerindeki g\u00fcvenilirli\u011fini yans\u0131tmaktad\u0131r. 85 mm \u00e7ap, 60\/65 mm geni\u015flik ve 12 mm yatak \u00e7ap\u0131yla, dar alanlarda sessiz ve dengeli bir hareket sa\u011flar. A\u015f\u0131nmaya kar\u015f\u0131 dayan\u0131kl\u0131 poli\u00fcretan kaplama sayesinde uzun \u00f6m\u00fcrl\u00fcd\u00fcr ve zemin dostudur.<\/p>\n<p data-start=\"545\" data-end=\"810\"><strong data-start=\"545\" data-end=\"567\">Teknik \u00d6zellikler:<\/strong><br data-start=\"567\" data-end=\"570\" \/>\u2022 \u00d6l\u00e7\u00fcler: 85&#215;60\/65-12 mm<br data-start=\"595\" data-end=\"598\" \/>\u2022 Malzeme: Y\u00fcksek dayan\u0131ml\u0131 poli\u00fcretan<br data-start=\"636\" data-end=\"639\" \/>\u2022 Marka: Blickle<br data-start=\"655\" data-end=\"658\" \/>\u2022 Par\u00e7a Kodu: 0039903512<br data-start=\"682\" data-end=\"685\" \/>\u2022 Kullan\u0131m Alan\u0131: Forklift ve end\u00fcstriyel ta\u015f\u0131ma sistemleri<br data-start=\"744\" data-end=\"747\" \/>\u2022 \u00d6zellikler: Sessiz \u00e7al\u0131\u015fma, y\u00fcksek dayan\u0131kl\u0131l\u0131k, zemin koruma<\/p>\n","protected":false},"featured_media":17550,"template":"","meta":[],"product_brand":[],"product_cat":[500,246,248,400],"product_tag":[],"class_list":{"0":"post-17546","1":"product","2":"type-product","3":"status-publish","4":"has-post-thumbnail","6":"product_cat-catal-tekeri-blickle","7":"product_cat-linde","8":"product_cat-catal-tekeri-linde","9":"product_cat-catal-tekeri","11":"first","12":"instock","13":"taxable","14":"shipping-taxable","15":"purchasable","16":"product-type-simple"},"_links":{"self":[{"href":"https:\/\/ceoparts.com\/tr\/wp-json\/wp\/v2\/product\/17546","targetHints":{"allow":["GET"]}}],"collection":[{"href":"https:\/\/ceoparts.com\/tr\/wp-json\/wp\/v2\/product"}],"about":[{"href":"https:\/\/ceoparts.com\/tr\/wp-json\/wp\/v2\/types\/product"}],"wp:featuredmedia":[{"embeddable":true,"href":"https:\/\/ceoparts.com\/tr\/wp-json\/wp\/v2\/media\/17550"}],"wp:attachment":[{"href":"https:\/\/ceoparts.com\/tr\/wp-json\/wp\/v2\/media?parent=17546"}],"wp:term":[{"taxonomy":"product_brand","embeddable":true,"href":"https:\/\/ceoparts.com\/tr\/wp-json\/wp\/v2\/product_brand?post=17546"},{"taxonomy":"product_cat","embeddable":true,"href":"https:\/\/ceoparts.com\/tr\/wp-json\/wp\/v2\/product_cat?post=17546"},{"taxonomy":"product_tag","embeddable":true,"href":"https:\/\/ceoparts.com\/tr\/wp-json\/wp\/v2\/product_tag?post=17546"}],"curies":[{"name":"wp","href":"https:\/\/api.w.org\/{rel}","templated":true}]}}