{"id":17551,"date":"2025-07-17T16:27:53","date_gmt":"2025-07-17T13:27:53","guid":{"rendered":"https:\/\/ceoparts.com\/?post_type=product&#038;p=17551"},"modified":"2026-05-16T18:40:55","modified_gmt":"2026-05-16T15:40:55","slug":"85x80-85-12-blickle-yuk-tekeri-0039933603","status":"publish","type":"product","link":"https:\/\/ceoparts.com\/tr\/urun\/85x80-85-12-blickle-yuk-tekeri-0039933603\/","title":{"rendered":"85&#215;80\/85-12 Blickle Y\u00fck Tekeri &#8211; 0039933603"},"content":{"rendered":"<p>85&#215;80\/85-12 Blickle Y\u00fck Tekeri &#8211; 0039933603<\/p>\n<p>85\u00d780\/85-12\u00a0 Linde 0039933603<\/p>\n<p>131\u00a0T20AP\/T20SP<br \/>\n131\u00a0T30<br \/>\n131\u00a0L14\/16AS<br \/>\n131-26\u00a0T20\/30 Ex \u2013 Zone1, 2 (2G, 3G)<\/p>\n<p>132\u00a0N20\/N24\/N20L\/N20LI<\/p>\n<p>140\u00a0T20R<\/p>\n<p>141\u00a0T20AP<br \/>\n141\u00a0T20\/30<\/p>\n<p>144\u00a0T20S\/T20SF<\/p>\n<p>145\u00a0N20N<\/p>\n<p>149\u00a0N20\/N25\/N20L\/LI\/LX<br \/>\n149\u00a0N20V-N20VI<\/p>\n<p>360\u00a0T16\/T18\/T20<br \/>\n360\u00a0T16\/T18\/T20\/T16L<\/p>\n<p>1111\u00a0N20VI \u2013 N20VLI<\/p>\n<p>1152\u00a0T16\/T18\/T20\/T16L<\/p>","protected":false},"excerpt":{"rendered":"<p data-start=\"174\" data-end=\"543\">Bu kompakt ve dayan\u0131kl\u0131 Blickle y\u00fck tekeri, a\u011f\u0131r hizmet tipi end\u00fcstriyel uygulamalar i\u00e7in tasarlanm\u0131\u015ft\u0131r. 85 mm geni\u015flik ve 80\/85 mm d\u0131\u015f \u00e7apa sahip olan bu model, 12 mm yatak \u00e7ap\u0131yla y\u00fcksek performansl\u0131 ve sessiz \u00e7al\u0131\u015fmay\u0131 garanti eder. A\u015f\u0131nmaya kar\u015f\u0131 diren\u00e7li poli\u00fcretan kaplamas\u0131 sayesinde uzun \u00f6m\u00fcrl\u00fc kullan\u0131m sunar.<\/p>\n<p data-start=\"545\" data-end=\"790\"><strong data-start=\"545\" data-end=\"567\">Teknik \u00d6zellikler:<\/strong><br data-start=\"567\" data-end=\"570\" \/>\u2022 \u00d6l\u00e7\u00fcler: 85\u00d780\/85-12 mm<br data-start=\"595\" data-end=\"598\" \/>\u2022 Malzeme: A\u015f\u0131nmaya dayan\u0131kl\u0131 poli\u00fcretan<br data-start=\"638\" data-end=\"641\" \/>\u2022 Marka: Blickle<br data-start=\"657\" data-end=\"660\" \/>\u2022 Par\u00e7a Kodu: 0039933603<br data-start=\"684\" data-end=\"687\" \/>\u2022 Kullan\u0131m Alan\u0131: End\u00fcstriyel y\u00fck ta\u015f\u0131ma sistemleri<br data-start=\"738\" data-end=\"741\" \/>\u2022 \u00d6zellikler: Sessiz \u00e7al\u0131\u015fma, y\u00fcksek dayan\u0131kl\u0131l\u0131k<\/p>\n","protected":false},"featured_media":17553,"template":"","meta":[],"product_brand":[],"product_cat":[246,248,400,500],"product_tag":[],"class_list":{"0":"post-17551","1":"product","2":"type-product","3":"status-publish","4":"has-post-thumbnail","6":"product_cat-linde","7":"product_cat-catal-tekeri-linde","8":"product_cat-catal-tekeri","9":"product_cat-catal-tekeri-blickle","11":"first","12":"instock","13":"taxable","14":"shipping-taxable","15":"purchasable","16":"product-type-simple"},"_links":{"self":[{"href":"https:\/\/ceoparts.com\/tr\/wp-json\/wp\/v2\/product\/17551","targetHints":{"allow":["GET"]}}],"collection":[{"href":"https:\/\/ceoparts.com\/tr\/wp-json\/wp\/v2\/product"}],"about":[{"href":"https:\/\/ceoparts.com\/tr\/wp-json\/wp\/v2\/types\/product"}],"wp:featuredmedia":[{"embeddable":true,"href":"https:\/\/ceoparts.com\/tr\/wp-json\/wp\/v2\/media\/17553"}],"wp:attachment":[{"href":"https:\/\/ceoparts.com\/tr\/wp-json\/wp\/v2\/media?parent=17551"}],"wp:term":[{"taxonomy":"product_brand","embeddable":true,"href":"https:\/\/ceoparts.com\/tr\/wp-json\/wp\/v2\/product_brand?post=17551"},{"taxonomy":"product_cat","embeddable":true,"href":"https:\/\/ceoparts.com\/tr\/wp-json\/wp\/v2\/product_cat?post=17551"},{"taxonomy":"product_tag","embeddable":true,"href":"https:\/\/ceoparts.com\/tr\/wp-json\/wp\/v2\/product_tag?post=17551"}],"curies":[{"name":"wp","href":"https:\/\/api.w.org\/{rel}","templated":true}]}}