{"id":17567,"date":"2025-07-18T09:01:57","date_gmt":"2025-07-18T06:01:57","guid":{"rendered":"https:\/\/ceoparts.com\/?post_type=product&#038;p=17567"},"modified":"2026-05-03T13:53:13","modified_gmt":"2026-05-03T10:53:13","slug":"100x40-15-blickle-denge-tekeri-51058754","status":"publish","type":"product","link":"https:\/\/ceoparts.com\/tr\/urun\/100x40-15-blickle-denge-tekeri-51058754\/","title":{"rendered":"100&#215;40-15 Blickle Denge Tekeri &#8211; 51058754"},"content":{"rendered":"<p>100&#215;40-15 Blickle Denge Tekeri &#8211; 51058754<\/p>\n<p>EGU 1600\/710215\/01-97<br \/>\nEGU-710115\/710117\/710119\/710125<br \/>\nEGU-H-710201<br \/>\nEGU 14\/710114\/11-97<br \/>\nEGU 16\/710116\/02-97<br \/>\nEGU 18\/710118\/02-97<br \/>\nEGU 20-S\/710123\/11-97<br \/>\nEGU 20\/710122\/08-97<\/p>","protected":false},"excerpt":{"rendered":"<p data-start=\"244\" data-end=\"586\">Blickle markas\u0131na ait bu denge tekeri, istif makineleri ve ta\u015f\u0131ma ekipmanlar\u0131 i\u00e7in ideal denge deste\u011fi sa\u011flar. Y\u00fcksek kaliteli poli\u00fcretan malzemesi sayesinde sessiz \u00e7al\u0131\u015fma, darbe emici \u00f6zellik ve uzun \u00f6m\u00fcrl\u00fc kullan\u0131m sunar. Zemin dostu yap\u0131s\u0131yla hassas y\u00fczeylerde dahi sorunsuz kullan\u0131labilir.<\/p>\n<p data-start=\"588\" data-end=\"822\"><strong data-start=\"588\" data-end=\"610\">Teknik \u00d6zellikler:<\/strong><br data-start=\"610\" data-end=\"613\" \/>\u2022 \u00d6l\u00e7\u00fc: 100&#215;40-15<br data-start=\"630\" data-end=\"633\" \/>\u2022 Malzeme: Poli\u00fcretan (PU)<br data-start=\"659\" data-end=\"662\" \/>\u2022 Marka: Blickle<br data-start=\"678\" data-end=\"681\" \/>\u2022 Par\u00e7a Kodu: 51058754<br data-start=\"703\" data-end=\"706\" \/>\u2022 Kullan\u0131m Alan\u0131: Denge tekeri olarak ta\u015f\u0131ma ara\u00e7lar\u0131nda<br data-start=\"762\" data-end=\"765\" \/>\u2022 \u00d6zellikler: Sessiz \u00e7al\u0131\u015fma, y\u00fcksek dayan\u0131m, zemin dostu<\/p>\n","protected":false},"featured_media":17569,"template":"","meta":[],"product_brand":[],"product_cat":[501,185],"product_tag":[],"class_list":{"0":"post-17567","1":"product","2":"type-product","3":"status-publish","4":"has-post-thumbnail","6":"product_cat-denge-tekeri-blickle","7":"product_cat-denge-tekeri","9":"first","10":"instock","11":"taxable","12":"shipping-taxable","13":"purchasable","14":"product-type-simple"},"_links":{"self":[{"href":"https:\/\/ceoparts.com\/tr\/wp-json\/wp\/v2\/product\/17567","targetHints":{"allow":["GET"]}}],"collection":[{"href":"https:\/\/ceoparts.com\/tr\/wp-json\/wp\/v2\/product"}],"about":[{"href":"https:\/\/ceoparts.com\/tr\/wp-json\/wp\/v2\/types\/product"}],"wp:featuredmedia":[{"embeddable":true,"href":"https:\/\/ceoparts.com\/tr\/wp-json\/wp\/v2\/media\/17569"}],"wp:attachment":[{"href":"https:\/\/ceoparts.com\/tr\/wp-json\/wp\/v2\/media?parent=17567"}],"wp:term":[{"taxonomy":"product_brand","embeddable":true,"href":"https:\/\/ceoparts.com\/tr\/wp-json\/wp\/v2\/product_brand?post=17567"},{"taxonomy":"product_cat","embeddable":true,"href":"https:\/\/ceoparts.com\/tr\/wp-json\/wp\/v2\/product_cat?post=17567"},{"taxonomy":"product_tag","embeddable":true,"href":"https:\/\/ceoparts.com\/tr\/wp-json\/wp\/v2\/product_tag?post=17567"}],"curies":[{"name":"wp","href":"https:\/\/api.w.org\/{rel}","templated":true}]}}