{"id":17579,"date":"2025-07-18T14:34:31","date_gmt":"2025-07-18T11:34:31","guid":{"rendered":"https:\/\/ceoparts.com\/?post_type=product&#038;p=17579"},"modified":"2026-05-16T15:09:32","modified_gmt":"2026-05-16T12:09:32","slug":"310x102-40-stellana-vulkollan-yuk-tekeri-8365302","status":"publish","type":"product","link":"https:\/\/ceoparts.com\/tr\/urun\/310x102-40-stellana-vulkollan-yuk-tekeri-8365302\/","title":{"rendered":"310&#215;102-40 Stellana Vulkollan Y\u00fck Tekeri &#8211; 8365302"},"content":{"rendered":"<p>310&#215;102-40 Stellana Vulkollan Y\u00fck Tekeri &#8211; 8365302<\/p>","protected":false},"excerpt":{"rendered":"<p data-start=\"184\" data-end=\"571\">Stellana markas\u0131na ait bu Vulkollan y\u00fck tekeri, y\u00fcksek ta\u015f\u0131ma kapasitesi ve a\u015f\u0131nma direnci ile a\u011f\u0131r hizmet uygulamalar\u0131 i\u00e7in \u00f6zel olarak tasarlanm\u0131\u015ft\u0131r. Vulkollan malzeme sayesinde sessiz \u00e7al\u0131\u015fma, titre\u015fim azaltma ve uzun \u00f6m\u00fcrl\u00fc kullan\u0131m sa\u011flar. End\u00fcstriyel ta\u015f\u0131ma sistemleri ve forklift uygulamalar\u0131nda maksimum performans sunar.<\/p>\n<p data-start=\"573\" data-end=\"816\"><strong data-start=\"573\" data-end=\"595\">Teknik \u00d6zellikler:<\/strong><br data-start=\"595\" data-end=\"598\" \/>\u2022 \u00d6l\u00e7\u00fc: 310\u00d7102-40<br data-start=\"616\" data-end=\"619\" \/>\u2022 Malzeme: Vulkollan<br data-start=\"639\" data-end=\"642\" \/>\u2022 Marka: Stellana<br data-start=\"659\" data-end=\"662\" \/>\u2022 Par\u00e7a Kodu: 8365302<br data-start=\"683\" data-end=\"686\" \/>\u2022 Kullan\u0131m Alan\u0131: Y\u00fck ta\u015f\u0131ma sistemleri, forkliftler<br data-start=\"738\" data-end=\"741\" \/>\u2022 \u00d6zellikler: Y\u00fcksek dayan\u0131kl\u0131l\u0131k, sessiz ve titre\u015fimsiz \u00e7al\u0131\u015fma, uzun \u00f6m\u00fcr<\/p>\n","protected":false},"featured_media":17587,"template":"","meta":[],"product_brand":[],"product_cat":[419,416,194],"product_tag":[],"class_list":{"0":"post-17579","1":"product","2":"type-product","3":"status-publish","4":"has-post-thumbnail","6":"product_cat-yuk-tekeri-stellana","7":"product_cat-stellana","8":"product_cat-yuk-tekeri","10":"first","11":"instock","12":"taxable","13":"shipping-taxable","14":"purchasable","15":"product-type-simple"},"_links":{"self":[{"href":"https:\/\/ceoparts.com\/tr\/wp-json\/wp\/v2\/product\/17579","targetHints":{"allow":["GET"]}}],"collection":[{"href":"https:\/\/ceoparts.com\/tr\/wp-json\/wp\/v2\/product"}],"about":[{"href":"https:\/\/ceoparts.com\/tr\/wp-json\/wp\/v2\/types\/product"}],"wp:featuredmedia":[{"embeddable":true,"href":"https:\/\/ceoparts.com\/tr\/wp-json\/wp\/v2\/media\/17587"}],"wp:attachment":[{"href":"https:\/\/ceoparts.com\/tr\/wp-json\/wp\/v2\/media?parent=17579"}],"wp:term":[{"taxonomy":"product_brand","embeddable":true,"href":"https:\/\/ceoparts.com\/tr\/wp-json\/wp\/v2\/product_brand?post=17579"},{"taxonomy":"product_cat","embeddable":true,"href":"https:\/\/ceoparts.com\/tr\/wp-json\/wp\/v2\/product_cat?post=17579"},{"taxonomy":"product_tag","embeddable":true,"href":"https:\/\/ceoparts.com\/tr\/wp-json\/wp\/v2\/product_tag?post=17579"}],"curies":[{"name":"wp","href":"https:\/\/api.w.org\/{rel}","templated":true}]}}