{"id":17617,"date":"2025-07-19T12:31:44","date_gmt":"2025-07-19T09:31:44","guid":{"rendered":"https:\/\/ceoparts.com\/?post_type=product&#038;p=17617"},"modified":"2026-05-16T14:32:51","modified_gmt":"2026-05-16T11:32:51","slug":"343x114-90-stellana-vulkollan-yuruyus-tekeri-51331328-50262633","status":"publish","type":"product","link":"https:\/\/ceoparts.com\/tr\/urun\/343x114-90-stellana-vulkollan-yuruyus-tekeri-51331328-50262633\/","title":{"rendered":"343&#215;114-90 Stellana Vulkollan Y\u00fcr\u00fcy\u00fc\u015f Tekeri &#8211; 51331328, 50262633"},"content":{"rendered":"<p>343&#215;114-90 Stellana Vulkollan Y\u00fcr\u00fcy\u00fc\u015f Tekeri &#8211; 51331328, 50262633<\/p>\n<table border=\"0\" width=\"246\" cellspacing=\"0\" cellpadding=\"0\">\n<colgroup><\/colgroup>\n<colgroup>\n<col width=\"124\" \/>\n<col width=\"122\" \/><\/colgroup>\n<tbody>\n<tr>\n<td width=\"124\" height=\"20\">ETM\/V 214\/216<\/td>\n<td width=\"122\">12.03 \u2013<\/td>\n<\/tr>\n<tr>\n<td height=\"20\">ETM\/V 320\/325<\/td>\n<td>12.04 \u2013<\/td>\n<\/tr>\n<tr>\n<td height=\"20\">ETV 110\/112<\/td>\n<td>11.05 \u2013<\/td>\n<\/tr>\n<tr>\n<td height=\"20\">ETV 114\/116<\/td>\n<td>11.05 \u2013 11.11<\/td>\n<\/tr>\n<tr>\n<td height=\"20\">ETM\/V 214\/216<\/td>\n<td>9.11 \u2013<\/td>\n<\/tr>\n<\/tbody>\n<\/table>","protected":false},"excerpt":{"rendered":"<p data-start=\"268\" data-end=\"603\">Blickle markas\u0131na ait bu y\u00fcr\u00fcy\u00fc\u015f tekerleri, forkliftler ve end\u00fcstriyel ta\u015f\u0131ma ara\u00e7lar\u0131 i\u00e7in y\u00fcksek dayan\u0131kl\u0131l\u0131k ve uzun \u00f6m\u00fcr sunar. A\u015f\u0131nmaya kar\u015f\u0131 diren\u00e7li malzemesi sayesinde zorlu \u00e7al\u0131\u015fma ko\u015fullar\u0131na uygundur. Sessiz \u00e7al\u0131\u015fma ve y\u00fcksek ta\u015f\u0131ma kapasitesi ile \u00f6n plana \u00e7\u0131kar.<\/p>\n<p data-start=\"605\" data-end=\"842\"><strong data-start=\"605\" data-end=\"627\">Teknik \u00d6zellikler:<\/strong><br data-start=\"627\" data-end=\"630\" \/>\u2022 \u00d6l\u00e7\u00fc: 343&#215;114-90<br data-start=\"648\" data-end=\"651\" \/>\u2022 Marka: Blickle<br data-start=\"667\" data-end=\"670\" \/>\u2022 Par\u00e7a Kodlar\u0131: 51331328, 50262633<br data-start=\"705\" data-end=\"708\" \/>\u2022 Kullan\u0131m Alan\u0131: Forklift ve end\u00fcstriyel ta\u015f\u0131ma sistemleri<br data-start=\"767\" data-end=\"770\" \/>\u2022 \u00d6zellikler: Y\u00fcksek dayan\u0131kl\u0131l\u0131k, a\u015f\u0131nmaya kar\u015f\u0131 diren\u00e7, sessiz \u00e7al\u0131\u015fma<\/p>\n","protected":false},"featured_media":17622,"template":"","meta":[],"product_brand":[],"product_cat":[418,416,193],"product_tag":[],"class_list":{"0":"post-17617","1":"product","2":"type-product","3":"status-publish","4":"has-post-thumbnail","6":"product_cat-yuruyus-tekeri-stellana","7":"product_cat-stellana","8":"product_cat-yuruyus-tekeri","10":"first","11":"instock","12":"taxable","13":"shipping-taxable","14":"purchasable","15":"product-type-simple"},"_links":{"self":[{"href":"https:\/\/ceoparts.com\/tr\/wp-json\/wp\/v2\/product\/17617","targetHints":{"allow":["GET"]}}],"collection":[{"href":"https:\/\/ceoparts.com\/tr\/wp-json\/wp\/v2\/product"}],"about":[{"href":"https:\/\/ceoparts.com\/tr\/wp-json\/wp\/v2\/types\/product"}],"wp:featuredmedia":[{"embeddable":true,"href":"https:\/\/ceoparts.com\/tr\/wp-json\/wp\/v2\/media\/17622"}],"wp:attachment":[{"href":"https:\/\/ceoparts.com\/tr\/wp-json\/wp\/v2\/media?parent=17617"}],"wp:term":[{"taxonomy":"product_brand","embeddable":true,"href":"https:\/\/ceoparts.com\/tr\/wp-json\/wp\/v2\/product_brand?post=17617"},{"taxonomy":"product_cat","embeddable":true,"href":"https:\/\/ceoparts.com\/tr\/wp-json\/wp\/v2\/product_cat?post=17617"},{"taxonomy":"product_tag","embeddable":true,"href":"https:\/\/ceoparts.com\/tr\/wp-json\/wp\/v2\/product_tag?post=17617"}],"curies":[{"name":"wp","href":"https:\/\/api.w.org\/{rel}","templated":true}]}}