{"id":17632,"date":"2025-07-21T10:33:09","date_gmt":"2025-07-21T07:33:09","guid":{"rendered":"https:\/\/ceoparts.com\/?post_type=product&#038;p=17632"},"modified":"2026-05-17T22:44:02","modified_gmt":"2026-05-17T19:44:02","slug":"343x135-90-blickle-yuruyus-tekeri-0029903814","status":"publish","type":"product","link":"https:\/\/ceoparts.com\/tr\/urun\/343x135-90-blickle-yuruyus-tekeri-0029903814\/","title":{"rendered":"343&#215;135-90 Blickle Y\u00fcr\u00fcy\u00fc\u015f Tekeri &#8211; 0029903814"},"content":{"rendered":"<p>343&#215;135-90 Blickle Y\u00fcr\u00fcy\u00fc\u015f Tekeri &#8211; 0029903814<\/p>\n<p>115C-11\u00a0R10C\/12C\/14C-11<br \/>\n115-12\u00a0R14\/14G\/16\/16G\/20\/20G-12<br \/>\n115-03\u00a0R14\/R16\/R20-03<br \/>\n115C-03\u00a0R10C\/R12C\/R14C-03<br \/>\n116-03\u00a0R14X\/R16X\/R17X\/R17XHD-03<br \/>\n116-02\u00a0R14X\/R16X\/R17X\/R17XHD<\/p>","protected":false},"excerpt":{"rendered":"<p data-start=\"246\" data-end=\"556\">Blickle markas\u0131n\u0131n bu y\u00fcr\u00fcy\u00fc\u015f tekeri, forklift ve end\u00fcstriyel ta\u015f\u0131ma ara\u00e7lar\u0131 i\u00e7in tasarlanm\u0131\u015ft\u0131r. Dayan\u0131kl\u0131 yap\u0131s\u0131, a\u015f\u0131nmaya kar\u015f\u0131 y\u00fcksek diren\u00e7 sa\u011flar ve uzun \u00f6m\u00fcrl\u00fc kullan\u0131m sunar. Y\u00fcksek ta\u015f\u0131ma kapasitesi ve sessiz \u00e7al\u0131\u015fma \u00f6zellikleri ile tercih edilir.<\/p>\n<p data-start=\"558\" data-end=\"776\"><strong data-start=\"558\" data-end=\"580\">Teknik \u00d6zellikler:<\/strong><br data-start=\"580\" data-end=\"583\" \/>\u2022 \u00d6l\u00e7\u00fc: 343\u00d7135-90<br data-start=\"601\" data-end=\"604\" \/>\u2022 Marka: Blickle<br data-start=\"620\" data-end=\"623\" \/>\u2022 Par\u00e7a Kodu: 0029903814<br data-start=\"647\" data-end=\"650\" \/>\u2022 Kullan\u0131m Alan\u0131: Forklift ve end\u00fcstriyel ta\u015f\u0131ma sistemleri<br data-start=\"709\" data-end=\"712\" \/>\u2022 \u00d6zellik: Y\u00fcksek dayan\u0131m, a\u015f\u0131nmaya kar\u015f\u0131 diren\u00e7, sessiz \u00e7al\u0131\u015fma<\/p>\n","protected":false},"featured_media":17633,"template":"","meta":[],"product_brand":[],"product_cat":[503,193],"product_tag":[],"class_list":{"0":"post-17632","1":"product","2":"type-product","3":"status-publish","4":"has-post-thumbnail","6":"product_cat-yuruyus-tekeri-blickle","7":"product_cat-yuruyus-tekeri","9":"first","10":"instock","11":"taxable","12":"shipping-taxable","13":"purchasable","14":"product-type-simple"},"_links":{"self":[{"href":"https:\/\/ceoparts.com\/tr\/wp-json\/wp\/v2\/product\/17632","targetHints":{"allow":["GET"]}}],"collection":[{"href":"https:\/\/ceoparts.com\/tr\/wp-json\/wp\/v2\/product"}],"about":[{"href":"https:\/\/ceoparts.com\/tr\/wp-json\/wp\/v2\/types\/product"}],"wp:featuredmedia":[{"embeddable":true,"href":"https:\/\/ceoparts.com\/tr\/wp-json\/wp\/v2\/media\/17633"}],"wp:attachment":[{"href":"https:\/\/ceoparts.com\/tr\/wp-json\/wp\/v2\/media?parent=17632"}],"wp:term":[{"taxonomy":"product_brand","embeddable":true,"href":"https:\/\/ceoparts.com\/tr\/wp-json\/wp\/v2\/product_brand?post=17632"},{"taxonomy":"product_cat","embeddable":true,"href":"https:\/\/ceoparts.com\/tr\/wp-json\/wp\/v2\/product_cat?post=17632"},{"taxonomy":"product_tag","embeddable":true,"href":"https:\/\/ceoparts.com\/tr\/wp-json\/wp\/v2\/product_tag?post=17632"}],"curies":[{"name":"wp","href":"https:\/\/api.w.org\/{rel}","templated":true}]}}