{"id":17659,"date":"2025-07-22T10:04:43","date_gmt":"2025-07-22T07:04:43","guid":{"rendered":"https:\/\/ceoparts.com\/?post_type=product&#038;p=17659"},"modified":"2026-05-16T12:13:23","modified_gmt":"2026-05-16T09:13:23","slug":"343x135-80-blickle-yuruyus-tekeri-9815054219","status":"publish","type":"product","link":"https:\/\/ceoparts.com\/tr\/urun\/343x135-80-blickle-yuruyus-tekeri-9815054219\/","title":{"rendered":"343&#215;135-80 Blickle Y\u00fcr\u00fcy\u00fc\u015f Tekeri &#8211; 9815054219"},"content":{"rendered":"<p>343&#215;135-80 Blickle Y\u00fcr\u00fcy\u00fc\u015f Tekeri &#8211; 9815054219<\/p>\n<p>115-02\u00a0R14\/R16\/R20-02<br \/>\n115C-02\u00a0R10C\/R12C\/R14C-02<br \/>\n116\u00a0R14X\/R16X\/R17X\/R17XHD<\/p>","protected":false},"excerpt":{"rendered":"<p data-start=\"268\" data-end=\"575\">Blickle markas\u0131na ait bu y\u00fcr\u00fcy\u00fc\u015f tekeri, end\u00fcstriyel ara\u00e7lar ve forklift uygulamalar\u0131 i\u00e7in y\u00fcksek dayan\u0131m sunar. A\u015f\u0131nmaya kar\u015f\u0131 diren\u00e7li yap\u0131s\u0131 sayesinde uzun \u00f6m\u00fcrl\u00fc performans sa\u011flar. Y\u00fcksek ta\u015f\u0131ma kapasitesi ve sessiz \u00e7al\u0131\u015fma \u00f6zellikleri ile \u00f6ne \u00e7\u0131kar.<\/p>\n<p data-start=\"577\" data-end=\"802\"><strong data-start=\"577\" data-end=\"599\">Teknik \u00d6zellikler:<\/strong><br data-start=\"599\" data-end=\"602\" \/>\u2022 \u00d6l\u00e7\u00fc: 343\u00d7135-80<br data-start=\"620\" data-end=\"623\" \/>\u2022 Marka: Blickle<br data-start=\"639\" data-end=\"642\" \/>\u2022 Par\u00e7a Kodu: 9815054219<br data-start=\"666\" data-end=\"669\" \/>\u2022 Kullan\u0131m Alan\u0131: Forkliftler ve end\u00fcstriyel ta\u015f\u0131ma sistemleri<br data-start=\"731\" data-end=\"734\" \/>\u2022 \u00d6zellikler: A\u015f\u0131nmaya dayan\u0131kl\u0131, sessiz ve y\u00fcksek ta\u015f\u0131ma kapasiteli<\/p>\n","protected":false},"featured_media":17702,"template":"","meta":[],"product_brand":[],"product_cat":[503,193],"product_tag":[],"class_list":{"0":"post-17659","1":"product","2":"type-product","3":"status-publish","4":"has-post-thumbnail","6":"product_cat-yuruyus-tekeri-blickle","7":"product_cat-yuruyus-tekeri","9":"first","10":"instock","11":"taxable","12":"shipping-taxable","13":"purchasable","14":"product-type-simple"},"_links":{"self":[{"href":"https:\/\/ceoparts.com\/tr\/wp-json\/wp\/v2\/product\/17659","targetHints":{"allow":["GET"]}}],"collection":[{"href":"https:\/\/ceoparts.com\/tr\/wp-json\/wp\/v2\/product"}],"about":[{"href":"https:\/\/ceoparts.com\/tr\/wp-json\/wp\/v2\/types\/product"}],"wp:featuredmedia":[{"embeddable":true,"href":"https:\/\/ceoparts.com\/tr\/wp-json\/wp\/v2\/media\/17702"}],"wp:attachment":[{"href":"https:\/\/ceoparts.com\/tr\/wp-json\/wp\/v2\/media?parent=17659"}],"wp:term":[{"taxonomy":"product_brand","embeddable":true,"href":"https:\/\/ceoparts.com\/tr\/wp-json\/wp\/v2\/product_brand?post=17659"},{"taxonomy":"product_cat","embeddable":true,"href":"https:\/\/ceoparts.com\/tr\/wp-json\/wp\/v2\/product_cat?post=17659"},{"taxonomy":"product_tag","embeddable":true,"href":"https:\/\/ceoparts.com\/tr\/wp-json\/wp\/v2\/product_tag?post=17659"}],"curies":[{"name":"wp","href":"https:\/\/api.w.org\/{rel}","templated":true}]}}